{"id":142,"date":"2025-04-08T13:36:33","date_gmt":"2025-04-08T13:36:33","guid":{"rendered":"https:\/\/coinwindows.com\/?page_id=142"},"modified":"2025-04-09T07:46:52","modified_gmt":"2025-04-09T07:46:52","slug":"fabricante-cortinas-de-cristal-costa-del-sol","status":"publish","type":"page","link":"https:\/\/coinwindows.com\/de\/fabricante-cortinas-de-cristal-costa-del-sol\/","title":{"rendered":"Glasvorh\u00e4nge"},"content":{"rendered":"<div data-elementor-type=\"wp-page\" data-elementor-id=\"142\" class=\"elementor elementor-142\" data-elementor-post-type=\"page\">\n\t\t\t\t<div class=\"elementor-element elementor-element-79337ab3 e-flex e-con-boxed e-con e-parent\" data-id=\"79337ab3\" data-element_type=\"container\">\n\t\t\t\t\t<div class=\"e-con-inner\">\n\t\t\t\t<div class=\"elementor-element elementor-element-194f2976 elementor-widget elementor-widget-heading\" data-id=\"194f2976\" data-element_type=\"widget\" data-widget_type=\"heading.default\">\n\t\t\t\t<div class=\"elementor-widget-container\">\n\t\t\t\t\t<h1 class=\"elementor-heading-title elementor-size-default\">Ma\u00dfgeschneiderte Glasvorh\u00e4nge<\/h1>\t\t\t\t<\/div>\n\t\t\t\t<\/div>\n\t\t\t\t<div class=\"elementor-element elementor-element-47d860d6 elementor-widget-divider--view-line elementor-widget elementor-widget-divider\" data-id=\"47d860d6\" data-element_type=\"widget\" data-widget_type=\"divider.default\">\n\t\t\t\t<div class=\"elementor-widget-container\">\n\t\t\t\t\t\t\t<div class=\"elementor-divider\">\n\t\t\t<span class=\"elementor-divider-separator\">\n\t\t\t\t\t\t<\/span>\n\t\t<\/div>\n\t\t\t\t\t\t<\/div>\n\t\t\t\t<\/div>\n\t\t\t\t<div class=\"elementor-element elementor-element-647280b7 elementor-widget__width-initial elementor-widget-tablet__width-initial elementor-widget elementor-widget-heading\" data-id=\"647280b7\" data-element_type=\"widget\" data-widget_type=\"heading.default\">\n\t\t\t\t<div class=\"elementor-widget-container\">\n\t\t\t\t\t<h5 class=\"elementor-heading-title elementor-size-default\">Bei Co\u00ednWindows haben wir uns modernen L\u00f6sungen verschrieben, die Eleganz, Funktionalit\u00e4t und Effizienz in jeden Raum bringen.<\/h5>\t\t\t\t<\/div>\n\t\t\t\t<\/div>\n\t\t\t\t\t<\/div>\n\t\t\t\t<\/div>\n\t\t<div class=\"elementor-element elementor-element-7e361ef8 e-flex e-con-boxed e-con e-parent\" data-id=\"7e361ef8\" data-element_type=\"container\" id=\"service1\">\n\t\t\t\t\t<div class=\"e-con-inner\">\n\t\t<div class=\"elementor-element elementor-element-132928fd e-con-full e-flex e-con e-child\" data-id=\"132928fd\" data-element_type=\"container\">\n\t\t\t\t<div class=\"elementor-element elementor-element-62b9e50a elementor-widget elementor-widget-heading\" data-id=\"62b9e50a\" data-element_type=\"widget\" data-widget_type=\"heading.default\">\n\t\t\t\t<div class=\"elementor-widget-container\">\n\t\t\t\t\t<h2 class=\"elementor-heading-title elementor-size-default\">Glasvorh\u00e4nge<\/h2>\t\t\t\t<\/div>\n\t\t\t\t<\/div>\n\t\t\t\t<div class=\"elementor-element elementor-element-7f0d478e elementor-widget elementor-widget-text-editor\" data-id=\"7f0d478e\" data-element_type=\"widget\" data-widget_type=\"text-editor.default\">\n\t\t\t\t<div class=\"elementor-widget-container\">\n\t\t\t\t\t\t\t\t\t<p class=\"\" data-start=\"0\" data-end=\"535\">Unsere Glasvorh\u00e4nge sind so konzipiert, dass sie sich auf nat\u00fcrliche Weise in Wohnungen, B\u00fcros, Gesch\u00e4fts- oder Freizeitr\u00e4ume einf\u00fcgen und eine einzigartige Kombination aus Transparenz, Isolierung und modernem Design bieten. Dank der Verwendung von geh\u00e4rtetem Sicherheitsglas und hochpr\u00e4zisen Systemen erreichen wir leichte, widerstandsf\u00e4hige und vollst\u00e4ndig ma\u00dfgeschneiderte Verkleidungen.<\/p><p class=\"\" data-start=\"537\" data-end=\"940\">Funktionelles und \u00e4sthetisches Design<br data-start=\"564\" data-end=\"567\" \/>Die Glasvorh\u00e4nge von Co\u00ednWindows passen sich an die bestehende Architektur an, ohne die \u00c4sthetik der Fassade zu ver\u00e4ndern. Sie sorgen f\u00fcr mehr Helligkeit, visuelle F\u00fclle und Verbindung mit dem Au\u00dfenbereich, ohne den Komfort zu beeintr\u00e4chtigen. Wir verwenden 6 oder 8 mm starkes geh\u00e4rtetes Sicherheitsglas, das Widerstandsf\u00e4higkeit und Schutz gegen St\u00f6\u00dfe, ung\u00fcnstige Wetterbedingungen und \u00e4u\u00dfere Einfl\u00fcsse bietet.<\/p><p class=\"\" data-start=\"942\" data-end=\"1366\">Unser System erm\u00f6glicht ein sanftes und leises Gleiten jedes Fl\u00fcgels dank getarnter und einstellbarer R\u00e4der. Dar\u00fcber hinaus verf\u00fcgt das System \u00fcber Mechanismen, die die Bedienung durch einen einzigen Fl\u00fcgel erleichtern und das vollst\u00e4ndige \u00d6ffnen oder Schlie\u00dfen mit einer einzigen Bewegung erm\u00f6glichen. Die v\u00f6llige Transparenz der \u00dcberdachung l\u00e4sst die Sicht frei, w\u00e4hrend die \u00dcberlappung der Fl\u00fcgel die Bel\u00fcftung und den Schutz vor Regen gew\u00e4hrleistet.<\/p><p class=\"\" data-start=\"1368\" data-end=\"1651\">Die Struktur besteht aus Profilen, die ein sauberes und unauff\u00e4lliges Finish bieten, mit integrierten Entl\u00fcftungsl\u00f6sungen in der unteren F\u00fchrung und einem oberen Rahmen, der Toleranzen von bis zu 20 mm zul\u00e4sst und so einen korrekten Betrieb auch bei strukturellen Setzungen gew\u00e4hrleistet.<\/p><p class=\"\" data-start=\"1653\" data-end=\"1835\">Bei Co\u00ednWindows wird jedes Projekt f\u00fcr Glasvorh\u00e4nge an den Raum und die Bed\u00fcrfnisse des Kunden angepasst, um L\u00f6sungen zu schaffen, die jeder Umgebung Wert, Komfort und Stil verleihen.<\/p>\t\t\t\t\t\t\t\t<\/div>\n\t\t\t\t<\/div>\n\t\t\t\t<\/div>\n\t\t<div class=\"elementor-element elementor-element-2f14ea25 e-con-full e-flex e-con e-child\" data-id=\"2f14ea25\" data-element_type=\"container\" data-settings=\"{&quot;background_background&quot;:&quot;classic&quot;}\">\n\t\t\t\t<\/div>\n\t\t\t\t\t<\/div>\n\t\t\t\t<\/div>\n\t\t<div class=\"elementor-element elementor-element-7868886 e-flex e-con-boxed e-con e-parent\" data-id=\"7868886\" data-element_type=\"container\">\n\t\t\t\t\t<div class=\"e-con-inner\">\n\t\t\t\t<div class=\"elementor-element elementor-element-40e9be10 elementor-widget elementor-widget-heading\" data-id=\"40e9be10\" data-element_type=\"widget\" data-widget_type=\"heading.default\">\n\t\t\t\t<div class=\"elementor-widget-container\">\n\t\t\t\t\t<h2 class=\"elementor-heading-title elementor-size-default\">Ma\u00dfgeschneiderte Fenster f\u00fcr sichereres, helleres und effizienteres Wohnen<\/h2>\t\t\t\t<\/div>\n\t\t\t\t<\/div>\n\t\t\t\t<div class=\"elementor-element elementor-element-9dc919a elementor-widget__width-initial elementor-widget elementor-widget-text-editor\" data-id=\"9dc919a\" data-element_type=\"widget\" data-widget_type=\"text-editor.default\">\n\t\t\t\t<div class=\"elementor-widget-container\">\n\t\t\t\t\t\t\t\t\t<p>Wir entwerfen und installieren qualitativ hochwertige Fenster, die die Sicherheit, Isolierung und \u00c4sthetik Ihres Hauses verbessern. Sprechen Sie mit unserem Team und entdecken Sie, wie Sie Ihre R\u00e4ume ver\u00e4ndern k\u00f6nnen.<\/p>\t\t\t\t\t\t\t\t<\/div>\n\t\t\t\t<\/div>\n\t\t\t\t<div class=\"elementor-element elementor-element-1d354ac1 elementor-align-center elementor-invisible elementor-widget elementor-widget-button\" data-id=\"1d354ac1\" data-element_type=\"widget\" data-settings=\"{&quot;_animation&quot;:&quot;fadeInDown&quot;}\" data-widget_type=\"button.default\">\n\t\t\t\t<div class=\"elementor-widget-container\">\n\t\t\t\t\t\t\t\t\t<div class=\"elementor-button-wrapper\">\n\t\t\t\t\t<a class=\"elementor-button elementor-button-link elementor-size-sm\" href=\"https:\/\/wa.me\/34621206049\">\n\t\t\t\t\t\t<span class=\"elementor-button-content-wrapper\">\n\t\t\t\t\t\t\t\t\t<span class=\"elementor-button-text\">Kontakt<\/span>\n\t\t\t\t\t<\/span>\n\t\t\t\t\t<\/a>\n\t\t\t\t<\/div>\n\t\t\t\t\t\t\t\t<\/div>\n\t\t\t\t<\/div>\n\t\t\t\t\t<\/div>\n\t\t\t\t<\/div>\n\t\t\t\t<\/div>","protected":false},"excerpt":{"rendered":"<p>Cortinas de Cristal a Medida En Co\u00ednWindows, apostamos por soluciones modernas que aporten elegancia, funcionalidad y eficiencia a cualquier espacio. [&hellip;]<\/p>","protected":false},"author":1,"featured_media":199,"parent":0,"menu_order":0,"comment_status":"closed","ping_status":"closed","template":"elementor_header_footer","meta":{"site-sidebar-layout":"default","site-content-layout":"","ast-site-content-layout":"","site-content-style":"default","site-sidebar-style":"default","ast-global-header-display":"","ast-banner-title-visibility":"","ast-main-header-display":"","ast-hfb-above-header-display":"","ast-hfb-below-header-display":"","ast-hfb-mobile-header-display":"","site-post-title":"","ast-breadcrumbs-content":"","ast-featured-img":"","footer-sml-layout":"","theme-transparent-header-meta":"","adv-header-id-meta":"","stick-header-meta":"","header-above-stick-meta":"","header-main-stick-meta":"","header-below-stick-meta":"","astra-migrate-meta-layouts":"default","ast-page-background-enabled":"default","ast-page-background-meta":{"desktop":{"background-color":"var(--ast-global-color-5)","background-image":"","background-repeat":"repeat","background-position":"center center","background-size":"auto","background-attachment":"scroll","background-type":"","background-media":"","overlay-type":"","overlay-color":"","overlay-opacity":"","overlay-gradient":""},"tablet":{"background-color":"","background-image":"","background-repeat":"repeat","background-position":"center center","background-size":"auto","background-attachment":"scroll","background-type":"","background-media":"","overlay-type":"","overlay-color":"","overlay-opacity":"","overlay-gradient":""},"mobile":{"background-color":"","background-image":"","background-repeat":"repeat","background-position":"center center","background-size":"auto","background-attachment":"scroll","background-type":"","background-media":"","overlay-type":"","overlay-color":"","overlay-opacity":"","overlay-gradient":""}},"ast-content-background-meta":{"desktop":{"background-color":"var(--ast-global-color-4)","background-image":"","background-repeat":"repeat","background-position":"center center","background-size":"auto","background-attachment":"scroll","background-type":"","background-media":"","overlay-type":"","overlay-color":"","overlay-opacity":"","overlay-gradient":""},"tablet":{"background-color":"var(--ast-global-color-4)","background-image":"","background-repeat":"repeat","background-position":"center center","background-size":"auto","background-attachment":"scroll","background-type":"","background-media":"","overlay-type":"","overlay-color":"","overlay-opacity":"","overlay-gradient":""},"mobile":{"background-color":"var(--ast-global-color-4)","background-image":"","background-repeat":"repeat","background-position":"center center","background-size":"auto","background-attachment":"scroll","background-type":"","background-media":"","overlay-type":"","overlay-color":"","overlay-opacity":"","overlay-gradient":""}},"footnotes":""},"class_list":["post-142","page","type-page","status-publish","has-post-thumbnail","hentry"],"yoast_head":"<!-- This site is optimized with the Yoast SEO plugin v24.9 - https:\/\/yoast.com\/wordpress\/plugins\/seo\/ -->\n<title>Cortinas De Cristal - coinwindows.com<\/title>\n<meta name=\"description\" content=\"Cortinas de Cristal. Cortinas de cristal elegantes, resistentes y funcionales que ampl\u00edan tu espacio sin renunciar a la luz ni al dise\u00f1o.\" \/>\n<meta name=\"robots\" content=\"index, follow, max-snippet:-1, max-image-preview:large, max-video-preview:-1\" \/>\n<link rel=\"canonical\" href=\"https:\/\/www.coinwindows.com\/fabricante-cortinas-de-cristal-costa-del-sol\/\" \/>\n<meta property=\"og:locale\" content=\"de_DE\" \/>\n<meta property=\"og:type\" content=\"article\" \/>\n<meta property=\"og:title\" content=\"Cortinas De Cristal - coinwindows.com\" \/>\n<meta property=\"og:description\" content=\"Cortinas de Cristal. Cortinas de cristal elegantes, resistentes y funcionales que ampl\u00edan tu espacio sin renunciar a la luz ni al dise\u00f1o.\" \/>\n<meta property=\"og:url\" content=\"https:\/\/www.coinwindows.com\/fabricante-cortinas-de-cristal-costa-del-sol\/\" \/>\n<meta property=\"og:site_name\" content=\"coinwindows.com\" \/>\n<meta property=\"article:modified_time\" content=\"2025-04-09T07:46:52+00:00\" \/>\n<meta property=\"og:image\" content=\"https:\/\/www.coinwindows.com\/wp-content\/uploads\/2025\/04\/coinwindows-interior_4.jpg\" \/>\n\t<meta property=\"og:image:width\" content=\"1500\" \/>\n\t<meta property=\"og:image:height\" content=\"1001\" \/>\n\t<meta property=\"og:image:type\" content=\"image\/jpeg\" \/>\n<meta name=\"twitter:card\" content=\"summary_large_image\" \/>\n<meta name=\"twitter:label1\" content=\"Gesch\u00e4tzte Lesezeit\" \/>\n\t<meta name=\"twitter:data1\" content=\"2\u00a0Minuten\" \/>\n<script type=\"application\/ld+json\" class=\"yoast-schema-graph\">{\"@context\":\"https:\/\/schema.org\",\"@graph\":[{\"@type\":\"WebPage\",\"@id\":\"https:\/\/www.coinwindows.com\/fabricante-cortinas-de-cristal-costa-del-sol\/\",\"url\":\"https:\/\/www.coinwindows.com\/fabricante-cortinas-de-cristal-costa-del-sol\/\",\"name\":\"Cortinas De Cristal - coinwindows.com\",\"isPartOf\":{\"@id\":\"https:\/\/coinwindows.com\/#website\"},\"primaryImageOfPage\":{\"@id\":\"https:\/\/www.coinwindows.com\/fabricante-cortinas-de-cristal-costa-del-sol\/#primaryimage\"},\"image\":{\"@id\":\"https:\/\/www.coinwindows.com\/fabricante-cortinas-de-cristal-costa-del-sol\/#primaryimage\"},\"thumbnailUrl\":\"https:\/\/coinwindows.com\/wp-content\/uploads\/2025\/04\/coinwindows-interior_4.jpg\",\"datePublished\":\"2025-04-08T13:36:33+00:00\",\"dateModified\":\"2025-04-09T07:46:52+00:00\",\"description\":\"Cortinas de Cristal. Cortinas de cristal elegantes, resistentes y funcionales que ampl\u00edan tu espacio sin renunciar a la luz ni al dise\u00f1o.\",\"breadcrumb\":{\"@id\":\"https:\/\/www.coinwindows.com\/fabricante-cortinas-de-cristal-costa-del-sol\/#breadcrumb\"},\"inLanguage\":\"de\",\"potentialAction\":[{\"@type\":\"ReadAction\",\"target\":[\"https:\/\/www.coinwindows.com\/fabricante-cortinas-de-cristal-costa-del-sol\/\"]}]},{\"@type\":\"ImageObject\",\"inLanguage\":\"de\",\"@id\":\"https:\/\/www.coinwindows.com\/fabricante-cortinas-de-cristal-costa-del-sol\/#primaryimage\",\"url\":\"https:\/\/coinwindows.com\/wp-content\/uploads\/2025\/04\/coinwindows-interior_4.jpg\",\"contentUrl\":\"https:\/\/coinwindows.com\/wp-content\/uploads\/2025\/04\/coinwindows-interior_4.jpg\",\"width\":1500,\"height\":1001},{\"@type\":\"BreadcrumbList\",\"@id\":\"https:\/\/www.coinwindows.com\/fabricante-cortinas-de-cristal-costa-del-sol\/#breadcrumb\",\"itemListElement\":[{\"@type\":\"ListItem\",\"position\":1,\"name\":\"Portada\",\"item\":\"https:\/\/coinwindows.com\/de\/\"},{\"@type\":\"ListItem\",\"position\":2,\"name\":\"Cortinas De Cristal\"}]},{\"@type\":\"WebSite\",\"@id\":\"https:\/\/coinwindows.com\/#website\",\"url\":\"https:\/\/coinwindows.com\/\",\"name\":\"coinwindows.com\",\"description\":\"\",\"publisher\":{\"@id\":\"https:\/\/coinwindows.com\/#organization\"},\"potentialAction\":[{\"@type\":\"SearchAction\",\"target\":{\"@type\":\"EntryPoint\",\"urlTemplate\":\"https:\/\/coinwindows.com\/?s={search_term_string}\"},\"query-input\":{\"@type\":\"PropertyValueSpecification\",\"valueRequired\":true,\"valueName\":\"search_term_string\"}}],\"inLanguage\":\"de\"},{\"@type\":\"Organization\",\"@id\":\"https:\/\/coinwindows.com\/#organization\",\"name\":\"coinwindows.com\",\"url\":\"https:\/\/coinwindows.com\/\",\"logo\":{\"@type\":\"ImageObject\",\"inLanguage\":\"de\",\"@id\":\"https:\/\/coinwindows.com\/#\/schema\/logo\/image\/\",\"url\":\"https:\/\/coinwindows.com\/wp-content\/uploads\/2025\/04\/Diseno-sin-titulo-2.png\",\"contentUrl\":\"https:\/\/coinwindows.com\/wp-content\/uploads\/2025\/04\/Diseno-sin-titulo-2.png\",\"width\":500,\"height\":500,\"caption\":\"coinwindows.com\"},\"image\":{\"@id\":\"https:\/\/coinwindows.com\/#\/schema\/logo\/image\/\"}}]}<\/script>\n<!-- \/ Yoast SEO plugin. -->","yoast_head_json":{"title":"Cortinas De Cristal - coinwindows.com","description":"Cortinas de Cristal. Cortinas de cristal elegantes, resistentes y funcionales que ampl\u00edan tu espacio sin renunciar a la luz ni al dise\u00f1o.","robots":{"index":"index","follow":"follow","max-snippet":"max-snippet:-1","max-image-preview":"max-image-preview:large","max-video-preview":"max-video-preview:-1"},"canonical":"https:\/\/www.coinwindows.com\/fabricante-cortinas-de-cristal-costa-del-sol\/","og_locale":"de_DE","og_type":"article","og_title":"Cortinas De Cristal - coinwindows.com","og_description":"Cortinas de Cristal. Cortinas de cristal elegantes, resistentes y funcionales que ampl\u00edan tu espacio sin renunciar a la luz ni al dise\u00f1o.","og_url":"https:\/\/www.coinwindows.com\/fabricante-cortinas-de-cristal-costa-del-sol\/","og_site_name":"coinwindows.com","article_modified_time":"2025-04-09T07:46:52+00:00","og_image":[{"width":1500,"height":1001,"url":"https:\/\/www.coinwindows.com\/wp-content\/uploads\/2025\/04\/coinwindows-interior_4.jpg","type":"image\/jpeg"}],"twitter_card":"summary_large_image","twitter_misc":{"Gesch\u00e4tzte Lesezeit":"2\u00a0Minuten"},"schema":{"@context":"https:\/\/schema.org","@graph":[{"@type":"WebPage","@id":"https:\/\/www.coinwindows.com\/fabricante-cortinas-de-cristal-costa-del-sol\/","url":"https:\/\/www.coinwindows.com\/fabricante-cortinas-de-cristal-costa-del-sol\/","name":"Cortinas De Cristal - coinwindows.com","isPartOf":{"@id":"https:\/\/coinwindows.com\/#website"},"primaryImageOfPage":{"@id":"https:\/\/www.coinwindows.com\/fabricante-cortinas-de-cristal-costa-del-sol\/#primaryimage"},"image":{"@id":"https:\/\/www.coinwindows.com\/fabricante-cortinas-de-cristal-costa-del-sol\/#primaryimage"},"thumbnailUrl":"https:\/\/coinwindows.com\/wp-content\/uploads\/2025\/04\/coinwindows-interior_4.jpg","datePublished":"2025-04-08T13:36:33+00:00","dateModified":"2025-04-09T07:46:52+00:00","description":"Cortinas de Cristal. Cortinas de cristal elegantes, resistentes y funcionales que ampl\u00edan tu espacio sin renunciar a la luz ni al dise\u00f1o.","breadcrumb":{"@id":"https:\/\/www.coinwindows.com\/fabricante-cortinas-de-cristal-costa-del-sol\/#breadcrumb"},"inLanguage":"de","potentialAction":[{"@type":"ReadAction","target":["https:\/\/www.coinwindows.com\/fabricante-cortinas-de-cristal-costa-del-sol\/"]}]},{"@type":"ImageObject","inLanguage":"de","@id":"https:\/\/www.coinwindows.com\/fabricante-cortinas-de-cristal-costa-del-sol\/#primaryimage","url":"https:\/\/coinwindows.com\/wp-content\/uploads\/2025\/04\/coinwindows-interior_4.jpg","contentUrl":"https:\/\/coinwindows.com\/wp-content\/uploads\/2025\/04\/coinwindows-interior_4.jpg","width":1500,"height":1001},{"@type":"BreadcrumbList","@id":"https:\/\/www.coinwindows.com\/fabricante-cortinas-de-cristal-costa-del-sol\/#breadcrumb","itemListElement":[{"@type":"ListItem","position":1,"name":"Portada","item":"https:\/\/coinwindows.com\/de\/"},{"@type":"ListItem","position":2,"name":"Cortinas De Cristal"}]},{"@type":"WebSite","@id":"https:\/\/coinwindows.com\/#website","url":"https:\/\/coinwindows.com\/","name":"m\u00fcnzfenster.de","description":"","publisher":{"@id":"https:\/\/coinwindows.com\/#organization"},"potentialAction":[{"@type":"SearchAction","target":{"@type":"EntryPoint","urlTemplate":"https:\/\/coinwindows.com\/?s={search_term_string}"},"query-input":{"@type":"PropertyValueSpecification","valueRequired":true,"valueName":"search_term_string"}}],"inLanguage":"de"},{"@type":"Organization","@id":"https:\/\/coinwindows.com\/#organization","name":"m\u00fcnzfenster.de","url":"https:\/\/coinwindows.com\/","logo":{"@type":"ImageObject","inLanguage":"de","@id":"https:\/\/coinwindows.com\/#\/schema\/logo\/image\/","url":"https:\/\/coinwindows.com\/wp-content\/uploads\/2025\/04\/Diseno-sin-titulo-2.png","contentUrl":"https:\/\/coinwindows.com\/wp-content\/uploads\/2025\/04\/Diseno-sin-titulo-2.png","width":500,"height":500,"caption":"coinwindows.com"},"image":{"@id":"https:\/\/coinwindows.com\/#\/schema\/logo\/image\/"}}]}},"_links":{"self":[{"href":"https:\/\/coinwindows.com\/de\/wp-json\/wp\/v2\/pages\/142","targetHints":{"allow":["GET"]}}],"collection":[{"href":"https:\/\/coinwindows.com\/de\/wp-json\/wp\/v2\/pages"}],"about":[{"href":"https:\/\/coinwindows.com\/de\/wp-json\/wp\/v2\/types\/page"}],"author":[{"embeddable":true,"href":"https:\/\/coinwindows.com\/de\/wp-json\/wp\/v2\/users\/1"}],"replies":[{"embeddable":true,"href":"https:\/\/coinwindows.com\/de\/wp-json\/wp\/v2\/comments?post=142"}],"version-history":[{"count":7,"href":"https:\/\/coinwindows.com\/de\/wp-json\/wp\/v2\/pages\/142\/revisions"}],"predecessor-version":[{"id":271,"href":"https:\/\/coinwindows.com\/de\/wp-json\/wp\/v2\/pages\/142\/revisions\/271"}],"wp:featuredmedia":[{"embeddable":true,"href":"https:\/\/coinwindows.com\/de\/wp-json\/wp\/v2\/media\/199"}],"wp:attachment":[{"href":"https:\/\/coinwindows.com\/de\/wp-json\/wp\/v2\/media?parent=142"}],"curies":[{"name":"wp","href":"https:\/\/api.w.org\/{rel}","templated":true}]}}