{"id":144,"date":"2025-04-08T13:36:39","date_gmt":"2025-04-08T13:36:39","guid":{"rendered":"https:\/\/coinwindows.com\/?page_id=144"},"modified":"2025-04-09T07:47:19","modified_gmt":"2025-04-09T07:47:19","slug":"instalador-cristal-inteligente-costa-del-sol","status":"publish","type":"page","link":"https:\/\/coinwindows.com\/de\/instalador-cristal-inteligente-costa-del-sol\/","title":{"rendered":"Intelligentes Glas"},"content":{"rendered":"<div data-elementor-type=\"wp-page\" data-elementor-id=\"144\" class=\"elementor elementor-144\" data-elementor-post-type=\"page\">\n\t\t\t\t<div class=\"elementor-element elementor-element-79337ab3 e-flex e-con-boxed e-con e-parent\" data-id=\"79337ab3\" data-element_type=\"container\">\n\t\t\t\t\t<div class=\"e-con-inner\">\n\t\t\t\t<div class=\"elementor-element elementor-element-194f2976 elementor-widget elementor-widget-heading\" data-id=\"194f2976\" data-element_type=\"widget\" data-widget_type=\"heading.default\">\n\t\t\t\t<div class=\"elementor-widget-container\">\n\t\t\t\t\t<h1 class=\"elementor-heading-title elementor-size-default\">Intelligentes Fensterglas<\/h1>\t\t\t\t<\/div>\n\t\t\t\t<\/div>\n\t\t\t\t<div class=\"elementor-element elementor-element-47d860d6 elementor-widget-divider--view-line elementor-widget elementor-widget-divider\" data-id=\"47d860d6\" data-element_type=\"widget\" data-widget_type=\"divider.default\">\n\t\t\t\t<div class=\"elementor-widget-container\">\n\t\t\t\t\t\t\t<div class=\"elementor-divider\">\n\t\t\t<span class=\"elementor-divider-separator\">\n\t\t\t\t\t\t<\/span>\n\t\t<\/div>\n\t\t\t\t\t\t<\/div>\n\t\t\t\t<\/div>\n\t\t\t\t<div class=\"elementor-element elementor-element-647280b7 elementor-widget__width-initial elementor-widget-tablet__width-initial elementor-widget elementor-widget-heading\" data-id=\"647280b7\" data-element_type=\"widget\" data-widget_type=\"heading.default\">\n\t\t\t\t<div class=\"elementor-widget-container\">\n\t\t\t\t\t<h5 class=\"elementor-heading-title elementor-size-default\">Wir von Co\u00ednWindows bieten fortschrittliche Verglasungsl\u00f6sungen, die Innovation, Komfort und Energieeffizienz miteinander verbinden.<\/h5>\t\t\t\t<\/div>\n\t\t\t\t<\/div>\n\t\t\t\t\t<\/div>\n\t\t\t\t<\/div>\n\t\t<div class=\"elementor-element elementor-element-7e361ef8 e-flex e-con-boxed e-con e-parent\" data-id=\"7e361ef8\" data-element_type=\"container\" id=\"service1\">\n\t\t\t\t\t<div class=\"e-con-inner\">\n\t\t<div class=\"elementor-element elementor-element-132928fd e-con-full e-flex e-con e-child\" data-id=\"132928fd\" data-element_type=\"container\">\n\t\t\t\t<div class=\"elementor-element elementor-element-62b9e50a elementor-widget elementor-widget-heading\" data-id=\"62b9e50a\" data-element_type=\"widget\" data-widget_type=\"heading.default\">\n\t\t\t\t<div class=\"elementor-widget-container\">\n\t\t\t\t\t<h2 class=\"elementor-heading-title elementor-size-default\">Intelligentes Glas<\/h2>\t\t\t\t<\/div>\n\t\t\t\t<\/div>\n\t\t\t\t<div class=\"elementor-element elementor-element-7f0d478e elementor-widget elementor-widget-text-editor\" data-id=\"7f0d478e\" data-element_type=\"widget\" data-widget_type=\"text-editor.default\">\n\t\t\t\t<div class=\"elementor-widget-container\">\n\t\t\t\t\t\t\t\t\t<p class=\"\" data-start=\"0\" data-end=\"386\">Wir von Co\u00ednWindows bieten fortschrittliche Verglasungsl\u00f6sungen, die Innovation, Komfort und Energieeffizienz miteinander verbinden. Unser intelligentes Verglasungssystem erm\u00f6glicht es uns, jedes Fenster in ein aktives Element zu verwandeln, das das Licht, die Privatsph\u00e4re und die Temperatur des Raums reguliert und sich an die Bed\u00fcrfnisse jedes Moments und jeder Jahreszeit anpasst.<\/p><p class=\"\" data-start=\"388\" data-end=\"807\">Technologie und Energieeffizienz<br data-start=\"422\" data-end=\"425\" \/>Das intelligente Glas von Co\u00ednWindows besteht aus einem Polymerfilm mit Fl\u00fcssigkristallen (PDLC), der zwischen zwei Glasschichten und speziellen Klebstoffen eingekapselt ist. Diese Technologie erm\u00f6glicht es, das Erscheinungsbild des Glases auf Knopfdruck von transparent zu undurchsichtig zu ver\u00e4ndern und bietet so die vollst\u00e4ndige Kontrolle \u00fcber das nat\u00fcrliche Licht und die Privatsph\u00e4re, ohne dass Vorh\u00e4nge oder Jalousien erforderlich sind.<\/p><p class=\"\" data-start=\"809\" data-end=\"1220\">Neben ihrer \u00e4sthetischen Funktionalit\u00e4t bieten diese Verglasungen auch hohe thermische und akustische Leistungen. Sie filtern im Sommer die Sonneneinstrahlung und reduzieren so den Einsatz von Klimaanlagen. Dank ihres niedrigen U-Werts halten sie im Winter die W\u00e4rme zur\u00fcck und verbessern so die allgemeine W\u00e4rmed\u00e4mmung des Hauses. Sie sch\u00fctzen auch vor UV-Strahlen und sind in Versionen mit verst\u00e4rkter Schalld\u00e4mmung erh\u00e4ltlich.<\/p><p class=\"\" data-start=\"1222\" data-end=\"1509\">Erh\u00e4ltlich in verschiedenen Formen, Gr\u00f6\u00dfen und Konfigurationen, ist Smart Glass eine ideale L\u00f6sung f\u00fcr Wohnh\u00e4user, B\u00fcros, Schaufenster, Innentrennw\u00e4nde und andere kommerzielle oder architektonische Anwendungen, die Design, Effizienz und Technologie in einem Produkt erfordern.<\/p><p class=\"\" data-start=\"1511\" data-end=\"1747\">Bei Co\u00ednWindows arbeiten wir mit den Materialien der neuesten Generation und passen jedes Projekt nach Ma\u00df an. Wenn Sie mehr \u00fcber unsere L\u00f6sungen mit verst\u00e4rktem W\u00e4rmeschutzglas (RTA) erfahren m\u00f6chten, kontaktieren Sie uns bitte unverbindlich.<\/p>\t\t\t\t\t\t\t\t<\/div>\n\t\t\t\t<\/div>\n\t\t\t\t<\/div>\n\t\t<div class=\"elementor-element elementor-element-2f14ea25 e-con-full e-flex e-con e-child\" data-id=\"2f14ea25\" data-element_type=\"container\" data-settings=\"{&quot;background_background&quot;:&quot;classic&quot;}\">\n\t\t\t\t<\/div>\n\t\t\t\t\t<\/div>\n\t\t\t\t<\/div>\n\t\t<div class=\"elementor-element elementor-element-7868886 e-flex e-con-boxed e-con e-parent\" data-id=\"7868886\" data-element_type=\"container\">\n\t\t\t\t\t<div class=\"e-con-inner\">\n\t\t\t\t<div class=\"elementor-element elementor-element-40e9be10 elementor-widget elementor-widget-heading\" data-id=\"40e9be10\" data-element_type=\"widget\" data-widget_type=\"heading.default\">\n\t\t\t\t<div class=\"elementor-widget-container\">\n\t\t\t\t\t<h2 class=\"elementor-heading-title elementor-size-default\">Ma\u00dfgeschneiderte Fenster f\u00fcr sichereres, helleres und effizienteres Wohnen<\/h2>\t\t\t\t<\/div>\n\t\t\t\t<\/div>\n\t\t\t\t<div class=\"elementor-element elementor-element-9dc919a elementor-widget__width-initial elementor-widget elementor-widget-text-editor\" data-id=\"9dc919a\" data-element_type=\"widget\" data-widget_type=\"text-editor.default\">\n\t\t\t\t<div class=\"elementor-widget-container\">\n\t\t\t\t\t\t\t\t\t<p>Wir entwerfen und installieren qualitativ hochwertige Fenster, die die Sicherheit, Isolierung und \u00c4sthetik Ihres Hauses verbessern. Sprechen Sie mit unserem Team und entdecken Sie, wie Sie Ihre R\u00e4ume ver\u00e4ndern k\u00f6nnen.<\/p>\t\t\t\t\t\t\t\t<\/div>\n\t\t\t\t<\/div>\n\t\t\t\t<div class=\"elementor-element elementor-element-1d354ac1 elementor-align-center elementor-invisible elementor-widget elementor-widget-button\" data-id=\"1d354ac1\" data-element_type=\"widget\" data-settings=\"{&quot;_animation&quot;:&quot;fadeInDown&quot;}\" data-widget_type=\"button.default\">\n\t\t\t\t<div class=\"elementor-widget-container\">\n\t\t\t\t\t\t\t\t\t<div class=\"elementor-button-wrapper\">\n\t\t\t\t\t<a class=\"elementor-button elementor-button-link elementor-size-sm\" href=\"https:\/\/wa.me\/34621206049\">\n\t\t\t\t\t\t<span class=\"elementor-button-content-wrapper\">\n\t\t\t\t\t\t\t\t\t<span class=\"elementor-button-text\">Kontakt<\/span>\n\t\t\t\t\t<\/span>\n\t\t\t\t\t<\/a>\n\t\t\t\t<\/div>\n\t\t\t\t\t\t\t\t<\/div>\n\t\t\t\t<\/div>\n\t\t\t\t\t<\/div>\n\t\t\t\t<\/div>\n\t\t\t\t<\/div>","protected":false},"excerpt":{"rendered":"<p>Intelligentes Glas f\u00fcr Fenster Bei Co\u00ednWindows bieten wir fortschrittliche Verglasungsl\u00f6sungen an, die Innovation, Komfort und Energieeffizienz miteinander verbinden. Intelligentes Glas [...]<\/p>","protected":false},"author":1,"featured_media":197,"parent":0,"menu_order":0,"comment_status":"closed","ping_status":"closed","template":"elementor_header_footer","meta":{"site-sidebar-layout":"default","site-content-layout":"","ast-site-content-layout":"","site-content-style":"default","site-sidebar-style":"default","ast-global-header-display":"","ast-banner-title-visibility":"","ast-main-header-display":"","ast-hfb-above-header-display":"","ast-hfb-below-header-display":"","ast-hfb-mobile-header-display":"","site-post-title":"","ast-breadcrumbs-content":"","ast-featured-img":"","footer-sml-layout":"","theme-transparent-header-meta":"","adv-header-id-meta":"","stick-header-meta":"","header-above-stick-meta":"","header-main-stick-meta":"","header-below-stick-meta":"","astra-migrate-meta-layouts":"default","ast-page-background-enabled":"default","ast-page-background-meta":{"desktop":{"background-color":"var(--ast-global-color-5)","background-image":"","background-repeat":"repeat","background-position":"center center","background-size":"auto","background-attachment":"scroll","background-type":"","background-media":"","overlay-type":"","overlay-color":"","overlay-opacity":"","overlay-gradient":""},"tablet":{"background-color":"","background-image":"","background-repeat":"repeat","background-position":"center center","background-size":"auto","background-attachment":"scroll","background-type":"","background-media":"","overlay-type":"","overlay-color":"","overlay-opacity":"","overlay-gradient":""},"mobile":{"background-color":"","background-image":"","background-repeat":"repeat","background-position":"center center","background-size":"auto","background-attachment":"scroll","background-type":"","background-media":"","overlay-type":"","overlay-color":"","overlay-opacity":"","overlay-gradient":""}},"ast-content-background-meta":{"desktop":{"background-color":"var(--ast-global-color-4)","background-image":"","background-repeat":"repeat","background-position":"center center","background-size":"auto","background-attachment":"scroll","background-type":"","background-media":"","overlay-type":"","overlay-color":"","overlay-opacity":"","overlay-gradient":""},"tablet":{"background-color":"var(--ast-global-color-4)","background-image":"","background-repeat":"repeat","background-position":"center center","background-size":"auto","background-attachment":"scroll","background-type":"","background-media":"","overlay-type":"","overlay-color":"","overlay-opacity":"","overlay-gradient":""},"mobile":{"background-color":"var(--ast-global-color-4)","background-image":"","background-repeat":"repeat","background-position":"center center","background-size":"auto","background-attachment":"scroll","background-type":"","background-media":"","overlay-type":"","overlay-color":"","overlay-opacity":"","overlay-gradient":""}},"footnotes":""},"class_list":["post-144","page","type-page","status-publish","has-post-thumbnail","hentry"],"yoast_head":"<!-- This site is optimized with the Yoast SEO plugin v24.9 - https:\/\/yoast.com\/wordpress\/plugins\/seo\/ -->\n<title>Cristal Inteligente - coinwindows.com<\/title>\n<meta name=\"description\" content=\"Cristal Inteligente Cristales inteligentes que regulan luz y privacidad, mejoran el confort t\u00e9rmico y reducen el consumo energ\u00e9tico.\" \/>\n<meta name=\"robots\" content=\"index, follow, max-snippet:-1, max-image-preview:large, max-video-preview:-1\" \/>\n<link rel=\"canonical\" href=\"https:\/\/www.coinwindows.com\/en\/instalador-cristal-inteligente-costa-del-sol\/\" \/>\n<meta property=\"og:locale\" content=\"de_DE\" \/>\n<meta property=\"og:type\" content=\"article\" \/>\n<meta property=\"og:title\" content=\"Cristal Inteligente - coinwindows.com\" \/>\n<meta property=\"og:description\" content=\"Cristal Inteligente Cristales inteligentes que regulan luz y privacidad, mejoran el confort t\u00e9rmico y reducen el consumo energ\u00e9tico.\" \/>\n<meta property=\"og:url\" content=\"https:\/\/www.coinwindows.com\/en\/instalador-cristal-inteligente-costa-del-sol\/\" \/>\n<meta property=\"og:site_name\" content=\"coinwindows.com\" \/>\n<meta property=\"article:modified_time\" content=\"2025-04-09T07:47:19+00:00\" \/>\n<meta property=\"og:image\" content=\"https:\/\/www.coinwindows.com\/wp-content\/uploads\/2025\/04\/coinwindows-interior_5.jpg\" \/>\n\t<meta property=\"og:image:width\" content=\"1500\" \/>\n\t<meta property=\"og:image:height\" content=\"1001\" \/>\n\t<meta property=\"og:image:type\" content=\"image\/jpeg\" \/>\n<meta name=\"twitter:card\" content=\"summary_large_image\" \/>\n<meta name=\"twitter:label1\" content=\"Gesch\u00e4tzte Lesezeit\" \/>\n\t<meta name=\"twitter:data1\" content=\"2\u00a0Minuten\" \/>\n<script type=\"application\/ld+json\" class=\"yoast-schema-graph\">{\"@context\":\"https:\/\/schema.org\",\"@graph\":[{\"@type\":\"WebPage\",\"@id\":\"https:\/\/www.coinwindows.com\/en\/instalador-cristal-inteligente-costa-del-sol\/\",\"url\":\"https:\/\/www.coinwindows.com\/en\/instalador-cristal-inteligente-costa-del-sol\/\",\"name\":\"Cristal Inteligente - coinwindows.com\",\"isPartOf\":{\"@id\":\"https:\/\/coinwindows.com\/#website\"},\"primaryImageOfPage\":{\"@id\":\"https:\/\/www.coinwindows.com\/en\/instalador-cristal-inteligente-costa-del-sol\/#primaryimage\"},\"image\":{\"@id\":\"https:\/\/www.coinwindows.com\/en\/instalador-cristal-inteligente-costa-del-sol\/#primaryimage\"},\"thumbnailUrl\":\"https:\/\/coinwindows.com\/wp-content\/uploads\/2025\/04\/coinwindows-interior_5.jpg\",\"datePublished\":\"2025-04-08T13:36:39+00:00\",\"dateModified\":\"2025-04-09T07:47:19+00:00\",\"description\":\"Cristal Inteligente Cristales inteligentes que regulan luz y privacidad, mejoran el confort t\u00e9rmico y reducen el consumo energ\u00e9tico.\",\"breadcrumb\":{\"@id\":\"https:\/\/www.coinwindows.com\/en\/instalador-cristal-inteligente-costa-del-sol\/#breadcrumb\"},\"inLanguage\":\"de\",\"potentialAction\":[{\"@type\":\"ReadAction\",\"target\":[\"https:\/\/www.coinwindows.com\/en\/instalador-cristal-inteligente-costa-del-sol\/\"]}]},{\"@type\":\"ImageObject\",\"inLanguage\":\"de\",\"@id\":\"https:\/\/www.coinwindows.com\/en\/instalador-cristal-inteligente-costa-del-sol\/#primaryimage\",\"url\":\"https:\/\/coinwindows.com\/wp-content\/uploads\/2025\/04\/coinwindows-interior_5.jpg\",\"contentUrl\":\"https:\/\/coinwindows.com\/wp-content\/uploads\/2025\/04\/coinwindows-interior_5.jpg\",\"width\":1500,\"height\":1001},{\"@type\":\"BreadcrumbList\",\"@id\":\"https:\/\/www.coinwindows.com\/en\/instalador-cristal-inteligente-costa-del-sol\/#breadcrumb\",\"itemListElement\":[{\"@type\":\"ListItem\",\"position\":1,\"name\":\"Portada\",\"item\":\"https:\/\/coinwindows.com\/de\/\"},{\"@type\":\"ListItem\",\"position\":2,\"name\":\"Cristal Inteligente\"}]},{\"@type\":\"WebSite\",\"@id\":\"https:\/\/coinwindows.com\/#website\",\"url\":\"https:\/\/coinwindows.com\/\",\"name\":\"coinwindows.com\",\"description\":\"\",\"publisher\":{\"@id\":\"https:\/\/coinwindows.com\/#organization\"},\"potentialAction\":[{\"@type\":\"SearchAction\",\"target\":{\"@type\":\"EntryPoint\",\"urlTemplate\":\"https:\/\/coinwindows.com\/?s={search_term_string}\"},\"query-input\":{\"@type\":\"PropertyValueSpecification\",\"valueRequired\":true,\"valueName\":\"search_term_string\"}}],\"inLanguage\":\"de\"},{\"@type\":\"Organization\",\"@id\":\"https:\/\/coinwindows.com\/#organization\",\"name\":\"coinwindows.com\",\"url\":\"https:\/\/coinwindows.com\/\",\"logo\":{\"@type\":\"ImageObject\",\"inLanguage\":\"de\",\"@id\":\"https:\/\/coinwindows.com\/#\/schema\/logo\/image\/\",\"url\":\"https:\/\/coinwindows.com\/wp-content\/uploads\/2025\/04\/Diseno-sin-titulo-2.png\",\"contentUrl\":\"https:\/\/coinwindows.com\/wp-content\/uploads\/2025\/04\/Diseno-sin-titulo-2.png\",\"width\":500,\"height\":500,\"caption\":\"coinwindows.com\"},\"image\":{\"@id\":\"https:\/\/coinwindows.com\/#\/schema\/logo\/image\/\"}}]}<\/script>\n<!-- \/ Yoast SEO plugin. -->","yoast_head_json":{"title":"Cristal Inteligente - coinwindows.com","description":"Cristal Inteligente Cristales inteligentes que regulan luz y privacidad, mejoran el confort t\u00e9rmico y reducen el consumo energ\u00e9tico.","robots":{"index":"index","follow":"follow","max-snippet":"max-snippet:-1","max-image-preview":"max-image-preview:large","max-video-preview":"max-video-preview:-1"},"canonical":"https:\/\/www.coinwindows.com\/en\/instalador-cristal-inteligente-costa-del-sol\/","og_locale":"de_DE","og_type":"article","og_title":"Cristal Inteligente - coinwindows.com","og_description":"Cristal Inteligente Cristales inteligentes que regulan luz y privacidad, mejoran el confort t\u00e9rmico y reducen el consumo energ\u00e9tico.","og_url":"https:\/\/www.coinwindows.com\/en\/instalador-cristal-inteligente-costa-del-sol\/","og_site_name":"coinwindows.com","article_modified_time":"2025-04-09T07:47:19+00:00","og_image":[{"width":1500,"height":1001,"url":"https:\/\/www.coinwindows.com\/wp-content\/uploads\/2025\/04\/coinwindows-interior_5.jpg","type":"image\/jpeg"}],"twitter_card":"summary_large_image","twitter_misc":{"Gesch\u00e4tzte Lesezeit":"2\u00a0Minuten"},"schema":{"@context":"https:\/\/schema.org","@graph":[{"@type":"WebPage","@id":"https:\/\/www.coinwindows.com\/en\/instalador-cristal-inteligente-costa-del-sol\/","url":"https:\/\/www.coinwindows.com\/en\/instalador-cristal-inteligente-costa-del-sol\/","name":"Cristal Inteligente - coinwindows.com","isPartOf":{"@id":"https:\/\/coinwindows.com\/#website"},"primaryImageOfPage":{"@id":"https:\/\/www.coinwindows.com\/en\/instalador-cristal-inteligente-costa-del-sol\/#primaryimage"},"image":{"@id":"https:\/\/www.coinwindows.com\/en\/instalador-cristal-inteligente-costa-del-sol\/#primaryimage"},"thumbnailUrl":"https:\/\/coinwindows.com\/wp-content\/uploads\/2025\/04\/coinwindows-interior_5.jpg","datePublished":"2025-04-08T13:36:39+00:00","dateModified":"2025-04-09T07:47:19+00:00","description":"Cristal Inteligente Cristales inteligentes que regulan luz y privacidad, mejoran el confort t\u00e9rmico y reducen el consumo energ\u00e9tico.","breadcrumb":{"@id":"https:\/\/www.coinwindows.com\/en\/instalador-cristal-inteligente-costa-del-sol\/#breadcrumb"},"inLanguage":"de","potentialAction":[{"@type":"ReadAction","target":["https:\/\/www.coinwindows.com\/en\/instalador-cristal-inteligente-costa-del-sol\/"]}]},{"@type":"ImageObject","inLanguage":"de","@id":"https:\/\/www.coinwindows.com\/en\/instalador-cristal-inteligente-costa-del-sol\/#primaryimage","url":"https:\/\/coinwindows.com\/wp-content\/uploads\/2025\/04\/coinwindows-interior_5.jpg","contentUrl":"https:\/\/coinwindows.com\/wp-content\/uploads\/2025\/04\/coinwindows-interior_5.jpg","width":1500,"height":1001},{"@type":"BreadcrumbList","@id":"https:\/\/www.coinwindows.com\/en\/instalador-cristal-inteligente-costa-del-sol\/#breadcrumb","itemListElement":[{"@type":"ListItem","position":1,"name":"Portada","item":"https:\/\/coinwindows.com\/de\/"},{"@type":"ListItem","position":2,"name":"Cristal Inteligente"}]},{"@type":"WebSite","@id":"https:\/\/coinwindows.com\/#website","url":"https:\/\/coinwindows.com\/","name":"m\u00fcnzfenster.de","description":"","publisher":{"@id":"https:\/\/coinwindows.com\/#organization"},"potentialAction":[{"@type":"SearchAction","target":{"@type":"EntryPoint","urlTemplate":"https:\/\/coinwindows.com\/?s={search_term_string}"},"query-input":{"@type":"PropertyValueSpecification","valueRequired":true,"valueName":"search_term_string"}}],"inLanguage":"de"},{"@type":"Organization","@id":"https:\/\/coinwindows.com\/#organization","name":"m\u00fcnzfenster.de","url":"https:\/\/coinwindows.com\/","logo":{"@type":"ImageObject","inLanguage":"de","@id":"https:\/\/coinwindows.com\/#\/schema\/logo\/image\/","url":"https:\/\/coinwindows.com\/wp-content\/uploads\/2025\/04\/Diseno-sin-titulo-2.png","contentUrl":"https:\/\/coinwindows.com\/wp-content\/uploads\/2025\/04\/Diseno-sin-titulo-2.png","width":500,"height":500,"caption":"coinwindows.com"},"image":{"@id":"https:\/\/coinwindows.com\/#\/schema\/logo\/image\/"}}]}},"_links":{"self":[{"href":"https:\/\/coinwindows.com\/de\/wp-json\/wp\/v2\/pages\/144","targetHints":{"allow":["GET"]}}],"collection":[{"href":"https:\/\/coinwindows.com\/de\/wp-json\/wp\/v2\/pages"}],"about":[{"href":"https:\/\/coinwindows.com\/de\/wp-json\/wp\/v2\/types\/page"}],"author":[{"embeddable":true,"href":"https:\/\/coinwindows.com\/de\/wp-json\/wp\/v2\/users\/1"}],"replies":[{"embeddable":true,"href":"https:\/\/coinwindows.com\/de\/wp-json\/wp\/v2\/comments?post=144"}],"version-history":[{"count":7,"href":"https:\/\/coinwindows.com\/de\/wp-json\/wp\/v2\/pages\/144\/revisions"}],"predecessor-version":[{"id":274,"href":"https:\/\/coinwindows.com\/de\/wp-json\/wp\/v2\/pages\/144\/revisions\/274"}],"wp:featuredmedia":[{"embeddable":true,"href":"https:\/\/coinwindows.com\/de\/wp-json\/wp\/v2\/media\/197"}],"wp:attachment":[{"href":"https:\/\/coinwindows.com\/de\/wp-json\/wp\/v2\/media?parent=144"}],"curies":[{"name":"wp","href":"https:\/\/api.w.org\/{rel}","templated":true}]}}