{"id":146,"date":"2025-04-08T13:36:47","date_gmt":"2025-04-08T13:36:47","guid":{"rendered":"https:\/\/coinwindows.com\/?page_id=146"},"modified":"2025-04-09T07:49:11","modified_gmt":"2025-04-09T07:49:11","slug":"instalador-mamparas-ducha-costa-del-sol","status":"publish","type":"page","link":"https:\/\/coinwindows.com\/de\/instalador-mamparas-ducha-costa-del-sol\/","title":{"rendered":"Dusch- und Badewannenabtrennungen"},"content":{"rendered":"<div data-elementor-type=\"wp-page\" data-elementor-id=\"146\" class=\"elementor elementor-146\" data-elementor-post-type=\"page\">\n\t\t\t\t<div class=\"elementor-element elementor-element-79337ab3 e-flex e-con-boxed e-con e-parent\" data-id=\"79337ab3\" data-element_type=\"container\">\n\t\t\t\t\t<div class=\"e-con-inner\">\n\t\t\t\t<div class=\"elementor-element elementor-element-194f2976 elementor-widget elementor-widget-heading\" data-id=\"194f2976\" data-element_type=\"widget\" data-widget_type=\"heading.default\">\n\t\t\t\t<div class=\"elementor-widget-container\">\n\t\t\t\t\t<h1 class=\"elementor-heading-title elementor-size-default\">Dusch- und Badewannenabtrennungen nach Ma\u00df<\/h1>\t\t\t\t<\/div>\n\t\t\t\t<\/div>\n\t\t\t\t<div class=\"elementor-element elementor-element-47d860d6 elementor-widget-divider--view-line elementor-widget elementor-widget-divider\" data-id=\"47d860d6\" data-element_type=\"widget\" data-widget_type=\"divider.default\">\n\t\t\t\t<div class=\"elementor-widget-container\">\n\t\t\t\t\t\t\t<div class=\"elementor-divider\">\n\t\t\t<span class=\"elementor-divider-separator\">\n\t\t\t\t\t\t<\/span>\n\t\t<\/div>\n\t\t\t\t\t\t<\/div>\n\t\t\t\t<\/div>\n\t\t\t\t<div class=\"elementor-element elementor-element-647280b7 elementor-widget__width-initial elementor-widget-tablet__width-initial elementor-widget elementor-widget-heading\" data-id=\"647280b7\" data-element_type=\"widget\" data-widget_type=\"heading.default\">\n\t\t\t\t<div class=\"elementor-widget-container\">\n\t\t\t\t\t<h5 class=\"elementor-heading-title elementor-size-default\">Co\u00ednWindows entwirft individuelle Duschabtrennungen, die sich an jeden Raum und jeden Stil anpassen und Funktionalit\u00e4t, Komfort und \u00c4sthetik miteinander verbinden.<\/h5>\t\t\t\t<\/div>\n\t\t\t\t<\/div>\n\t\t\t\t\t<\/div>\n\t\t\t\t<\/div>\n\t\t<div class=\"elementor-element elementor-element-7e361ef8 e-flex e-con-boxed e-con e-parent\" data-id=\"7e361ef8\" data-element_type=\"container\" id=\"service1\">\n\t\t\t\t\t<div class=\"e-con-inner\">\n\t\t<div class=\"elementor-element elementor-element-132928fd e-con-full e-flex e-con e-child\" data-id=\"132928fd\" data-element_type=\"container\">\n\t\t\t\t<div class=\"elementor-element elementor-element-62b9e50a elementor-widget elementor-widget-heading\" data-id=\"62b9e50a\" data-element_type=\"widget\" data-widget_type=\"heading.default\">\n\t\t\t\t<div class=\"elementor-widget-container\">\n\t\t\t\t\t<h2 class=\"elementor-heading-title elementor-size-default\">Dusch- und Badewannenabtrennungen<\/h2>\t\t\t\t<\/div>\n\t\t\t\t<\/div>\n\t\t\t\t<div class=\"elementor-element elementor-element-7f0d478e elementor-widget elementor-widget-text-editor\" data-id=\"7f0d478e\" data-element_type=\"widget\" data-widget_type=\"text-editor.default\">\n\t\t\t\t<div class=\"elementor-widget-container\">\n\t\t\t\t\t\t\t\t\t<p class=\"\" data-start=\"0\" data-end=\"369\">Co\u00ednWindows entwirft Duschabtrennungen nach Ma\u00df, die sich an jeden Raum und jeden Stil anpassen und Funktionalit\u00e4t, Komfort und \u00c4sthetik miteinander verbinden. Unsere gro\u00dfe Modellvielfalt erm\u00f6glicht es uns, einzigartige L\u00f6sungen f\u00fcr moderne, elegante und vollst\u00e4ndig optimierte Badezimmer zu schaffen, in denen Sie jeden Moment in Komfort und Sicherheit genie\u00dfen k\u00f6nnen.<\/p><p class=\"\" data-start=\"371\" data-end=\"751\">Individuelles Design und garantierte Qualit\u00e4t<br data-start=\"413\" data-end=\"416\" \/>Jede von uns hergestellte Trennwand folgt einer Vision: das Badezimmer in einen funktionalen und optisch harmonischen Raum zu verwandeln. Wir bieten zahlreiche Optionen in Bezug auf die Art der \u00d6ffnung, Profile, Oberfl\u00e4chen, geh\u00e4rtetes Glas oder Acrylglas und sandgestrahlte Dekore, die es dem Kunden erm\u00f6glichen, sein ideales Geh\u00e4use mit v\u00f6lliger Freiheit zu konfigurieren.<\/p><p class=\"\" data-start=\"753\" data-end=\"1118\">Alle unsere Paravents sind nicht nur ma\u00dfgeschneidert, sondern bestehen auch aus hochwertigen Materialien und werden in Spanien unter Einhaltung der Sicherheitsvorschriften und mit CE-Zulassung hergestellt. Unser Team begleitet den Kunden w\u00e4hrend des gesamten Prozesses, von der Wahl des Modells bis zur endg\u00fcltigen Installation, um ein dauerhaftes, \u00e4sthetisches und an seine Bed\u00fcrfnisse angepasstes Ergebnis zu gew\u00e4hrleisten.<\/p><p class=\"\" data-start=\"1120\" data-end=\"1199\">Mit Co\u00ednWindows wird Ihr Bad zu einem pers\u00f6nlichen Wellness-Raum.<\/p>\t\t\t\t\t\t\t\t<\/div>\n\t\t\t\t<\/div>\n\t\t\t\t<\/div>\n\t\t<div class=\"elementor-element elementor-element-2f14ea25 e-con-full e-flex e-con e-child\" data-id=\"2f14ea25\" data-element_type=\"container\" data-settings=\"{&quot;background_background&quot;:&quot;classic&quot;}\">\n\t\t\t\t<\/div>\n\t\t\t\t\t<\/div>\n\t\t\t\t<\/div>\n\t\t<div class=\"elementor-element elementor-element-7868886 e-flex e-con-boxed e-con e-parent\" data-id=\"7868886\" data-element_type=\"container\">\n\t\t\t\t\t<div class=\"e-con-inner\">\n\t\t\t\t<div class=\"elementor-element elementor-element-40e9be10 elementor-widget elementor-widget-heading\" data-id=\"40e9be10\" data-element_type=\"widget\" data-widget_type=\"heading.default\">\n\t\t\t\t<div class=\"elementor-widget-container\">\n\t\t\t\t\t<h2 class=\"elementor-heading-title elementor-size-default\">Ma\u00dfgeschneiderte Fenster f\u00fcr sichereres, helleres und effizienteres Wohnen<\/h2>\t\t\t\t<\/div>\n\t\t\t\t<\/div>\n\t\t\t\t<div class=\"elementor-element elementor-element-9dc919a elementor-widget__width-initial elementor-widget elementor-widget-text-editor\" data-id=\"9dc919a\" data-element_type=\"widget\" data-widget_type=\"text-editor.default\">\n\t\t\t\t<div class=\"elementor-widget-container\">\n\t\t\t\t\t\t\t\t\t<p>Wir entwerfen und installieren qualitativ hochwertige Fenster, die die Sicherheit, Isolierung und \u00c4sthetik Ihres Hauses verbessern. Sprechen Sie mit unserem Team und entdecken Sie, wie Sie Ihre R\u00e4ume ver\u00e4ndern k\u00f6nnen.<\/p>\t\t\t\t\t\t\t\t<\/div>\n\t\t\t\t<\/div>\n\t\t\t\t<div class=\"elementor-element elementor-element-1d354ac1 elementor-align-center elementor-invisible elementor-widget elementor-widget-button\" data-id=\"1d354ac1\" data-element_type=\"widget\" data-settings=\"{&quot;_animation&quot;:&quot;fadeInDown&quot;}\" data-widget_type=\"button.default\">\n\t\t\t\t<div class=\"elementor-widget-container\">\n\t\t\t\t\t\t\t\t\t<div class=\"elementor-button-wrapper\">\n\t\t\t\t\t<a class=\"elementor-button elementor-button-link elementor-size-sm\" href=\"https:\/\/wa.me\/34621206049\">\n\t\t\t\t\t\t<span class=\"elementor-button-content-wrapper\">\n\t\t\t\t\t\t\t\t\t<span class=\"elementor-button-text\">Kontakt<\/span>\n\t\t\t\t\t<\/span>\n\t\t\t\t\t<\/a>\n\t\t\t\t<\/div>\n\t\t\t\t\t\t\t\t<\/div>\n\t\t\t\t<\/div>\n\t\t\t\t\t<\/div>\n\t\t\t\t<\/div>\n\t\t\t\t<\/div>","protected":false},"excerpt":{"rendered":"<p>Mamparas de Ducha y Ba\u00f1o a Medida En Co\u00ednWindows dise\u00f1amos mamparas de ba\u00f1o personalizadas que se adaptan a cada espacio [&hellip;]<\/p>","protected":false},"author":1,"featured_media":94,"parent":0,"menu_order":0,"comment_status":"closed","ping_status":"closed","template":"elementor_header_footer","meta":{"site-sidebar-layout":"default","site-content-layout":"","ast-site-content-layout":"","site-content-style":"default","site-sidebar-style":"default","ast-global-header-display":"","ast-banner-title-visibility":"","ast-main-header-display":"","ast-hfb-above-header-display":"","ast-hfb-below-header-display":"","ast-hfb-mobile-header-display":"","site-post-title":"","ast-breadcrumbs-content":"","ast-featured-img":"","footer-sml-layout":"","theme-transparent-header-meta":"","adv-header-id-meta":"","stick-header-meta":"","header-above-stick-meta":"","header-main-stick-meta":"","header-below-stick-meta":"","astra-migrate-meta-layouts":"default","ast-page-background-enabled":"default","ast-page-background-meta":{"desktop":{"background-color":"var(--ast-global-color-5)","background-image":"","background-repeat":"repeat","background-position":"center center","background-size":"auto","background-attachment":"scroll","background-type":"","background-media":"","overlay-type":"","overlay-color":"","overlay-opacity":"","overlay-gradient":""},"tablet":{"background-color":"","background-image":"","background-repeat":"repeat","background-position":"center center","background-size":"auto","background-attachment":"scroll","background-type":"","background-media":"","overlay-type":"","overlay-color":"","overlay-opacity":"","overlay-gradient":""},"mobile":{"background-color":"","background-image":"","background-repeat":"repeat","background-position":"center center","background-size":"auto","background-attachment":"scroll","background-type":"","background-media":"","overlay-type":"","overlay-color":"","overlay-opacity":"","overlay-gradient":""}},"ast-content-background-meta":{"desktop":{"background-color":"var(--ast-global-color-4)","background-image":"","background-repeat":"repeat","background-position":"center center","background-size":"auto","background-attachment":"scroll","background-type":"","background-media":"","overlay-type":"","overlay-color":"","overlay-opacity":"","overlay-gradient":""},"tablet":{"background-color":"var(--ast-global-color-4)","background-image":"","background-repeat":"repeat","background-position":"center center","background-size":"auto","background-attachment":"scroll","background-type":"","background-media":"","overlay-type":"","overlay-color":"","overlay-opacity":"","overlay-gradient":""},"mobile":{"background-color":"var(--ast-global-color-4)","background-image":"","background-repeat":"repeat","background-position":"center center","background-size":"auto","background-attachment":"scroll","background-type":"","background-media":"","overlay-type":"","overlay-color":"","overlay-opacity":"","overlay-gradient":""}},"footnotes":""},"class_list":["post-146","page","type-page","status-publish","has-post-thumbnail","hentry"],"yoast_head":"<!-- This site is optimized with the Yoast SEO plugin v24.9 - https:\/\/yoast.com\/wordpress\/plugins\/seo\/ -->\n<title>Mamparas de Ducha y Ba\u00f1o - coinwindows.com<\/title>\n<meta name=\"description\" content=\"Mamparas de Ducha y Ba\u00f1o Mamparas a medida con vidrio decorado, perfiler\u00eda personalizable y calidad 100% nacional. Dise\u00f1o para tu ba\u00f1o.\" \/>\n<meta name=\"robots\" content=\"index, follow, max-snippet:-1, max-image-preview:large, max-video-preview:-1\" \/>\n<link rel=\"canonical\" href=\"https:\/\/coinwindows.com\/de\/instalador-mamparas-ducha-costa-del-sol\/\" \/>\n<meta property=\"og:locale\" content=\"de_DE\" \/>\n<meta property=\"og:type\" content=\"article\" \/>\n<meta property=\"og:title\" content=\"Mamparas de Ducha y Ba\u00f1o - coinwindows.com\" \/>\n<meta property=\"og:description\" content=\"Mamparas de Ducha y Ba\u00f1o Mamparas a medida con vidrio decorado, perfiler\u00eda personalizable y calidad 100% nacional. Dise\u00f1o para tu ba\u00f1o.\" \/>\n<meta property=\"og:url\" content=\"https:\/\/coinwindows.com\/de\/instalador-mamparas-ducha-costa-del-sol\/\" \/>\n<meta property=\"og:site_name\" content=\"coinwindows.com\" \/>\n<meta property=\"article:modified_time\" content=\"2025-04-09T07:49:11+00:00\" \/>\n<meta property=\"og:image\" content=\"https:\/\/coinwindows.com\/wp-content\/uploads\/2025\/04\/mamparas-ducha.webp\" \/>\n\t<meta property=\"og:image:width\" content=\"125\" \/>\n\t<meta property=\"og:image:height\" content=\"125\" \/>\n\t<meta property=\"og:image:type\" content=\"image\/webp\" \/>\n<meta name=\"twitter:card\" content=\"summary_large_image\" \/>\n<meta name=\"twitter:label1\" content=\"Gesch\u00e4tzte Lesezeit\" \/>\n\t<meta name=\"twitter:data1\" content=\"2\u00a0Minuten\" \/>\n<script type=\"application\/ld+json\" class=\"yoast-schema-graph\">{\"@context\":\"https:\/\/schema.org\",\"@graph\":[{\"@type\":\"WebPage\",\"@id\":\"https:\/\/coinwindows.com\/de\/instalador-mamparas-ducha-costa-del-sol\/\",\"url\":\"https:\/\/coinwindows.com\/de\/instalador-mamparas-ducha-costa-del-sol\/\",\"name\":\"Mamparas de Ducha y Ba\u00f1o - coinwindows.com\",\"isPartOf\":{\"@id\":\"https:\/\/coinwindows.com\/#website\"},\"primaryImageOfPage\":{\"@id\":\"https:\/\/coinwindows.com\/de\/instalador-mamparas-ducha-costa-del-sol\/#primaryimage\"},\"image\":{\"@id\":\"https:\/\/coinwindows.com\/de\/instalador-mamparas-ducha-costa-del-sol\/#primaryimage\"},\"thumbnailUrl\":\"https:\/\/coinwindows.com\/wp-content\/uploads\/2025\/04\/mamparas-ducha.webp\",\"datePublished\":\"2025-04-08T13:36:47+00:00\",\"dateModified\":\"2025-04-09T07:49:11+00:00\",\"description\":\"Mamparas de Ducha y Ba\u00f1o Mamparas a medida con vidrio decorado, perfiler\u00eda personalizable y calidad 100% nacional. Dise\u00f1o para tu ba\u00f1o.\",\"breadcrumb\":{\"@id\":\"https:\/\/coinwindows.com\/de\/instalador-mamparas-ducha-costa-del-sol\/#breadcrumb\"},\"inLanguage\":\"de\",\"potentialAction\":[{\"@type\":\"ReadAction\",\"target\":[\"https:\/\/coinwindows.com\/de\/instalador-mamparas-ducha-costa-del-sol\/\"]}]},{\"@type\":\"ImageObject\",\"inLanguage\":\"de\",\"@id\":\"https:\/\/coinwindows.com\/de\/instalador-mamparas-ducha-costa-del-sol\/#primaryimage\",\"url\":\"https:\/\/coinwindows.com\/wp-content\/uploads\/2025\/04\/mamparas-ducha.webp\",\"contentUrl\":\"https:\/\/coinwindows.com\/wp-content\/uploads\/2025\/04\/mamparas-ducha.webp\",\"width\":125,\"height\":125},{\"@type\":\"BreadcrumbList\",\"@id\":\"https:\/\/coinwindows.com\/de\/instalador-mamparas-ducha-costa-del-sol\/#breadcrumb\",\"itemListElement\":[{\"@type\":\"ListItem\",\"position\":1,\"name\":\"Portada\",\"item\":\"https:\/\/coinwindows.com\/de\/\"},{\"@type\":\"ListItem\",\"position\":2,\"name\":\"Mamparas de Ducha y Ba\u00f1o\"}]},{\"@type\":\"WebSite\",\"@id\":\"https:\/\/coinwindows.com\/#website\",\"url\":\"https:\/\/coinwindows.com\/\",\"name\":\"coinwindows.com\",\"description\":\"\",\"publisher\":{\"@id\":\"https:\/\/coinwindows.com\/#organization\"},\"potentialAction\":[{\"@type\":\"SearchAction\",\"target\":{\"@type\":\"EntryPoint\",\"urlTemplate\":\"https:\/\/coinwindows.com\/?s={search_term_string}\"},\"query-input\":{\"@type\":\"PropertyValueSpecification\",\"valueRequired\":true,\"valueName\":\"search_term_string\"}}],\"inLanguage\":\"de\"},{\"@type\":\"Organization\",\"@id\":\"https:\/\/coinwindows.com\/#organization\",\"name\":\"coinwindows.com\",\"url\":\"https:\/\/coinwindows.com\/\",\"logo\":{\"@type\":\"ImageObject\",\"inLanguage\":\"de\",\"@id\":\"https:\/\/coinwindows.com\/#\/schema\/logo\/image\/\",\"url\":\"https:\/\/coinwindows.com\/wp-content\/uploads\/2025\/04\/Diseno-sin-titulo-2.png\",\"contentUrl\":\"https:\/\/coinwindows.com\/wp-content\/uploads\/2025\/04\/Diseno-sin-titulo-2.png\",\"width\":500,\"height\":500,\"caption\":\"coinwindows.com\"},\"image\":{\"@id\":\"https:\/\/coinwindows.com\/#\/schema\/logo\/image\/\"}}]}<\/script>\n<!-- \/ Yoast SEO plugin. -->","yoast_head_json":{"title":"Mamparas de Ducha y Ba\u00f1o - coinwindows.com","description":"Mamparas de Ducha y Ba\u00f1o Mamparas a medida con vidrio decorado, perfiler\u00eda personalizable y calidad 100% nacional. Dise\u00f1o para tu ba\u00f1o.","robots":{"index":"index","follow":"follow","max-snippet":"max-snippet:-1","max-image-preview":"max-image-preview:large","max-video-preview":"max-video-preview:-1"},"canonical":"https:\/\/coinwindows.com\/de\/instalador-mamparas-ducha-costa-del-sol\/","og_locale":"de_DE","og_type":"article","og_title":"Mamparas de Ducha y Ba\u00f1o - coinwindows.com","og_description":"Mamparas de Ducha y Ba\u00f1o Mamparas a medida con vidrio decorado, perfiler\u00eda personalizable y calidad 100% nacional. Dise\u00f1o para tu ba\u00f1o.","og_url":"https:\/\/coinwindows.com\/de\/instalador-mamparas-ducha-costa-del-sol\/","og_site_name":"coinwindows.com","article_modified_time":"2025-04-09T07:49:11+00:00","og_image":[{"width":125,"height":125,"url":"https:\/\/coinwindows.com\/wp-content\/uploads\/2025\/04\/mamparas-ducha.webp","type":"image\/webp"}],"twitter_card":"summary_large_image","twitter_misc":{"Gesch\u00e4tzte Lesezeit":"2\u00a0Minuten"},"schema":{"@context":"https:\/\/schema.org","@graph":[{"@type":"WebPage","@id":"https:\/\/coinwindows.com\/de\/instalador-mamparas-ducha-costa-del-sol\/","url":"https:\/\/coinwindows.com\/de\/instalador-mamparas-ducha-costa-del-sol\/","name":"Mamparas de Ducha y Ba\u00f1o - coinwindows.com","isPartOf":{"@id":"https:\/\/coinwindows.com\/#website"},"primaryImageOfPage":{"@id":"https:\/\/coinwindows.com\/de\/instalador-mamparas-ducha-costa-del-sol\/#primaryimage"},"image":{"@id":"https:\/\/coinwindows.com\/de\/instalador-mamparas-ducha-costa-del-sol\/#primaryimage"},"thumbnailUrl":"https:\/\/coinwindows.com\/wp-content\/uploads\/2025\/04\/mamparas-ducha.webp","datePublished":"2025-04-08T13:36:47+00:00","dateModified":"2025-04-09T07:49:11+00:00","description":"Mamparas de Ducha y Ba\u00f1o Mamparas a medida con vidrio decorado, perfiler\u00eda personalizable y calidad 100% nacional. Dise\u00f1o para tu ba\u00f1o.","breadcrumb":{"@id":"https:\/\/coinwindows.com\/de\/instalador-mamparas-ducha-costa-del-sol\/#breadcrumb"},"inLanguage":"de","potentialAction":[{"@type":"ReadAction","target":["https:\/\/coinwindows.com\/de\/instalador-mamparas-ducha-costa-del-sol\/"]}]},{"@type":"ImageObject","inLanguage":"de","@id":"https:\/\/coinwindows.com\/de\/instalador-mamparas-ducha-costa-del-sol\/#primaryimage","url":"https:\/\/coinwindows.com\/wp-content\/uploads\/2025\/04\/mamparas-ducha.webp","contentUrl":"https:\/\/coinwindows.com\/wp-content\/uploads\/2025\/04\/mamparas-ducha.webp","width":125,"height":125},{"@type":"BreadcrumbList","@id":"https:\/\/coinwindows.com\/de\/instalador-mamparas-ducha-costa-del-sol\/#breadcrumb","itemListElement":[{"@type":"ListItem","position":1,"name":"Portada","item":"https:\/\/coinwindows.com\/de\/"},{"@type":"ListItem","position":2,"name":"Mamparas de Ducha y Ba\u00f1o"}]},{"@type":"WebSite","@id":"https:\/\/coinwindows.com\/#website","url":"https:\/\/coinwindows.com\/","name":"m\u00fcnzfenster.de","description":"","publisher":{"@id":"https:\/\/coinwindows.com\/#organization"},"potentialAction":[{"@type":"SearchAction","target":{"@type":"EntryPoint","urlTemplate":"https:\/\/coinwindows.com\/?s={search_term_string}"},"query-input":{"@type":"PropertyValueSpecification","valueRequired":true,"valueName":"search_term_string"}}],"inLanguage":"de"},{"@type":"Organization","@id":"https:\/\/coinwindows.com\/#organization","name":"m\u00fcnzfenster.de","url":"https:\/\/coinwindows.com\/","logo":{"@type":"ImageObject","inLanguage":"de","@id":"https:\/\/coinwindows.com\/#\/schema\/logo\/image\/","url":"https:\/\/coinwindows.com\/wp-content\/uploads\/2025\/04\/Diseno-sin-titulo-2.png","contentUrl":"https:\/\/coinwindows.com\/wp-content\/uploads\/2025\/04\/Diseno-sin-titulo-2.png","width":500,"height":500,"caption":"coinwindows.com"},"image":{"@id":"https:\/\/coinwindows.com\/#\/schema\/logo\/image\/"}}]}},"_links":{"self":[{"href":"https:\/\/coinwindows.com\/de\/wp-json\/wp\/v2\/pages\/146","targetHints":{"allow":["GET"]}}],"collection":[{"href":"https:\/\/coinwindows.com\/de\/wp-json\/wp\/v2\/pages"}],"about":[{"href":"https:\/\/coinwindows.com\/de\/wp-json\/wp\/v2\/types\/page"}],"author":[{"embeddable":true,"href":"https:\/\/coinwindows.com\/de\/wp-json\/wp\/v2\/users\/1"}],"replies":[{"embeddable":true,"href":"https:\/\/coinwindows.com\/de\/wp-json\/wp\/v2\/comments?post=146"}],"version-history":[{"count":7,"href":"https:\/\/coinwindows.com\/de\/wp-json\/wp\/v2\/pages\/146\/revisions"}],"predecessor-version":[{"id":284,"href":"https:\/\/coinwindows.com\/de\/wp-json\/wp\/v2\/pages\/146\/revisions\/284"}],"wp:featuredmedia":[{"embeddable":true,"href":"https:\/\/coinwindows.com\/de\/wp-json\/wp\/v2\/media\/94"}],"wp:attachment":[{"href":"https:\/\/coinwindows.com\/de\/wp-json\/wp\/v2\/media?parent=146"}],"curies":[{"name":"wp","href":"https:\/\/api.w.org\/{rel}","templated":true}]}}