{"id":150,"date":"2025-04-08T13:36:56","date_gmt":"2025-04-08T13:36:56","guid":{"rendered":"https:\/\/coinwindows.com\/?page_id=150"},"modified":"2025-04-09T07:49:56","modified_gmt":"2025-04-09T07:49:56","slug":"pergolas-bioclimaticas-costa-del-sol","status":"publish","type":"page","link":"https:\/\/coinwindows.com\/de\/pergolas-bioclimaticas-costa-del-sol\/","title":{"rendered":"Bioklimatische Pergolen"},"content":{"rendered":"<div data-elementor-type=\"wp-page\" data-elementor-id=\"150\" class=\"elementor elementor-150\" data-elementor-post-type=\"page\">\n\t\t\t\t<div class=\"elementor-element elementor-element-79337ab3 e-flex e-con-boxed e-con e-parent\" data-id=\"79337ab3\" data-element_type=\"container\">\n\t\t\t\t\t<div class=\"e-con-inner\">\n\t\t\t\t<div class=\"elementor-element elementor-element-194f2976 elementor-widget elementor-widget-heading\" data-id=\"194f2976\" data-element_type=\"widget\" data-widget_type=\"heading.default\">\n\t\t\t\t<div class=\"elementor-widget-container\">\n\t\t\t\t\t<h1 class=\"elementor-heading-title elementor-size-default\">Ma\u00dfgeschneiderte bioklimatische Pergolen<\/h1>\t\t\t\t<\/div>\n\t\t\t\t<\/div>\n\t\t\t\t<div class=\"elementor-element elementor-element-47d860d6 elementor-widget-divider--view-line elementor-widget elementor-widget-divider\" data-id=\"47d860d6\" data-element_type=\"widget\" data-widget_type=\"divider.default\">\n\t\t\t\t<div class=\"elementor-widget-container\">\n\t\t\t\t\t\t\t<div class=\"elementor-divider\">\n\t\t\t<span class=\"elementor-divider-separator\">\n\t\t\t\t\t\t<\/span>\n\t\t<\/div>\n\t\t\t\t\t\t<\/div>\n\t\t\t\t<\/div>\n\t\t\t\t<div class=\"elementor-element elementor-element-647280b7 elementor-widget__width-initial elementor-widget-tablet__width-initial elementor-widget elementor-widget-heading\" data-id=\"647280b7\" data-element_type=\"widget\" data-widget_type=\"heading.default\">\n\t\t\t\t<div class=\"elementor-widget-container\">\n\t\t\t\t\t<h5 class=\"elementor-heading-title elementor-size-default\">Wir von Co\u00ednWindows entwerfen bioklimatische Pergolen, die Innovation, Komfort und Design vereinen und es Ihnen erm\u00f6glichen, das ganze Jahr \u00fcber den Au\u00dfenbereich zu genie\u00dfen. <\/h5>\t\t\t\t<\/div>\n\t\t\t\t<\/div>\n\t\t\t\t\t<\/div>\n\t\t\t\t<\/div>\n\t\t<div class=\"elementor-element elementor-element-7e361ef8 e-flex e-con-boxed e-con e-parent\" data-id=\"7e361ef8\" data-element_type=\"container\" id=\"service1\">\n\t\t\t\t\t<div class=\"e-con-inner\">\n\t\t<div class=\"elementor-element elementor-element-132928fd e-con-full e-flex e-con e-child\" data-id=\"132928fd\" data-element_type=\"container\">\n\t\t\t\t<div class=\"elementor-element elementor-element-62b9e50a elementor-widget elementor-widget-heading\" data-id=\"62b9e50a\" data-element_type=\"widget\" data-widget_type=\"heading.default\">\n\t\t\t\t<div class=\"elementor-widget-container\">\n\t\t\t\t\t<h2 class=\"elementor-heading-title elementor-size-default\">Bioklimatische Pergolen<\/h2>\t\t\t\t<\/div>\n\t\t\t\t<\/div>\n\t\t\t\t<div class=\"elementor-element elementor-element-7f0d478e elementor-widget elementor-widget-text-editor\" data-id=\"7f0d478e\" data-element_type=\"widget\" data-widget_type=\"text-editor.default\">\n\t\t\t\t<div class=\"elementor-widget-container\">\n\t\t\t\t\t\t\t\t\t<p class=\"\" data-start=\"0\" data-end=\"463\">Wir von Co\u00ednWindows entwerfen bioklimatische Pergolen, die Innovation, Komfort und Design vereinen und es Ihnen erm\u00f6glichen, das ganze Jahr \u00fcber den Au\u00dfenbereich zu genie\u00dfen. Diese intelligenten Strukturen passen sich den klimatischen Bedingungen durch verstellbare Lamellen an, die den Lichteinfall, die Bel\u00fcftung und den Schutz vor Regen regeln und so bewohnbare und vielseitige R\u00e4ume auf Terrassen, in G\u00e4rten oder Au\u00dfenbereichen von H\u00e4usern und Unternehmen schaffen.<\/p><p class=\"\" data-start=\"465\" data-end=\"865\">Komfort und integrierte Technologie<br data-start=\"495\" data-end=\"498\" \/>Unsere Pergolen bieten vier wichtige Funktionen in einem einzigen System: Sonnen- und Regenschutz, nat\u00fcrliche Bel\u00fcftung, W\u00e4rmeregulierung und Lichtsteuerung. Dank ihres automatisierten Designs ist es m\u00f6glich, die Ausrichtung der Lamellen \u00fcber Ihr Smartphone, Tablet oder Ihre Fernbedienung einzustellen, und sie k\u00f6nnen leicht in bestehende Hausautomationssysteme integriert werden.<\/p><p class=\"\" data-start=\"867\" data-end=\"1194\">Dar\u00fcber hinaus stehen LED-Beleuchtung und Infrarotheizung zur Verf\u00fcgung, um sowohl im Sommer als auch im Winter eine warme und komfortable Umgebung zu schaffen. Die dimmbare Beleuchtung und die vollst\u00e4ndige Steuerung \u00fcber mobile Ger\u00e4te sorgen f\u00fcr ein individuelles und komfortables Erlebnis zu jeder Tages- und Jahreszeit.<\/p><p class=\"\" data-start=\"1196\" data-end=\"1443\">Die bioklimatischen Pergolen von Co\u00ednWindows vergr\u00f6\u00dfern nicht nur den Wohnraum, sondern verwandeln ihn auch in einen funktionalen, modernen und \u00e4sthetisch integrierten Au\u00dfenbereich. Eine innovative L\u00f6sung, um Ihr Zuhause in vollen Z\u00fcgen zu genie\u00dfen.<\/p>\t\t\t\t\t\t\t\t<\/div>\n\t\t\t\t<\/div>\n\t\t\t\t<\/div>\n\t\t<div class=\"elementor-element elementor-element-2f14ea25 e-con-full e-flex e-con e-child\" data-id=\"2f14ea25\" data-element_type=\"container\" data-settings=\"{&quot;background_background&quot;:&quot;classic&quot;}\">\n\t\t\t\t<\/div>\n\t\t\t\t\t<\/div>\n\t\t\t\t<\/div>\n\t\t<div class=\"elementor-element elementor-element-7868886 e-flex e-con-boxed e-con e-parent\" data-id=\"7868886\" data-element_type=\"container\">\n\t\t\t\t\t<div class=\"e-con-inner\">\n\t\t\t\t<div class=\"elementor-element elementor-element-40e9be10 elementor-widget elementor-widget-heading\" data-id=\"40e9be10\" data-element_type=\"widget\" data-widget_type=\"heading.default\">\n\t\t\t\t<div class=\"elementor-widget-container\">\n\t\t\t\t\t<h2 class=\"elementor-heading-title elementor-size-default\">Ma\u00dfgeschneiderte Fenster f\u00fcr sichereres, helleres und effizienteres Wohnen<\/h2>\t\t\t\t<\/div>\n\t\t\t\t<\/div>\n\t\t\t\t<div class=\"elementor-element elementor-element-9dc919a elementor-widget__width-initial elementor-widget elementor-widget-text-editor\" data-id=\"9dc919a\" data-element_type=\"widget\" data-widget_type=\"text-editor.default\">\n\t\t\t\t<div class=\"elementor-widget-container\">\n\t\t\t\t\t\t\t\t\t<p>Wir entwerfen und installieren qualitativ hochwertige Fenster, die die Sicherheit, Isolierung und \u00c4sthetik Ihres Hauses verbessern. Sprechen Sie mit unserem Team und entdecken Sie, wie Sie Ihre R\u00e4ume ver\u00e4ndern k\u00f6nnen.<\/p>\t\t\t\t\t\t\t\t<\/div>\n\t\t\t\t<\/div>\n\t\t\t\t<div class=\"elementor-element elementor-element-1d354ac1 elementor-align-center elementor-invisible elementor-widget elementor-widget-button\" data-id=\"1d354ac1\" data-element_type=\"widget\" data-settings=\"{&quot;_animation&quot;:&quot;fadeInDown&quot;}\" data-widget_type=\"button.default\">\n\t\t\t\t<div class=\"elementor-widget-container\">\n\t\t\t\t\t\t\t\t\t<div class=\"elementor-button-wrapper\">\n\t\t\t\t\t<a class=\"elementor-button elementor-button-link elementor-size-sm\" href=\"https:\/\/wa.me\/34621206049\">\n\t\t\t\t\t\t<span class=\"elementor-button-content-wrapper\">\n\t\t\t\t\t\t\t\t\t<span class=\"elementor-button-text\">Kontakt<\/span>\n\t\t\t\t\t<\/span>\n\t\t\t\t\t<\/a>\n\t\t\t\t<\/div>\n\t\t\t\t\t\t\t\t<\/div>\n\t\t\t\t<\/div>\n\t\t\t\t\t<\/div>\n\t\t\t\t<\/div>\n\t\t\t\t<\/div>","protected":false},"excerpt":{"rendered":"<p>P\u00e9rgolas Bioclim\u00e1ticas a Medida En Co\u00ednWindows dise\u00f1amos p\u00e9rgolas bioclim\u00e1ticas que combinan innovaci\u00f3n, confort y dise\u00f1o, permitiendo disfrutar del exterior durante [&hellip;]<\/p>","protected":false},"author":1,"featured_media":238,"parent":0,"menu_order":0,"comment_status":"closed","ping_status":"closed","template":"elementor_header_footer","meta":{"site-sidebar-layout":"default","site-content-layout":"","ast-site-content-layout":"","site-content-style":"default","site-sidebar-style":"default","ast-global-header-display":"","ast-banner-title-visibility":"","ast-main-header-display":"","ast-hfb-above-header-display":"","ast-hfb-below-header-display":"","ast-hfb-mobile-header-display":"","site-post-title":"","ast-breadcrumbs-content":"","ast-featured-img":"","footer-sml-layout":"","theme-transparent-header-meta":"","adv-header-id-meta":"","stick-header-meta":"","header-above-stick-meta":"","header-main-stick-meta":"","header-below-stick-meta":"","astra-migrate-meta-layouts":"default","ast-page-background-enabled":"default","ast-page-background-meta":{"desktop":{"background-color":"var(--ast-global-color-5)","background-image":"","background-repeat":"repeat","background-position":"center center","background-size":"auto","background-attachment":"scroll","background-type":"","background-media":"","overlay-type":"","overlay-color":"","overlay-opacity":"","overlay-gradient":""},"tablet":{"background-color":"","background-image":"","background-repeat":"repeat","background-position":"center center","background-size":"auto","background-attachment":"scroll","background-type":"","background-media":"","overlay-type":"","overlay-color":"","overlay-opacity":"","overlay-gradient":""},"mobile":{"background-color":"","background-image":"","background-repeat":"repeat","background-position":"center center","background-size":"auto","background-attachment":"scroll","background-type":"","background-media":"","overlay-type":"","overlay-color":"","overlay-opacity":"","overlay-gradient":""}},"ast-content-background-meta":{"desktop":{"background-color":"var(--ast-global-color-4)","background-image":"","background-repeat":"repeat","background-position":"center center","background-size":"auto","background-attachment":"scroll","background-type":"","background-media":"","overlay-type":"","overlay-color":"","overlay-opacity":"","overlay-gradient":""},"tablet":{"background-color":"var(--ast-global-color-4)","background-image":"","background-repeat":"repeat","background-position":"center center","background-size":"auto","background-attachment":"scroll","background-type":"","background-media":"","overlay-type":"","overlay-color":"","overlay-opacity":"","overlay-gradient":""},"mobile":{"background-color":"var(--ast-global-color-4)","background-image":"","background-repeat":"repeat","background-position":"center center","background-size":"auto","background-attachment":"scroll","background-type":"","background-media":"","overlay-type":"","overlay-color":"","overlay-opacity":"","overlay-gradient":""}},"footnotes":""},"class_list":["post-150","page","type-page","status-publish","has-post-thumbnail","hentry"],"yoast_head":"<!-- This site is optimized with the Yoast SEO plugin v24.9 - https:\/\/yoast.com\/wordpress\/plugins\/seo\/ -->\n<title>P\u00e9rgolas Bioclim\u00e1ticas - coinwindows.com<\/title>\n<meta name=\"description\" content=\"P\u00e9rgolas Bioclim\u00e1ticas Controla la luz, el calor y la ventilaci\u00f3n con p\u00e9rgolas bioclim\u00e1ticas motorizadas y dise\u00f1o moderno.\" \/>\n<meta name=\"robots\" content=\"index, follow, max-snippet:-1, max-image-preview:large, max-video-preview:-1\" \/>\n<link rel=\"canonical\" href=\"https:\/\/coinwindows.com\/de\/pergolas-bioclimaticas-costa-del-sol\/\" \/>\n<meta property=\"og:locale\" content=\"de_DE\" \/>\n<meta property=\"og:type\" content=\"article\" \/>\n<meta property=\"og:title\" content=\"P\u00e9rgolas Bioclim\u00e1ticas - coinwindows.com\" \/>\n<meta property=\"og:description\" content=\"P\u00e9rgolas Bioclim\u00e1ticas Controla la luz, el calor y la ventilaci\u00f3n con p\u00e9rgolas bioclim\u00e1ticas motorizadas y dise\u00f1o moderno.\" \/>\n<meta property=\"og:url\" content=\"https:\/\/coinwindows.com\/de\/pergolas-bioclimaticas-costa-del-sol\/\" \/>\n<meta property=\"og:site_name\" content=\"coinwindows.com\" \/>\n<meta property=\"article:modified_time\" content=\"2025-04-09T07:49:56+00:00\" \/>\n<meta property=\"og:image\" content=\"https:\/\/coinwindows.com\/wp-content\/uploads\/2025\/04\/Pergolas-Bioclimaticas.jpg\" \/>\n\t<meta property=\"og:image:width\" content=\"1920\" \/>\n\t<meta property=\"og:image:height\" content=\"1279\" \/>\n\t<meta property=\"og:image:type\" content=\"image\/jpeg\" \/>\n<meta name=\"twitter:card\" content=\"summary_large_image\" \/>\n<meta name=\"twitter:label1\" content=\"Gesch\u00e4tzte Lesezeit\" \/>\n\t<meta name=\"twitter:data1\" content=\"2\u00a0Minuten\" \/>\n<script type=\"application\/ld+json\" class=\"yoast-schema-graph\">{\"@context\":\"https:\/\/schema.org\",\"@graph\":[{\"@type\":\"WebPage\",\"@id\":\"https:\/\/coinwindows.com\/en\/pergolas-bioclimaticas-costa-del-sol\/\",\"url\":\"https:\/\/coinwindows.com\/en\/pergolas-bioclimaticas-costa-del-sol\/\",\"name\":\"P\u00e9rgolas Bioclim\u00e1ticas - coinwindows.com\",\"isPartOf\":{\"@id\":\"https:\/\/coinwindows.com\/#website\"},\"primaryImageOfPage\":{\"@id\":\"https:\/\/coinwindows.com\/en\/pergolas-bioclimaticas-costa-del-sol\/#primaryimage\"},\"image\":{\"@id\":\"https:\/\/coinwindows.com\/en\/pergolas-bioclimaticas-costa-del-sol\/#primaryimage\"},\"thumbnailUrl\":\"https:\/\/coinwindows.com\/wp-content\/uploads\/2025\/04\/Pergolas-Bioclimaticas.jpg\",\"datePublished\":\"2025-04-08T13:36:56+00:00\",\"dateModified\":\"2025-04-09T07:49:56+00:00\",\"description\":\"P\u00e9rgolas Bioclim\u00e1ticas Controla la luz, el calor y la ventilaci\u00f3n con p\u00e9rgolas bioclim\u00e1ticas motorizadas y dise\u00f1o moderno.\",\"breadcrumb\":{\"@id\":\"https:\/\/coinwindows.com\/en\/pergolas-bioclimaticas-costa-del-sol\/#breadcrumb\"},\"inLanguage\":\"de\",\"potentialAction\":[{\"@type\":\"ReadAction\",\"target\":[\"https:\/\/coinwindows.com\/en\/pergolas-bioclimaticas-costa-del-sol\/\"]}]},{\"@type\":\"ImageObject\",\"inLanguage\":\"de\",\"@id\":\"https:\/\/coinwindows.com\/en\/pergolas-bioclimaticas-costa-del-sol\/#primaryimage\",\"url\":\"https:\/\/coinwindows.com\/wp-content\/uploads\/2025\/04\/Pergolas-Bioclimaticas.jpg\",\"contentUrl\":\"https:\/\/coinwindows.com\/wp-content\/uploads\/2025\/04\/Pergolas-Bioclimaticas.jpg\",\"width\":1920,\"height\":1279,\"caption\":\"Pergolas Bioclimaticas\"},{\"@type\":\"BreadcrumbList\",\"@id\":\"https:\/\/coinwindows.com\/en\/pergolas-bioclimaticas-costa-del-sol\/#breadcrumb\",\"itemListElement\":[{\"@type\":\"ListItem\",\"position\":1,\"name\":\"Portada\",\"item\":\"https:\/\/coinwindows.com\/de\/\"},{\"@type\":\"ListItem\",\"position\":2,\"name\":\"P\u00e9rgolas Bioclim\u00e1ticas\"}]},{\"@type\":\"WebSite\",\"@id\":\"https:\/\/coinwindows.com\/#website\",\"url\":\"https:\/\/coinwindows.com\/\",\"name\":\"coinwindows.com\",\"description\":\"\",\"publisher\":{\"@id\":\"https:\/\/coinwindows.com\/#organization\"},\"potentialAction\":[{\"@type\":\"SearchAction\",\"target\":{\"@type\":\"EntryPoint\",\"urlTemplate\":\"https:\/\/coinwindows.com\/?s={search_term_string}\"},\"query-input\":{\"@type\":\"PropertyValueSpecification\",\"valueRequired\":true,\"valueName\":\"search_term_string\"}}],\"inLanguage\":\"de\"},{\"@type\":\"Organization\",\"@id\":\"https:\/\/coinwindows.com\/#organization\",\"name\":\"coinwindows.com\",\"url\":\"https:\/\/coinwindows.com\/\",\"logo\":{\"@type\":\"ImageObject\",\"inLanguage\":\"de\",\"@id\":\"https:\/\/coinwindows.com\/#\/schema\/logo\/image\/\",\"url\":\"https:\/\/coinwindows.com\/wp-content\/uploads\/2025\/04\/Diseno-sin-titulo-2.png\",\"contentUrl\":\"https:\/\/coinwindows.com\/wp-content\/uploads\/2025\/04\/Diseno-sin-titulo-2.png\",\"width\":500,\"height\":500,\"caption\":\"coinwindows.com\"},\"image\":{\"@id\":\"https:\/\/coinwindows.com\/#\/schema\/logo\/image\/\"}}]}<\/script>\n<!-- \/ Yoast SEO plugin. -->","yoast_head_json":{"title":"P\u00e9rgolas Bioclim\u00e1ticas - coinwindows.com","description":"P\u00e9rgolas Bioclim\u00e1ticas Controla la luz, el calor y la ventilaci\u00f3n con p\u00e9rgolas bioclim\u00e1ticas motorizadas y dise\u00f1o moderno.","robots":{"index":"index","follow":"follow","max-snippet":"max-snippet:-1","max-image-preview":"max-image-preview:large","max-video-preview":"max-video-preview:-1"},"canonical":"https:\/\/coinwindows.com\/de\/pergolas-bioclimaticas-costa-del-sol\/","og_locale":"de_DE","og_type":"article","og_title":"P\u00e9rgolas Bioclim\u00e1ticas - coinwindows.com","og_description":"P\u00e9rgolas Bioclim\u00e1ticas Controla la luz, el calor y la ventilaci\u00f3n con p\u00e9rgolas bioclim\u00e1ticas motorizadas y dise\u00f1o moderno.","og_url":"https:\/\/coinwindows.com\/de\/pergolas-bioclimaticas-costa-del-sol\/","og_site_name":"coinwindows.com","article_modified_time":"2025-04-09T07:49:56+00:00","og_image":[{"width":1920,"height":1279,"url":"https:\/\/coinwindows.com\/wp-content\/uploads\/2025\/04\/Pergolas-Bioclimaticas.jpg","type":"image\/jpeg"}],"twitter_card":"summary_large_image","twitter_misc":{"Gesch\u00e4tzte Lesezeit":"2\u00a0Minuten"},"schema":{"@context":"https:\/\/schema.org","@graph":[{"@type":"WebPage","@id":"https:\/\/coinwindows.com\/en\/pergolas-bioclimaticas-costa-del-sol\/","url":"https:\/\/coinwindows.com\/en\/pergolas-bioclimaticas-costa-del-sol\/","name":"P\u00e9rgolas Bioclim\u00e1ticas - coinwindows.com","isPartOf":{"@id":"https:\/\/coinwindows.com\/#website"},"primaryImageOfPage":{"@id":"https:\/\/coinwindows.com\/en\/pergolas-bioclimaticas-costa-del-sol\/#primaryimage"},"image":{"@id":"https:\/\/coinwindows.com\/en\/pergolas-bioclimaticas-costa-del-sol\/#primaryimage"},"thumbnailUrl":"https:\/\/coinwindows.com\/wp-content\/uploads\/2025\/04\/Pergolas-Bioclimaticas.jpg","datePublished":"2025-04-08T13:36:56+00:00","dateModified":"2025-04-09T07:49:56+00:00","description":"P\u00e9rgolas Bioclim\u00e1ticas Controla la luz, el calor y la ventilaci\u00f3n con p\u00e9rgolas bioclim\u00e1ticas motorizadas y dise\u00f1o moderno.","breadcrumb":{"@id":"https:\/\/coinwindows.com\/en\/pergolas-bioclimaticas-costa-del-sol\/#breadcrumb"},"inLanguage":"de","potentialAction":[{"@type":"ReadAction","target":["https:\/\/coinwindows.com\/en\/pergolas-bioclimaticas-costa-del-sol\/"]}]},{"@type":"ImageObject","inLanguage":"de","@id":"https:\/\/coinwindows.com\/en\/pergolas-bioclimaticas-costa-del-sol\/#primaryimage","url":"https:\/\/coinwindows.com\/wp-content\/uploads\/2025\/04\/Pergolas-Bioclimaticas.jpg","contentUrl":"https:\/\/coinwindows.com\/wp-content\/uploads\/2025\/04\/Pergolas-Bioclimaticas.jpg","width":1920,"height":1279,"caption":"Pergolas Bioclimaticas"},{"@type":"BreadcrumbList","@id":"https:\/\/coinwindows.com\/en\/pergolas-bioclimaticas-costa-del-sol\/#breadcrumb","itemListElement":[{"@type":"ListItem","position":1,"name":"Portada","item":"https:\/\/coinwindows.com\/de\/"},{"@type":"ListItem","position":2,"name":"P\u00e9rgolas Bioclim\u00e1ticas"}]},{"@type":"WebSite","@id":"https:\/\/coinwindows.com\/#website","url":"https:\/\/coinwindows.com\/","name":"m\u00fcnzfenster.de","description":"","publisher":{"@id":"https:\/\/coinwindows.com\/#organization"},"potentialAction":[{"@type":"SearchAction","target":{"@type":"EntryPoint","urlTemplate":"https:\/\/coinwindows.com\/?s={search_term_string}"},"query-input":{"@type":"PropertyValueSpecification","valueRequired":true,"valueName":"search_term_string"}}],"inLanguage":"de"},{"@type":"Organization","@id":"https:\/\/coinwindows.com\/#organization","name":"m\u00fcnzfenster.de","url":"https:\/\/coinwindows.com\/","logo":{"@type":"ImageObject","inLanguage":"de","@id":"https:\/\/coinwindows.com\/#\/schema\/logo\/image\/","url":"https:\/\/coinwindows.com\/wp-content\/uploads\/2025\/04\/Diseno-sin-titulo-2.png","contentUrl":"https:\/\/coinwindows.com\/wp-content\/uploads\/2025\/04\/Diseno-sin-titulo-2.png","width":500,"height":500,"caption":"coinwindows.com"},"image":{"@id":"https:\/\/coinwindows.com\/#\/schema\/logo\/image\/"}}]}},"_links":{"self":[{"href":"https:\/\/coinwindows.com\/de\/wp-json\/wp\/v2\/pages\/150","targetHints":{"allow":["GET"]}}],"collection":[{"href":"https:\/\/coinwindows.com\/de\/wp-json\/wp\/v2\/pages"}],"about":[{"href":"https:\/\/coinwindows.com\/de\/wp-json\/wp\/v2\/types\/page"}],"author":[{"embeddable":true,"href":"https:\/\/coinwindows.com\/de\/wp-json\/wp\/v2\/users\/1"}],"replies":[{"embeddable":true,"href":"https:\/\/coinwindows.com\/de\/wp-json\/wp\/v2\/comments?post=150"}],"version-history":[{"count":7,"href":"https:\/\/coinwindows.com\/de\/wp-json\/wp\/v2\/pages\/150\/revisions"}],"predecessor-version":[{"id":290,"href":"https:\/\/coinwindows.com\/de\/wp-json\/wp\/v2\/pages\/150\/revisions\/290"}],"wp:featuredmedia":[{"embeddable":true,"href":"https:\/\/coinwindows.com\/de\/wp-json\/wp\/v2\/media\/238"}],"wp:attachment":[{"href":"https:\/\/coinwindows.com\/de\/wp-json\/wp\/v2\/media?parent=150"}],"curies":[{"name":"wp","href":"https:\/\/api.w.org\/{rel}","templated":true}]}}