{"id":152,"date":"2025-04-08T14:21:22","date_gmt":"2025-04-08T14:21:22","guid":{"rendered":"https:\/\/coinwindows.com\/?page_id=152"},"modified":"2025-04-09T07:50:24","modified_gmt":"2025-04-09T07:50:24","slug":"fabricante-toldos-persianas-stores-costa-del-sol","status":"publish","type":"page","link":"https:\/\/coinwindows.com\/de\/fabricante-toldos-persianas-stores-costa-del-sol\/","title":{"rendered":"Markisen, Rolll\u00e4den und Jalousien"},"content":{"rendered":"<div data-elementor-type=\"wp-page\" data-elementor-id=\"152\" class=\"elementor elementor-152\" data-elementor-post-type=\"page\">\n\t\t\t\t<div class=\"elementor-element elementor-element-79337ab3 e-flex e-con-boxed e-con e-parent\" data-id=\"79337ab3\" data-element_type=\"container\">\n\t\t\t\t\t<div class=\"e-con-inner\">\n\t\t\t\t<div class=\"elementor-element elementor-element-194f2976 elementor-widget elementor-widget-heading\" data-id=\"194f2976\" data-element_type=\"widget\" data-widget_type=\"heading.default\">\n\t\t\t\t<div class=\"elementor-widget-container\">\n\t\t\t\t\t<h1 class=\"elementor-heading-title elementor-size-default\">Ma\u00dfgeschneiderte Markisen, Jalousien und Rolll\u00e4den<\/h1>\t\t\t\t<\/div>\n\t\t\t\t<\/div>\n\t\t\t\t<div class=\"elementor-element elementor-element-47d860d6 elementor-widget-divider--view-line elementor-widget elementor-widget-divider\" data-id=\"47d860d6\" data-element_type=\"widget\" data-widget_type=\"divider.default\">\n\t\t\t\t<div class=\"elementor-widget-container\">\n\t\t\t\t\t\t\t<div class=\"elementor-divider\">\n\t\t\t<span class=\"elementor-divider-separator\">\n\t\t\t\t\t\t<\/span>\n\t\t<\/div>\n\t\t\t\t\t\t<\/div>\n\t\t\t\t<\/div>\n\t\t\t\t<div class=\"elementor-element elementor-element-647280b7 elementor-widget__width-initial elementor-widget-tablet__width-initial elementor-widget elementor-widget-heading\" data-id=\"647280b7\" data-element_type=\"widget\" data-widget_type=\"heading.default\">\n\t\t\t\t<div class=\"elementor-widget-container\">\n\t\t\t\t\t<h5 class=\"elementor-heading-title elementor-size-default\">Wir von Co\u00ednWindows bieten ma\u00dfgeschneiderte L\u00f6sungen f\u00fcr Sonnenschutz, Sichtschutz und Energieeffizienz f\u00fcr Ihr Zuhause oder Ihr Unternehmen.<\/h5>\t\t\t\t<\/div>\n\t\t\t\t<\/div>\n\t\t\t\t\t<\/div>\n\t\t\t\t<\/div>\n\t\t<div class=\"elementor-element elementor-element-7e361ef8 e-flex e-con-boxed e-con e-parent\" data-id=\"7e361ef8\" data-element_type=\"container\" id=\"service1\">\n\t\t\t\t\t<div class=\"e-con-inner\">\n\t\t<div class=\"elementor-element elementor-element-132928fd e-con-full e-flex e-con e-child\" data-id=\"132928fd\" data-element_type=\"container\">\n\t\t\t\t<div class=\"elementor-element elementor-element-62b9e50a elementor-widget elementor-widget-heading\" data-id=\"62b9e50a\" data-element_type=\"widget\" data-widget_type=\"heading.default\">\n\t\t\t\t<div class=\"elementor-widget-container\">\n\t\t\t\t\t<h2 class=\"elementor-heading-title elementor-size-default\">Markisen, Rolll\u00e4den und Jalousien<\/h2>\t\t\t\t<\/div>\n\t\t\t\t<\/div>\n\t\t\t\t<div class=\"elementor-element elementor-element-7f0d478e elementor-widget elementor-widget-text-editor\" data-id=\"7f0d478e\" data-element_type=\"widget\" data-widget_type=\"text-editor.default\">\n\t\t\t\t<div class=\"elementor-widget-container\">\n\t\t\t\t\t\t\t\t\t<p class=\"\" data-start=\"0\" data-end=\"377\">Unser Katalog f\u00fcr Markisen, Jalousien und Rollos passt sich an alle Arten von R\u00e4umen an und verbindet Funktionalit\u00e4t, \u00c4sthetik und Langlebigkeit mit einer breiten Palette von Ausf\u00fchrungen und hochwertigen technischen Stoffen.<\/p><p class=\"\" data-start=\"379\" data-end=\"780\">Sonnenschutz mit Stil<br data-start=\"406\" data-end=\"409\" \/>Unsere Markisen wurden entwickelt, um den Komfort auf Terrassen, G\u00e4rten und Balkonen zu verbessern und vor Sonneneinstrahlung zu sch\u00fctzen, ohne das nat\u00fcrliche Licht zu beeintr\u00e4chtigen. Die in verschiedenen Formaten und Farben erh\u00e4ltlichen Markisen von Co\u00ednWindows bieten einen hohen funktionalen und dekorativen Wert, tragen zur Energieeinsparung bei und verbessern die Lebensqualit\u00e4t in den eigenen vier W\u00e4nden das ganze Jahr \u00fcber.<\/p><p class=\"\" data-start=\"782\" data-end=\"1135\">Privatsph\u00e4re und Lichtkontrolle<br data-start=\"809\" data-end=\"812\" \/>Die Co\u00ednWindows-Kollektion an Jalousien und Rolll\u00e4den bietet Optionen f\u00fcr alle Stile und Bed\u00fcrfnisse. Von Rollos und Plissees bis hin zu Schiebepaneelen und Jalousien aus Aluminium oder Holz - jede L\u00f6sung erm\u00f6glicht es Ihnen, den Lichteinfall zu regulieren und die Privatsph\u00e4re zu wahren, um eine gem\u00fctliche und pers\u00f6nliche Atmosph\u00e4re zu schaffen.<\/p><p class=\"\" data-start=\"1137\" data-end=\"1356\">Wir haben eine gro\u00dfe Auswahl an Systemen zur Verf\u00fcgung:<br data-start=\"1184\" data-end=\"1187\" \/>- Rolll\u00e4den<br data-start=\"1200\" data-end=\"1203\" \/>- Stor Glas<br data-start=\"1215\" data-end=\"1218\" \/>- Plissiert<br data-start=\"1228\" data-end=\"1231\" \/>- Vertikal<br data-start=\"1243\" data-end=\"1246\" \/>- Schiebetafeln<br data-start=\"1267\" data-end=\"1270\" \/>- Jalousien aus Aluminium oder Holz<br data-start=\"1303\" data-end=\"1306\" \/>- Faltbare Jalousien<br data-start=\"1325\" data-end=\"1328\" \/>- Fantasievolle Dekorationen<\/p><p class=\"\" data-start=\"1358\" data-end=\"1551\">Bei Co\u00ednWindows ist jedes Projekt einzigartig. Deshalb helfen wir Ihnen bei der Auswahl der am besten geeigneten L\u00f6sung f\u00fcr Ihren Raum, mit technischer Beratung und ma\u00dfgeschneiderten Designs, die Innovation und Eleganz verbinden.<\/p>\t\t\t\t\t\t\t\t<\/div>\n\t\t\t\t<\/div>\n\t\t\t\t<\/div>\n\t\t<div class=\"elementor-element elementor-element-2f14ea25 e-con-full e-flex e-con e-child\" data-id=\"2f14ea25\" data-element_type=\"container\" data-settings=\"{&quot;background_background&quot;:&quot;classic&quot;}\">\n\t\t\t\t<\/div>\n\t\t\t\t\t<\/div>\n\t\t\t\t<\/div>\n\t\t<div class=\"elementor-element elementor-element-7868886 e-flex e-con-boxed e-con e-parent\" data-id=\"7868886\" data-element_type=\"container\">\n\t\t\t\t\t<div class=\"e-con-inner\">\n\t\t\t\t<div class=\"elementor-element elementor-element-40e9be10 elementor-widget elementor-widget-heading\" data-id=\"40e9be10\" data-element_type=\"widget\" data-widget_type=\"heading.default\">\n\t\t\t\t<div class=\"elementor-widget-container\">\n\t\t\t\t\t<h2 class=\"elementor-heading-title elementor-size-default\">Ma\u00dfgeschneiderte Fenster f\u00fcr sichereres, helleres und effizienteres Wohnen<\/h2>\t\t\t\t<\/div>\n\t\t\t\t<\/div>\n\t\t\t\t<div class=\"elementor-element elementor-element-9dc919a elementor-widget__width-initial elementor-widget elementor-widget-text-editor\" data-id=\"9dc919a\" data-element_type=\"widget\" data-widget_type=\"text-editor.default\">\n\t\t\t\t<div class=\"elementor-widget-container\">\n\t\t\t\t\t\t\t\t\t<p>Wir entwerfen und installieren qualitativ hochwertige Fenster, die die Sicherheit, Isolierung und \u00c4sthetik Ihres Hauses verbessern. Sprechen Sie mit unserem Team und entdecken Sie, wie Sie Ihre R\u00e4ume ver\u00e4ndern k\u00f6nnen.<\/p>\t\t\t\t\t\t\t\t<\/div>\n\t\t\t\t<\/div>\n\t\t\t\t<div class=\"elementor-element elementor-element-1d354ac1 elementor-align-center elementor-invisible elementor-widget elementor-widget-button\" data-id=\"1d354ac1\" data-element_type=\"widget\" data-settings=\"{&quot;_animation&quot;:&quot;fadeInDown&quot;}\" data-widget_type=\"button.default\">\n\t\t\t\t<div class=\"elementor-widget-container\">\n\t\t\t\t\t\t\t\t\t<div class=\"elementor-button-wrapper\">\n\t\t\t\t\t<a class=\"elementor-button elementor-button-link elementor-size-sm\" href=\"https:\/\/wa.me\/34621206049\">\n\t\t\t\t\t\t<span class=\"elementor-button-content-wrapper\">\n\t\t\t\t\t\t\t\t\t<span class=\"elementor-button-text\">Kontakt<\/span>\n\t\t\t\t\t<\/span>\n\t\t\t\t\t<\/a>\n\t\t\t\t<\/div>\n\t\t\t\t\t\t\t\t<\/div>\n\t\t\t\t<\/div>\n\t\t\t\t\t<\/div>\n\t\t\t\t<\/div>\n\t\t\t\t<\/div>","protected":false},"excerpt":{"rendered":"<p>Toldos, Persianas y Estores a Medida En Co\u00ednWindows ofrecemos soluciones personalizadas para el control solar, la privacidad y la eficiencia [&hellip;]<\/p>","protected":false},"author":1,"featured_media":238,"parent":0,"menu_order":0,"comment_status":"closed","ping_status":"closed","template":"elementor_header_footer","meta":{"site-sidebar-layout":"default","site-content-layout":"","ast-site-content-layout":"","site-content-style":"default","site-sidebar-style":"default","ast-global-header-display":"","ast-banner-title-visibility":"","ast-main-header-display":"","ast-hfb-above-header-display":"","ast-hfb-below-header-display":"","ast-hfb-mobile-header-display":"","site-post-title":"","ast-breadcrumbs-content":"","ast-featured-img":"","footer-sml-layout":"","theme-transparent-header-meta":"","adv-header-id-meta":"","stick-header-meta":"","header-above-stick-meta":"","header-main-stick-meta":"","header-below-stick-meta":"","astra-migrate-meta-layouts":"default","ast-page-background-enabled":"default","ast-page-background-meta":{"desktop":{"background-color":"var(--ast-global-color-5)","background-image":"","background-repeat":"repeat","background-position":"center center","background-size":"auto","background-attachment":"scroll","background-type":"","background-media":"","overlay-type":"","overlay-color":"","overlay-opacity":"","overlay-gradient":""},"tablet":{"background-color":"","background-image":"","background-repeat":"repeat","background-position":"center center","background-size":"auto","background-attachment":"scroll","background-type":"","background-media":"","overlay-type":"","overlay-color":"","overlay-opacity":"","overlay-gradient":""},"mobile":{"background-color":"","background-image":"","background-repeat":"repeat","background-position":"center center","background-size":"auto","background-attachment":"scroll","background-type":"","background-media":"","overlay-type":"","overlay-color":"","overlay-opacity":"","overlay-gradient":""}},"ast-content-background-meta":{"desktop":{"background-color":"var(--ast-global-color-4)","background-image":"","background-repeat":"repeat","background-position":"center center","background-size":"auto","background-attachment":"scroll","background-type":"","background-media":"","overlay-type":"","overlay-color":"","overlay-opacity":"","overlay-gradient":""},"tablet":{"background-color":"var(--ast-global-color-4)","background-image":"","background-repeat":"repeat","background-position":"center center","background-size":"auto","background-attachment":"scroll","background-type":"","background-media":"","overlay-type":"","overlay-color":"","overlay-opacity":"","overlay-gradient":""},"mobile":{"background-color":"var(--ast-global-color-4)","background-image":"","background-repeat":"repeat","background-position":"center center","background-size":"auto","background-attachment":"scroll","background-type":"","background-media":"","overlay-type":"","overlay-color":"","overlay-opacity":"","overlay-gradient":""}},"footnotes":""},"class_list":["post-152","page","type-page","status-publish","has-post-thumbnail","hentry"],"yoast_head":"<!-- This site is optimized with the Yoast SEO plugin v24.9 - https:\/\/yoast.com\/wordpress\/plugins\/seo\/ -->\n<title>Toldos, Persianas y Estores - coinwindows.com<\/title>\n<meta name=\"description\" content=\"Toldos, Persianas y Estores Toldos, persianas y estores decorativos que protegen del sol y mejoran la eficiencia energ\u00e9tica de tu hogar.\" \/>\n<meta name=\"robots\" content=\"index, follow, max-snippet:-1, max-image-preview:large, max-video-preview:-1\" \/>\n<link rel=\"canonical\" href=\"https:\/\/www.coinwindows.com\/en\/fabricante-toldos-persianas-stores-costa-del-sol\/\" \/>\n<meta property=\"og:locale\" content=\"de_DE\" \/>\n<meta property=\"og:type\" content=\"article\" \/>\n<meta property=\"og:title\" content=\"Toldos, Persianas y Estores - coinwindows.com\" \/>\n<meta property=\"og:description\" content=\"Toldos, Persianas y Estores Toldos, persianas y estores decorativos que protegen del sol y mejoran la eficiencia energ\u00e9tica de tu hogar.\" \/>\n<meta property=\"og:url\" content=\"https:\/\/www.coinwindows.com\/en\/fabricante-toldos-persianas-stores-costa-del-sol\/\" \/>\n<meta property=\"og:site_name\" content=\"coinwindows.com\" \/>\n<meta property=\"article:modified_time\" content=\"2025-04-09T07:50:24+00:00\" \/>\n<meta property=\"og:image\" content=\"https:\/\/www.coinwindows.com\/wp-content\/uploads\/2025\/04\/Pergolas-Bioclimaticas.jpg\" \/>\n\t<meta property=\"og:image:width\" content=\"1920\" \/>\n\t<meta property=\"og:image:height\" content=\"1279\" \/>\n\t<meta property=\"og:image:type\" content=\"image\/jpeg\" \/>\n<meta name=\"twitter:card\" content=\"summary_large_image\" \/>\n<meta name=\"twitter:label1\" content=\"Gesch\u00e4tzte Lesezeit\" \/>\n\t<meta name=\"twitter:data1\" content=\"2\u00a0Minuten\" \/>\n<script type=\"application\/ld+json\" class=\"yoast-schema-graph\">{\"@context\":\"https:\/\/schema.org\",\"@graph\":[{\"@type\":\"WebPage\",\"@id\":\"https:\/\/www.coinwindows.com\/en\/fabricante-toldos-persianas-stores-costa-del-sol\/\",\"url\":\"https:\/\/www.coinwindows.com\/en\/fabricante-toldos-persianas-stores-costa-del-sol\/\",\"name\":\"Toldos, Persianas y Estores - coinwindows.com\",\"isPartOf\":{\"@id\":\"https:\/\/coinwindows.com\/#website\"},\"primaryImageOfPage\":{\"@id\":\"https:\/\/www.coinwindows.com\/en\/fabricante-toldos-persianas-stores-costa-del-sol\/#primaryimage\"},\"image\":{\"@id\":\"https:\/\/www.coinwindows.com\/en\/fabricante-toldos-persianas-stores-costa-del-sol\/#primaryimage\"},\"thumbnailUrl\":\"https:\/\/coinwindows.com\/wp-content\/uploads\/2025\/04\/Pergolas-Bioclimaticas.jpg\",\"datePublished\":\"2025-04-08T14:21:22+00:00\",\"dateModified\":\"2025-04-09T07:50:24+00:00\",\"description\":\"Toldos, Persianas y Estores Toldos, persianas y estores decorativos que protegen del sol y mejoran la eficiencia energ\u00e9tica de tu hogar.\",\"breadcrumb\":{\"@id\":\"https:\/\/www.coinwindows.com\/en\/fabricante-toldos-persianas-stores-costa-del-sol\/#breadcrumb\"},\"inLanguage\":\"de\",\"potentialAction\":[{\"@type\":\"ReadAction\",\"target\":[\"https:\/\/www.coinwindows.com\/en\/fabricante-toldos-persianas-stores-costa-del-sol\/\"]}]},{\"@type\":\"ImageObject\",\"inLanguage\":\"de\",\"@id\":\"https:\/\/www.coinwindows.com\/en\/fabricante-toldos-persianas-stores-costa-del-sol\/#primaryimage\",\"url\":\"https:\/\/coinwindows.com\/wp-content\/uploads\/2025\/04\/Pergolas-Bioclimaticas.jpg\",\"contentUrl\":\"https:\/\/coinwindows.com\/wp-content\/uploads\/2025\/04\/Pergolas-Bioclimaticas.jpg\",\"width\":1920,\"height\":1279,\"caption\":\"Pergolas Bioclimaticas\"},{\"@type\":\"BreadcrumbList\",\"@id\":\"https:\/\/www.coinwindows.com\/en\/fabricante-toldos-persianas-stores-costa-del-sol\/#breadcrumb\",\"itemListElement\":[{\"@type\":\"ListItem\",\"position\":1,\"name\":\"Portada\",\"item\":\"https:\/\/coinwindows.com\/de\/\"},{\"@type\":\"ListItem\",\"position\":2,\"name\":\"Toldos, Persianas y Estores\"}]},{\"@type\":\"WebSite\",\"@id\":\"https:\/\/coinwindows.com\/#website\",\"url\":\"https:\/\/coinwindows.com\/\",\"name\":\"coinwindows.com\",\"description\":\"\",\"publisher\":{\"@id\":\"https:\/\/coinwindows.com\/#organization\"},\"potentialAction\":[{\"@type\":\"SearchAction\",\"target\":{\"@type\":\"EntryPoint\",\"urlTemplate\":\"https:\/\/coinwindows.com\/?s={search_term_string}\"},\"query-input\":{\"@type\":\"PropertyValueSpecification\",\"valueRequired\":true,\"valueName\":\"search_term_string\"}}],\"inLanguage\":\"de\"},{\"@type\":\"Organization\",\"@id\":\"https:\/\/coinwindows.com\/#organization\",\"name\":\"coinwindows.com\",\"url\":\"https:\/\/coinwindows.com\/\",\"logo\":{\"@type\":\"ImageObject\",\"inLanguage\":\"de\",\"@id\":\"https:\/\/coinwindows.com\/#\/schema\/logo\/image\/\",\"url\":\"https:\/\/coinwindows.com\/wp-content\/uploads\/2025\/04\/Diseno-sin-titulo-2.png\",\"contentUrl\":\"https:\/\/coinwindows.com\/wp-content\/uploads\/2025\/04\/Diseno-sin-titulo-2.png\",\"width\":500,\"height\":500,\"caption\":\"coinwindows.com\"},\"image\":{\"@id\":\"https:\/\/coinwindows.com\/#\/schema\/logo\/image\/\"}}]}<\/script>\n<!-- \/ Yoast SEO plugin. -->","yoast_head_json":{"title":"Toldos, Persianas y Estores - coinwindows.com","description":"Toldos, Persianas y Estores Toldos, persianas y estores decorativos que protegen del sol y mejoran la eficiencia energ\u00e9tica de tu hogar.","robots":{"index":"index","follow":"follow","max-snippet":"max-snippet:-1","max-image-preview":"max-image-preview:large","max-video-preview":"max-video-preview:-1"},"canonical":"https:\/\/www.coinwindows.com\/en\/fabricante-toldos-persianas-stores-costa-del-sol\/","og_locale":"de_DE","og_type":"article","og_title":"Toldos, Persianas y Estores - coinwindows.com","og_description":"Toldos, Persianas y Estores Toldos, persianas y estores decorativos que protegen del sol y mejoran la eficiencia energ\u00e9tica de tu hogar.","og_url":"https:\/\/www.coinwindows.com\/en\/fabricante-toldos-persianas-stores-costa-del-sol\/","og_site_name":"coinwindows.com","article_modified_time":"2025-04-09T07:50:24+00:00","og_image":[{"width":1920,"height":1279,"url":"https:\/\/www.coinwindows.com\/wp-content\/uploads\/2025\/04\/Pergolas-Bioclimaticas.jpg","type":"image\/jpeg"}],"twitter_card":"summary_large_image","twitter_misc":{"Gesch\u00e4tzte Lesezeit":"2\u00a0Minuten"},"schema":{"@context":"https:\/\/schema.org","@graph":[{"@type":"WebPage","@id":"https:\/\/www.coinwindows.com\/en\/fabricante-toldos-persianas-stores-costa-del-sol\/","url":"https:\/\/www.coinwindows.com\/en\/fabricante-toldos-persianas-stores-costa-del-sol\/","name":"Toldos, Persianas y Estores - coinwindows.com","isPartOf":{"@id":"https:\/\/coinwindows.com\/#website"},"primaryImageOfPage":{"@id":"https:\/\/www.coinwindows.com\/en\/fabricante-toldos-persianas-stores-costa-del-sol\/#primaryimage"},"image":{"@id":"https:\/\/www.coinwindows.com\/en\/fabricante-toldos-persianas-stores-costa-del-sol\/#primaryimage"},"thumbnailUrl":"https:\/\/coinwindows.com\/wp-content\/uploads\/2025\/04\/Pergolas-Bioclimaticas.jpg","datePublished":"2025-04-08T14:21:22+00:00","dateModified":"2025-04-09T07:50:24+00:00","description":"Toldos, Persianas y Estores Toldos, persianas y estores decorativos que protegen del sol y mejoran la eficiencia energ\u00e9tica de tu hogar.","breadcrumb":{"@id":"https:\/\/www.coinwindows.com\/en\/fabricante-toldos-persianas-stores-costa-del-sol\/#breadcrumb"},"inLanguage":"de","potentialAction":[{"@type":"ReadAction","target":["https:\/\/www.coinwindows.com\/en\/fabricante-toldos-persianas-stores-costa-del-sol\/"]}]},{"@type":"ImageObject","inLanguage":"de","@id":"https:\/\/www.coinwindows.com\/en\/fabricante-toldos-persianas-stores-costa-del-sol\/#primaryimage","url":"https:\/\/coinwindows.com\/wp-content\/uploads\/2025\/04\/Pergolas-Bioclimaticas.jpg","contentUrl":"https:\/\/coinwindows.com\/wp-content\/uploads\/2025\/04\/Pergolas-Bioclimaticas.jpg","width":1920,"height":1279,"caption":"Pergolas Bioclimaticas"},{"@type":"BreadcrumbList","@id":"https:\/\/www.coinwindows.com\/en\/fabricante-toldos-persianas-stores-costa-del-sol\/#breadcrumb","itemListElement":[{"@type":"ListItem","position":1,"name":"Portada","item":"https:\/\/coinwindows.com\/de\/"},{"@type":"ListItem","position":2,"name":"Toldos, Persianas y Estores"}]},{"@type":"WebSite","@id":"https:\/\/coinwindows.com\/#website","url":"https:\/\/coinwindows.com\/","name":"m\u00fcnzfenster.de","description":"","publisher":{"@id":"https:\/\/coinwindows.com\/#organization"},"potentialAction":[{"@type":"SearchAction","target":{"@type":"EntryPoint","urlTemplate":"https:\/\/coinwindows.com\/?s={search_term_string}"},"query-input":{"@type":"PropertyValueSpecification","valueRequired":true,"valueName":"search_term_string"}}],"inLanguage":"de"},{"@type":"Organization","@id":"https:\/\/coinwindows.com\/#organization","name":"m\u00fcnzfenster.de","url":"https:\/\/coinwindows.com\/","logo":{"@type":"ImageObject","inLanguage":"de","@id":"https:\/\/coinwindows.com\/#\/schema\/logo\/image\/","url":"https:\/\/coinwindows.com\/wp-content\/uploads\/2025\/04\/Diseno-sin-titulo-2.png","contentUrl":"https:\/\/coinwindows.com\/wp-content\/uploads\/2025\/04\/Diseno-sin-titulo-2.png","width":500,"height":500,"caption":"coinwindows.com"},"image":{"@id":"https:\/\/coinwindows.com\/#\/schema\/logo\/image\/"}}]}},"_links":{"self":[{"href":"https:\/\/coinwindows.com\/de\/wp-json\/wp\/v2\/pages\/152","targetHints":{"allow":["GET"]}}],"collection":[{"href":"https:\/\/coinwindows.com\/de\/wp-json\/wp\/v2\/pages"}],"about":[{"href":"https:\/\/coinwindows.com\/de\/wp-json\/wp\/v2\/types\/page"}],"author":[{"embeddable":true,"href":"https:\/\/coinwindows.com\/de\/wp-json\/wp\/v2\/users\/1"}],"replies":[{"embeddable":true,"href":"https:\/\/coinwindows.com\/de\/wp-json\/wp\/v2\/comments?post=152"}],"version-history":[{"count":7,"href":"https:\/\/coinwindows.com\/de\/wp-json\/wp\/v2\/pages\/152\/revisions"}],"predecessor-version":[{"id":293,"href":"https:\/\/coinwindows.com\/de\/wp-json\/wp\/v2\/pages\/152\/revisions\/293"}],"wp:featuredmedia":[{"embeddable":true,"href":"https:\/\/coinwindows.com\/de\/wp-json\/wp\/v2\/media\/238"}],"wp:attachment":[{"href":"https:\/\/coinwindows.com\/de\/wp-json\/wp\/v2\/media?parent=152"}],"curies":[{"name":"wp","href":"https:\/\/api.w.org\/{rel}","templated":true}]}}