{"id":304,"date":"2025-04-21T07:57:39","date_gmt":"2025-04-21T07:57:39","guid":{"rendered":"https:\/\/coinwindows.com\/politica-de-privacidad\/"},"modified":"2025-04-21T08:00:59","modified_gmt":"2025-04-21T08:00:59","slug":"politica-de-privacidad","status":"publish","type":"page","link":"https:\/\/coinwindows.com\/de\/politica-de-privacidad\/","title":{"rendered":"Datenschutzbestimmungen"},"content":{"rendered":"<p>Coin Windows Datenschutzrichtlinie<\/p>\n<p>1. der f\u00fcr die Datenverarbeitung Verantwortliche<br \/>\nIhre Daten werden von Coin Windows 2017 S.L. CIF B-93543635, mit Steueridentifikationsnummer, verarbeitet.<br \/>\nB-93543635 und Adresse: C\/ Arqu\u00edmedes, Local 1, Coin, 29100. Sie k\u00f6nnen uns per E-Mail unter info@coinwindows.com erreichen.<\/p>\n<p>(2) Zweck der Verarbeitung und Rechtm\u00e4\u00dfigkeit<br \/>\nCoin Windows 2017 S.L CIF B-93543635 verwendet Ihre Daten f\u00fcr rechtm\u00e4\u00dfige Zwecke, wie z. B.:<\/p>\n<p>Kommunikation mit Partnern und Kunden.<br \/>\n3. an wen werden wir Ihre Daten weitergeben?<br \/>\nIhre Daten k\u00f6nnen an Einrichtungen oder Verwaltungen weitergeleitet oder mitgeteilt werden, denen gegen\u00fcber wir gesetzlich verpflichtet sind, sowie an solche, denen Sie dies ausdr\u00fccklich gestattet haben.<\/p>\n<p>4. Dauer der Aufbewahrung Ihrer Daten<br \/>\nWir bewahren Ihre Daten f\u00fcr die Dauer unserer vertraglichen und\/oder gesch\u00e4ftlichen Beziehung auf. In jedem Fall werden wir sie l\u00f6schen, wenn Sie ihre L\u00f6schung unter den gesetzlich vorgesehenen Bedingungen verlangen.<\/p>\n<p>5. Deine Rechte<br \/>\nSie k\u00f6nnen jedes der folgenden Rechte aus\u00fcben, indem Sie einen schriftlichen Antrag zusammen mit einer Fotokopie Ihres Personalausweises\/Reisepasses an die folgende E-Mail-Adresse [email protected] senden.<\/p>\n<p>Information: Sie k\u00f6nnen uns auffordern, Sie zu informieren, wenn wir Ihre personenbezogenen Daten verarbeiten.<br \/>\nZugang: Sie k\u00f6nnen Informationen \u00fcber die in unseren Dateien enthaltenen personenbezogenen Daten und die Zwecke, f\u00fcr die sie erhoben wurden, anfordern.<br \/>\nBerichtigung: Sie k\u00f6nnen uns auffordern, Ihre personenbezogenen Daten zu \u00e4ndern, wenn sie unrichtig sind, oder unvollst\u00e4ndige Daten zu vervollst\u00e4ndigen.<br \/>\nL\u00f6schung: Sie k\u00f6nnen die L\u00f6schung Ihrer personenbezogenen Daten beantragen, wenn Sie u. a. Ihre Einwilligung widerrufen und die Daten f\u00fcr die Zwecke, f\u00fcr die sie erhoben wurden, nicht mehr erforderlich sind.<br \/>\nWiderspruch: Sie k\u00f6nnen verlangen, dass Ihre personenbezogenen Daten nicht verarbeitet werden.<br \/>\nRecht auf Einschr\u00e4nkung: Sie k\u00f6nnen die Einschr\u00e4nkung der Verarbeitung Ihrer Daten verlangen, wenn eine der folgenden Bedingungen erf\u00fcllt ist:<br \/>\nDie betroffene Person bestreitet die Richtigkeit der personenbezogenen Daten, w\u00e4hrend die Richtigkeit der Daten \u00fcberpr\u00fcft wird.<br \/>\nDie Verarbeitung ist unrechtm\u00e4\u00dfig und die betroffene Person widerspricht der L\u00f6schung der personenbezogenen Daten und fordert stattdessen die Einschr\u00e4nkung ihrer Verwendung.<br \/>\nDer f\u00fcr die Verarbeitung Verantwortliche ben\u00f6tigt die personenbezogenen Daten f\u00fcr die Zwecke der Verarbeitung nicht mehr, die betroffene Person ben\u00f6tigt sie jedoch, um Anspr\u00fcche geltend zu machen, auszu\u00fcben oder zu verteidigen.<br \/>\nDie betroffene Person hat gegen die Verarbeitung Widerspruch eingelegt, und es wird gepr\u00fcft, ob die berechtigten Gr\u00fcnde des f\u00fcr die Verarbeitung Verantwortlichen gegen\u00fcber denen der betroffenen Person \u00fcberwiegen.<br \/>\nRecht auf \u00dcbertragbarkeit: Sie k\u00f6nnen die Daten, die Sie uns zur Verf\u00fcgung gestellt haben, in einem strukturierten, allgemein gebr\u00e4uchlichen und maschinenlesbaren Format erhalten. Sie k\u00f6nnen auch verlangen, dass wir sie an einen anderen f\u00fcr die Datenverarbeitung Verantwortlichen \u00fcbermitteln.<br \/>\n6. Minderj\u00e4hrige und nicht einwilligungsf\u00e4hige Personen<br \/>\nBei Personen unter 14 Jahren oder bei Gesch\u00e4ftsunf\u00e4higen muss die Zustimmung zur Verarbeitung personenbezogener Daten von den Eltern oder dem Vormund der minderj\u00e4hrigen oder gesch\u00e4ftsunf\u00e4higen Person erteilt werden.<\/p>\n<p>7. Sicherheitsma\u00dfnahmen<br \/>\n[Name] verpflichtet sich, die erforderlichen technischen und organisatorischen Ma\u00dfnahmen zu ergreifen, um die Sicherheit Ihrer Daten zu gew\u00e4hrleisten und deren \u00c4nderung, Verlust oder unbefugte Verarbeitung zu verhindern.<\/p>\n<p>8. Cookie-Politik<br \/>\n[Name] verwendet Cookies, die auf Ihrem Ger\u00e4t gespeichert werden. Cookies liefern keine pers\u00f6nlichen Informationen \u00fcber Sie. Wenn Sie unsere Website besuchen, erkennt unser Server automatisch die IP-Adresse Ihres Ger\u00e4ts und die Dauer Ihres Besuchs.<\/p>\n<p>Sie k\u00f6nnen Ihren Browser so einstellen, dass Sie benachrichtigt werden, wenn Sie ein Cookie erhalten, oder dass das Setzen von Cookies verhindert wird. Einige Funktionen unserer Website sind jedoch m\u00f6glicherweise nicht verf\u00fcgbar, wenn Sie Cookies deaktivieren.<\/p>","protected":false},"excerpt":{"rendered":"<p>Pol\u00edtica de Privacidad y Protecci\u00f3n de Datos deCoin Windows 1. Responsable del tratamiento Tus datos ser\u00e1n tratados por Coin Windows [&hellip;]<\/p>","protected":false},"author":1,"featured_media":0,"parent":0,"menu_order":0,"comment_status":"closed","ping_status":"closed","template":"","meta":{"site-sidebar-layout":"default","site-content-layout":"","ast-site-content-layout":"","site-content-style":"default","site-sidebar-style":"default","ast-global-header-display":"","ast-banner-title-visibility":"","ast-main-header-display":"","ast-hfb-above-header-display":"","ast-hfb-below-header-display":"","ast-hfb-mobile-header-display":"","site-post-title":"","ast-breadcrumbs-content":"","ast-featured-img":"","footer-sml-layout":"","theme-transparent-header-meta":"","adv-header-id-meta":"","stick-header-meta":"","header-above-stick-meta":"","header-main-stick-meta":"","header-below-stick-meta":"","astra-migrate-meta-layouts":"default","ast-page-background-enabled":"default","ast-page-background-meta":{"desktop":{"background-color":"var(--ast-global-color-5)","background-image":"","background-repeat":"repeat","background-position":"center center","background-size":"auto","background-attachment":"scroll","background-type":"","background-media":"","overlay-type":"","overlay-color":"","overlay-opacity":"","overlay-gradient":""},"tablet":{"background-color":"","background-image":"","background-repeat":"repeat","background-position":"center center","background-size":"auto","background-attachment":"scroll","background-type":"","background-media":"","overlay-type":"","overlay-color":"","overlay-opacity":"","overlay-gradient":""},"mobile":{"background-color":"","background-image":"","background-repeat":"repeat","background-position":"center center","background-size":"auto","background-attachment":"scroll","background-type":"","background-media":"","overlay-type":"","overlay-color":"","overlay-opacity":"","overlay-gradient":""}},"ast-content-background-meta":{"desktop":{"background-color":"var(--ast-global-color-4)","background-image":"","background-repeat":"repeat","background-position":"center center","background-size":"auto","background-attachment":"scroll","background-type":"","background-media":"","overlay-type":"","overlay-color":"","overlay-opacity":"","overlay-gradient":""},"tablet":{"background-color":"var(--ast-global-color-4)","background-image":"","background-repeat":"repeat","background-position":"center center","background-size":"auto","background-attachment":"scroll","background-type":"","background-media":"","overlay-type":"","overlay-color":"","overlay-opacity":"","overlay-gradient":""},"mobile":{"background-color":"var(--ast-global-color-4)","background-image":"","background-repeat":"repeat","background-position":"center center","background-size":"auto","background-attachment":"scroll","background-type":"","background-media":"","overlay-type":"","overlay-color":"","overlay-opacity":"","overlay-gradient":""}},"footnotes":""},"class_list":["post-304","page","type-page","status-publish","hentry"],"yoast_head":"<!-- This site is optimized with the Yoast SEO plugin v24.9 - https:\/\/yoast.com\/wordpress\/plugins\/seo\/ -->\n<title>Pol\u00edtica de Privacidad - coinwindows.com<\/title>\n<meta name=\"robots\" content=\"index, follow, max-snippet:-1, max-image-preview:large, max-video-preview:-1\" \/>\n<link rel=\"canonical\" href=\"https:\/\/www.coinwindows.com\/politica-de-privacidad\/\" \/>\n<meta property=\"og:locale\" content=\"de_DE\" \/>\n<meta property=\"og:type\" content=\"article\" \/>\n<meta property=\"og:title\" content=\"Pol\u00edtica de Privacidad - coinwindows.com\" \/>\n<meta property=\"og:description\" content=\"Pol\u00edtica de Privacidad y Protecci\u00f3n de Datos deCoin Windows 1. Responsable del tratamiento Tus datos ser\u00e1n tratados por Coin Windows [&hellip;]\" \/>\n<meta property=\"og:url\" content=\"https:\/\/www.coinwindows.com\/politica-de-privacidad\/\" \/>\n<meta property=\"og:site_name\" content=\"coinwindows.com\" \/>\n<meta property=\"article:modified_time\" content=\"2025-04-21T08:00:59+00:00\" \/>\n<meta name=\"twitter:card\" content=\"summary_large_image\" \/>\n<meta name=\"twitter:label1\" content=\"Gesch\u00e4tzte Lesezeit\" \/>\n\t<meta name=\"twitter:data1\" content=\"3\u00a0Minuten\" \/>\n<script type=\"application\/ld+json\" class=\"yoast-schema-graph\">{\"@context\":\"https:\/\/schema.org\",\"@graph\":[{\"@type\":\"WebPage\",\"@id\":\"https:\/\/www.coinwindows.com\/politica-de-privacidad\/\",\"url\":\"https:\/\/www.coinwindows.com\/politica-de-privacidad\/\",\"name\":\"Pol\u00edtica de Privacidad - coinwindows.com\",\"isPartOf\":{\"@id\":\"https:\/\/coinwindows.com\/#website\"},\"datePublished\":\"2025-04-21T07:57:39+00:00\",\"dateModified\":\"2025-04-21T08:00:59+00:00\",\"breadcrumb\":{\"@id\":\"https:\/\/www.coinwindows.com\/politica-de-privacidad\/#breadcrumb\"},\"inLanguage\":\"de\",\"potentialAction\":[{\"@type\":\"ReadAction\",\"target\":[\"https:\/\/www.coinwindows.com\/politica-de-privacidad\/\"]}]},{\"@type\":\"BreadcrumbList\",\"@id\":\"https:\/\/www.coinwindows.com\/politica-de-privacidad\/#breadcrumb\",\"itemListElement\":[{\"@type\":\"ListItem\",\"position\":1,\"name\":\"Portada\",\"item\":\"https:\/\/coinwindows.com\/de\/\"},{\"@type\":\"ListItem\",\"position\":2,\"name\":\"Pol\u00edtica de Privacidad\"}]},{\"@type\":\"WebSite\",\"@id\":\"https:\/\/coinwindows.com\/#website\",\"url\":\"https:\/\/coinwindows.com\/\",\"name\":\"coinwindows.com\",\"description\":\"\",\"publisher\":{\"@id\":\"https:\/\/coinwindows.com\/#organization\"},\"potentialAction\":[{\"@type\":\"SearchAction\",\"target\":{\"@type\":\"EntryPoint\",\"urlTemplate\":\"https:\/\/coinwindows.com\/?s={search_term_string}\"},\"query-input\":{\"@type\":\"PropertyValueSpecification\",\"valueRequired\":true,\"valueName\":\"search_term_string\"}}],\"inLanguage\":\"de\"},{\"@type\":\"Organization\",\"@id\":\"https:\/\/coinwindows.com\/#organization\",\"name\":\"coinwindows.com\",\"url\":\"https:\/\/coinwindows.com\/\",\"logo\":{\"@type\":\"ImageObject\",\"inLanguage\":\"de\",\"@id\":\"https:\/\/coinwindows.com\/#\/schema\/logo\/image\/\",\"url\":\"https:\/\/coinwindows.com\/wp-content\/uploads\/2025\/04\/Diseno-sin-titulo-2.png\",\"contentUrl\":\"https:\/\/coinwindows.com\/wp-content\/uploads\/2025\/04\/Diseno-sin-titulo-2.png\",\"width\":500,\"height\":500,\"caption\":\"coinwindows.com\"},\"image\":{\"@id\":\"https:\/\/coinwindows.com\/#\/schema\/logo\/image\/\"}}]}<\/script>\n<!-- \/ Yoast SEO plugin. -->","yoast_head_json":{"title":"Pol\u00edtica de Privacidad - coinwindows.com","robots":{"index":"index","follow":"follow","max-snippet":"max-snippet:-1","max-image-preview":"max-image-preview:large","max-video-preview":"max-video-preview:-1"},"canonical":"https:\/\/www.coinwindows.com\/politica-de-privacidad\/","og_locale":"de_DE","og_type":"article","og_title":"Pol\u00edtica de Privacidad - coinwindows.com","og_description":"Pol\u00edtica de Privacidad y Protecci\u00f3n de Datos deCoin Windows 1. Responsable del tratamiento Tus datos ser\u00e1n tratados por Coin Windows [&hellip;]","og_url":"https:\/\/www.coinwindows.com\/politica-de-privacidad\/","og_site_name":"coinwindows.com","article_modified_time":"2025-04-21T08:00:59+00:00","twitter_card":"summary_large_image","twitter_misc":{"Gesch\u00e4tzte Lesezeit":"3\u00a0Minuten"},"schema":{"@context":"https:\/\/schema.org","@graph":[{"@type":"WebPage","@id":"https:\/\/www.coinwindows.com\/politica-de-privacidad\/","url":"https:\/\/www.coinwindows.com\/politica-de-privacidad\/","name":"Pol\u00edtica de Privacidad - coinwindows.com","isPartOf":{"@id":"https:\/\/coinwindows.com\/#website"},"datePublished":"2025-04-21T07:57:39+00:00","dateModified":"2025-04-21T08:00:59+00:00","breadcrumb":{"@id":"https:\/\/www.coinwindows.com\/politica-de-privacidad\/#breadcrumb"},"inLanguage":"de","potentialAction":[{"@type":"ReadAction","target":["https:\/\/www.coinwindows.com\/politica-de-privacidad\/"]}]},{"@type":"BreadcrumbList","@id":"https:\/\/www.coinwindows.com\/politica-de-privacidad\/#breadcrumb","itemListElement":[{"@type":"ListItem","position":1,"name":"Portada","item":"https:\/\/coinwindows.com\/de\/"},{"@type":"ListItem","position":2,"name":"Pol\u00edtica de Privacidad"}]},{"@type":"WebSite","@id":"https:\/\/coinwindows.com\/#website","url":"https:\/\/coinwindows.com\/","name":"m\u00fcnzfenster.de","description":"","publisher":{"@id":"https:\/\/coinwindows.com\/#organization"},"potentialAction":[{"@type":"SearchAction","target":{"@type":"EntryPoint","urlTemplate":"https:\/\/coinwindows.com\/?s={search_term_string}"},"query-input":{"@type":"PropertyValueSpecification","valueRequired":true,"valueName":"search_term_string"}}],"inLanguage":"de"},{"@type":"Organization","@id":"https:\/\/coinwindows.com\/#organization","name":"m\u00fcnzfenster.de","url":"https:\/\/coinwindows.com\/","logo":{"@type":"ImageObject","inLanguage":"de","@id":"https:\/\/coinwindows.com\/#\/schema\/logo\/image\/","url":"https:\/\/coinwindows.com\/wp-content\/uploads\/2025\/04\/Diseno-sin-titulo-2.png","contentUrl":"https:\/\/coinwindows.com\/wp-content\/uploads\/2025\/04\/Diseno-sin-titulo-2.png","width":500,"height":500,"caption":"coinwindows.com"},"image":{"@id":"https:\/\/coinwindows.com\/#\/schema\/logo\/image\/"}}]}},"_links":{"self":[{"href":"https:\/\/coinwindows.com\/de\/wp-json\/wp\/v2\/pages\/304","targetHints":{"allow":["GET"]}}],"collection":[{"href":"https:\/\/coinwindows.com\/de\/wp-json\/wp\/v2\/pages"}],"about":[{"href":"https:\/\/coinwindows.com\/de\/wp-json\/wp\/v2\/types\/page"}],"author":[{"embeddable":true,"href":"https:\/\/coinwindows.com\/de\/wp-json\/wp\/v2\/users\/1"}],"replies":[{"embeddable":true,"href":"https:\/\/coinwindows.com\/de\/wp-json\/wp\/v2\/comments?post=304"}],"version-history":[{"count":1,"href":"https:\/\/coinwindows.com\/de\/wp-json\/wp\/v2\/pages\/304\/revisions"}],"predecessor-version":[{"id":314,"href":"https:\/\/coinwindows.com\/de\/wp-json\/wp\/v2\/pages\/304\/revisions\/314"}],"wp:attachment":[{"href":"https:\/\/coinwindows.com\/de\/wp-json\/wp\/v2\/media?parent=304"}],"curies":[{"name":"wp","href":"https:\/\/api.w.org\/{rel}","templated":true}]}}