{"id":306,"date":"2025-04-21T07:57:39","date_gmt":"2025-04-21T07:57:39","guid":{"rendered":"https:\/\/coinwindows.com\/politica-de-cookies\/"},"modified":"2025-04-21T07:59:12","modified_gmt":"2025-04-21T07:59:12","slug":"politica-de-cookies","status":"publish","type":"page","link":"https:\/\/coinwindows.com\/de\/politica-de-cookies\/","title":{"rendered":"Cookie-Richtlinie"},"content":{"rendered":"<p>Cookies-Richtlinie Coin Windows 2017 S.L CIF B-93543635<\/p>\n<p>Was sind Cookies?<br \/>\nCookies sind kleine Textdateien, die auf Ihrem Ger\u00e4t gespeichert werden, wenn Sie unsere Website besuchen. Sie erm\u00f6glichen es uns, Informationen \u00fcber Ihren Besuch zu speichern, wie z. B. Ihre Spracheinstellungen, die Dauer Ihres Besuchs und Ihre Surfgewohnheiten.<\/p>\n<p>Die von uns verwendeten Cookies<br \/>\nUnsere Website verwendet die folgenden Arten von Cookies:<\/p>\n<p>Pr\u00e4ferenz- oder Personalisierungs-Cookies: Diese erm\u00f6glichen es uns, Informationen zu speichern, um Ihre Erfahrung zu personalisieren. Sie k\u00f6nnen von uns oder von Dritten gesetzt werden, deren Dienste wir hinzugef\u00fcgt haben.<\/p>\n<p>Analyse- oder Mess-Cookies: Sie erm\u00f6glichen es uns, das Nutzerverhalten zu analysieren und die Leistung der Website zu messen, indem wir die beliebtesten Seiten ermitteln. Die Informationen sind anonym.<\/p>\n<p>Technische Cookies: Diese sind f\u00fcr den Betrieb der Website erforderlich, z. B. um das Einloggen zu erm\u00f6glichen oder die Datenschutzeinstellungen zu speichern.<\/p>\n<p>Cookies f\u00fcr verhaltensbasierte Werbung: Diese erm\u00f6glichen die Speicherung von Informationen \u00fcber das Nutzerverhalten durch wiederholte Beobachtung der Surfgewohnheiten, wodurch ein Profil erstellt wird, um relevante Werbung anzuzeigen.<\/p>\n<p>Wie verwaltet man Cookies?<br \/>\nSie k\u00f6nnen Cookies zulassen, blockieren oder l\u00f6schen, indem Sie die Optionen des auf Ihrem Ger\u00e4t installierten Browsers konfigurieren. Die Deaktivierung von Cookies kann jedoch die Funktionalit\u00e4t der Website beeintr\u00e4chtigen. Weitere Informationen entnehmen Sie bitte dem Handbuch Ihres Browsers.<\/p>\n<p>In welche L\u00e4nder werden meine Daten \u00fcbermittelt?<br \/>\nIhre Daten werden nicht au\u00dferhalb des Europ\u00e4ischen Wirtschaftsraums (EWR) \u00fcbermittelt. Im Falle einer \u00dcbermittlung in Drittl\u00e4nder gelten angemessene Schutzma\u00dfnahmen, die gesetzlich zul\u00e4ssig sind.<\/p>\n<p>Weitere Informationen dar\u00fcber, wie wir mit Ihren Daten umgehen, finden Sie in unserer Datenschutzerkl\u00e4rung.<\/p>","protected":false},"excerpt":{"rendered":"<p>Pol\u00edtica de Cookies de Coin Windows 2017 S.L CIF B-93543635 \u00bfQu\u00e9 son las cookies? Las cookies son archivos de texto [&hellip;]<\/p>","protected":false},"author":1,"featured_media":0,"parent":0,"menu_order":0,"comment_status":"closed","ping_status":"closed","template":"","meta":{"site-sidebar-layout":"default","site-content-layout":"","ast-site-content-layout":"","site-content-style":"default","site-sidebar-style":"default","ast-global-header-display":"","ast-banner-title-visibility":"","ast-main-header-display":"","ast-hfb-above-header-display":"","ast-hfb-below-header-display":"","ast-hfb-mobile-header-display":"","site-post-title":"","ast-breadcrumbs-content":"","ast-featured-img":"","footer-sml-layout":"","theme-transparent-header-meta":"","adv-header-id-meta":"","stick-header-meta":"","header-above-stick-meta":"","header-main-stick-meta":"","header-below-stick-meta":"","astra-migrate-meta-layouts":"default","ast-page-background-enabled":"default","ast-page-background-meta":{"desktop":{"background-color":"var(--ast-global-color-5)","background-image":"","background-repeat":"repeat","background-position":"center center","background-size":"auto","background-attachment":"scroll","background-type":"","background-media":"","overlay-type":"","overlay-color":"","overlay-opacity":"","overlay-gradient":""},"tablet":{"background-color":"","background-image":"","background-repeat":"repeat","background-position":"center center","background-size":"auto","background-attachment":"scroll","background-type":"","background-media":"","overlay-type":"","overlay-color":"","overlay-opacity":"","overlay-gradient":""},"mobile":{"background-color":"","background-image":"","background-repeat":"repeat","background-position":"center center","background-size":"auto","background-attachment":"scroll","background-type":"","background-media":"","overlay-type":"","overlay-color":"","overlay-opacity":"","overlay-gradient":""}},"ast-content-background-meta":{"desktop":{"background-color":"var(--ast-global-color-4)","background-image":"","background-repeat":"repeat","background-position":"center center","background-size":"auto","background-attachment":"scroll","background-type":"","background-media":"","overlay-type":"","overlay-color":"","overlay-opacity":"","overlay-gradient":""},"tablet":{"background-color":"var(--ast-global-color-4)","background-image":"","background-repeat":"repeat","background-position":"center center","background-size":"auto","background-attachment":"scroll","background-type":"","background-media":"","overlay-type":"","overlay-color":"","overlay-opacity":"","overlay-gradient":""},"mobile":{"background-color":"var(--ast-global-color-4)","background-image":"","background-repeat":"repeat","background-position":"center center","background-size":"auto","background-attachment":"scroll","background-type":"","background-media":"","overlay-type":"","overlay-color":"","overlay-opacity":"","overlay-gradient":""}},"footnotes":""},"class_list":["post-306","page","type-page","status-publish","hentry"],"yoast_head":"<!-- This site is optimized with the Yoast SEO plugin v24.9 - https:\/\/yoast.com\/wordpress\/plugins\/seo\/ -->\n<title>Pol\u00edtica de Cookies - coinwindows.com<\/title>\n<meta name=\"robots\" content=\"index, follow, max-snippet:-1, max-image-preview:large, max-video-preview:-1\" \/>\n<link rel=\"canonical\" href=\"https:\/\/coinwindows.com\/de\/politica-de-cookies\/\" \/>\n<meta property=\"og:locale\" content=\"de_DE\" \/>\n<meta property=\"og:type\" content=\"article\" \/>\n<meta property=\"og:title\" content=\"Pol\u00edtica de Cookies - coinwindows.com\" \/>\n<meta property=\"og:description\" content=\"Pol\u00edtica de Cookies de Coin Windows 2017 S.L CIF B-93543635 \u00bfQu\u00e9 son las cookies? Las cookies son archivos de texto [&hellip;]\" \/>\n<meta property=\"og:url\" content=\"https:\/\/coinwindows.com\/de\/politica-de-cookies\/\" \/>\n<meta property=\"og:site_name\" content=\"coinwindows.com\" \/>\n<meta property=\"article:modified_time\" content=\"2025-04-21T07:59:12+00:00\" \/>\n<meta name=\"twitter:card\" content=\"summary_large_image\" \/>\n<meta name=\"twitter:label1\" content=\"Gesch\u00e4tzte Lesezeit\" \/>\n\t<meta name=\"twitter:data1\" content=\"2\u00a0Minuten\" \/>\n<script type=\"application\/ld+json\" class=\"yoast-schema-graph\">{\"@context\":\"https:\/\/schema.org\",\"@graph\":[{\"@type\":\"WebPage\",\"@id\":\"https:\/\/coinwindows.com\/de\/politica-de-cookies\/\",\"url\":\"https:\/\/coinwindows.com\/de\/politica-de-cookies\/\",\"name\":\"Pol\u00edtica de Cookies - coinwindows.com\",\"isPartOf\":{\"@id\":\"https:\/\/coinwindows.com\/#website\"},\"datePublished\":\"2025-04-21T07:57:39+00:00\",\"dateModified\":\"2025-04-21T07:59:12+00:00\",\"breadcrumb\":{\"@id\":\"https:\/\/coinwindows.com\/de\/politica-de-cookies\/#breadcrumb\"},\"inLanguage\":\"de\",\"potentialAction\":[{\"@type\":\"ReadAction\",\"target\":[\"https:\/\/coinwindows.com\/de\/politica-de-cookies\/\"]}]},{\"@type\":\"BreadcrumbList\",\"@id\":\"https:\/\/coinwindows.com\/de\/politica-de-cookies\/#breadcrumb\",\"itemListElement\":[{\"@type\":\"ListItem\",\"position\":1,\"name\":\"Portada\",\"item\":\"https:\/\/coinwindows.com\/de\/\"},{\"@type\":\"ListItem\",\"position\":2,\"name\":\"Pol\u00edtica de Cookies\"}]},{\"@type\":\"WebSite\",\"@id\":\"https:\/\/coinwindows.com\/#website\",\"url\":\"https:\/\/coinwindows.com\/\",\"name\":\"coinwindows.com\",\"description\":\"\",\"publisher\":{\"@id\":\"https:\/\/coinwindows.com\/#organization\"},\"potentialAction\":[{\"@type\":\"SearchAction\",\"target\":{\"@type\":\"EntryPoint\",\"urlTemplate\":\"https:\/\/coinwindows.com\/?s={search_term_string}\"},\"query-input\":{\"@type\":\"PropertyValueSpecification\",\"valueRequired\":true,\"valueName\":\"search_term_string\"}}],\"inLanguage\":\"de\"},{\"@type\":\"Organization\",\"@id\":\"https:\/\/coinwindows.com\/#organization\",\"name\":\"coinwindows.com\",\"url\":\"https:\/\/coinwindows.com\/\",\"logo\":{\"@type\":\"ImageObject\",\"inLanguage\":\"de\",\"@id\":\"https:\/\/coinwindows.com\/#\/schema\/logo\/image\/\",\"url\":\"https:\/\/coinwindows.com\/wp-content\/uploads\/2025\/04\/Diseno-sin-titulo-2.png\",\"contentUrl\":\"https:\/\/coinwindows.com\/wp-content\/uploads\/2025\/04\/Diseno-sin-titulo-2.png\",\"width\":500,\"height\":500,\"caption\":\"coinwindows.com\"},\"image\":{\"@id\":\"https:\/\/coinwindows.com\/#\/schema\/logo\/image\/\"}}]}<\/script>\n<!-- \/ Yoast SEO plugin. -->","yoast_head_json":{"title":"Pol\u00edtica de Cookies - coinwindows.com","robots":{"index":"index","follow":"follow","max-snippet":"max-snippet:-1","max-image-preview":"max-image-preview:large","max-video-preview":"max-video-preview:-1"},"canonical":"https:\/\/coinwindows.com\/de\/politica-de-cookies\/","og_locale":"de_DE","og_type":"article","og_title":"Pol\u00edtica de Cookies - coinwindows.com","og_description":"Pol\u00edtica de Cookies de Coin Windows 2017 S.L CIF B-93543635 \u00bfQu\u00e9 son las cookies? Las cookies son archivos de texto [&hellip;]","og_url":"https:\/\/coinwindows.com\/de\/politica-de-cookies\/","og_site_name":"coinwindows.com","article_modified_time":"2025-04-21T07:59:12+00:00","twitter_card":"summary_large_image","twitter_misc":{"Gesch\u00e4tzte Lesezeit":"2\u00a0Minuten"},"schema":{"@context":"https:\/\/schema.org","@graph":[{"@type":"WebPage","@id":"https:\/\/coinwindows.com\/de\/politica-de-cookies\/","url":"https:\/\/coinwindows.com\/de\/politica-de-cookies\/","name":"Pol\u00edtica de Cookies - coinwindows.com","isPartOf":{"@id":"https:\/\/coinwindows.com\/#website"},"datePublished":"2025-04-21T07:57:39+00:00","dateModified":"2025-04-21T07:59:12+00:00","breadcrumb":{"@id":"https:\/\/coinwindows.com\/de\/politica-de-cookies\/#breadcrumb"},"inLanguage":"de","potentialAction":[{"@type":"ReadAction","target":["https:\/\/coinwindows.com\/de\/politica-de-cookies\/"]}]},{"@type":"BreadcrumbList","@id":"https:\/\/coinwindows.com\/de\/politica-de-cookies\/#breadcrumb","itemListElement":[{"@type":"ListItem","position":1,"name":"Portada","item":"https:\/\/coinwindows.com\/de\/"},{"@type":"ListItem","position":2,"name":"Pol\u00edtica de Cookies"}]},{"@type":"WebSite","@id":"https:\/\/coinwindows.com\/#website","url":"https:\/\/coinwindows.com\/","name":"m\u00fcnzfenster.de","description":"","publisher":{"@id":"https:\/\/coinwindows.com\/#organization"},"potentialAction":[{"@type":"SearchAction","target":{"@type":"EntryPoint","urlTemplate":"https:\/\/coinwindows.com\/?s={search_term_string}"},"query-input":{"@type":"PropertyValueSpecification","valueRequired":true,"valueName":"search_term_string"}}],"inLanguage":"de"},{"@type":"Organization","@id":"https:\/\/coinwindows.com\/#organization","name":"m\u00fcnzfenster.de","url":"https:\/\/coinwindows.com\/","logo":{"@type":"ImageObject","inLanguage":"de","@id":"https:\/\/coinwindows.com\/#\/schema\/logo\/image\/","url":"https:\/\/coinwindows.com\/wp-content\/uploads\/2025\/04\/Diseno-sin-titulo-2.png","contentUrl":"https:\/\/coinwindows.com\/wp-content\/uploads\/2025\/04\/Diseno-sin-titulo-2.png","width":500,"height":500,"caption":"coinwindows.com"},"image":{"@id":"https:\/\/coinwindows.com\/#\/schema\/logo\/image\/"}}]}},"_links":{"self":[{"href":"https:\/\/coinwindows.com\/de\/wp-json\/wp\/v2\/pages\/306","targetHints":{"allow":["GET"]}}],"collection":[{"href":"https:\/\/coinwindows.com\/de\/wp-json\/wp\/v2\/pages"}],"about":[{"href":"https:\/\/coinwindows.com\/de\/wp-json\/wp\/v2\/types\/page"}],"author":[{"embeddable":true,"href":"https:\/\/coinwindows.com\/de\/wp-json\/wp\/v2\/users\/1"}],"replies":[{"embeddable":true,"href":"https:\/\/coinwindows.com\/de\/wp-json\/wp\/v2\/comments?post=306"}],"version-history":[{"count":1,"href":"https:\/\/coinwindows.com\/de\/wp-json\/wp\/v2\/pages\/306\/revisions"}],"predecessor-version":[{"id":312,"href":"https:\/\/coinwindows.com\/de\/wp-json\/wp\/v2\/pages\/306\/revisions\/312"}],"wp:attachment":[{"href":"https:\/\/coinwindows.com\/de\/wp-json\/wp\/v2\/media?parent=306"}],"curies":[{"name":"wp","href":"https:\/\/api.w.org\/{rel}","templated":true}]}}