{"id":308,"date":"2025-04-21T07:57:40","date_gmt":"2025-04-21T07:57:40","guid":{"rendered":"https:\/\/coinwindows.com\/aviso-legal\/"},"modified":"2025-04-21T07:59:48","modified_gmt":"2025-04-21T07:59:48","slug":"aviso-legal","status":"publish","type":"page","link":"https:\/\/coinwindows.com\/de\/aviso-legal\/","title":{"rendered":"Rechtlicher Hinweis"},"content":{"rendered":"<p>Rechtlicher Hinweis<\/p>\n<p>1. einleitung<br \/>\nCoin Windows 2017 S.L CIF B-93543635 (\"das Unternehmen\"), mit der Steueridentifikationsnummer B-93543635 Adresse: C\/ Arqu\u00edmedes, Local 1, Coin, 29100, Correo info@coinwindows.com Telefon: +34655864379.<\/p>\n<p>Diese Nutzungsbedingungen (im Folgenden \"Nutzungsbedingungen\") regeln die Nutzung (einschlie\u00dflich des blo\u00dfen Zugriffs) dieser Website einschlie\u00dflich aller auf ihr verf\u00fcgbaren Inhalte und Dienste (im Folgenden \"Website\"). Jede Person, die auf diese Website zugreift, gilt als deren Nutzer (im Folgenden als \"Nutzer\" oder \"Nutzer\" bezeichnet).<\/p>\n<p>Bitte lesen Sie diese Nutzungsbedingungen sorgf\u00e4ltig durch. Durch den Zugriff auf die Website und die Nutzung der darin enthaltenen Materialien erkl\u00e4ren Sie, dass Sie diese Nutzungsbedingungen gelesen und verstanden haben und ihnen zustimmen. Wenn Sie mit diesen Nutzungsbedingungen ganz oder teilweise nicht einverstanden sind, sollten Sie von der Nutzung der Website absehen.<\/p>\n<p>Der Nutzer muss bedenken, dass die Produkte, Dienstleistungen oder Inhalte, die den Nutzern auf der Website zur Verf\u00fcgung gestellt werden, besonderen Bedingungen unterliegen k\u00f6nnen, die im Falle eines Konflikts Vorrang vor den vorliegenden Nutzungsbedingungen haben.<\/p>\n<p>2. Objekt<br \/>\nZweck der Website ist die Bereitstellung von Informationen \u00fcber verschiedene Aktivit\u00e4ten, Veranstaltungen und Dienstleistungen. Die auf der Website bereitgestellten Informationen sind allgemeiner Natur und erheben keinen Anspruch auf Vollst\u00e4ndigkeit.<br \/>\n3. Geistiges und gewerbliches Eigentum<br \/>\nDie Texte, Bilder, T\u00f6ne, Animationen, Videos und sonstigen Inhalte dieser Website sind ausschlie\u00dfliches Eigentum des Unternehmens oder gegebenenfalls von Dritten, die eine Lizenz oder Genehmigung f\u00fcr ihre Nutzung erteilt haben.<\/p>\n<p>In diesem Zusammenhang gew\u00e4hrt das Unternehmen den Nutzern eine nicht ausschlie\u00dfliche, nicht unterlizenzierbare und nicht \u00fcbertragbare Lizenz zur Nutzung der Website, ihrer jeweiligen Funktionalit\u00e4ten, Inhalte und sonstigen verf\u00fcgbaren Funktionen. Der Nutzer ist nur berechtigt, eine vor\u00fcbergehende Privatkopie der Inhalte f\u00fcr seinen ausschlie\u00dflichen pers\u00f6nlichen und privaten Gebrauch auf seinen Computersystemen einzusehen und zu erhalten, nicht aber f\u00fcr eine sp\u00e4tere Weitergabe an Dritte.<\/p>\n<p>4. Engagement der Nutzer<br \/>\nDer Nutzer erkennt freiwillig und ausdr\u00fccklich an und akzeptiert, dass die Nutzung der Website unter seiner alleinigen und ausschlie\u00dflichen Verantwortung erfolgt.<\/p>\n<p>Die Nutzer verpflichten sich, die Website nicht missbr\u00e4uchlich zu nutzen und keine Informationen zu verbreiten oder sie f\u00fcr andere Zwecke zu verwenden:<\/p>\n<p>Aktivit\u00e4ten, die gegen das Gesetz, diese Nutzungsbedingungen, die Moral oder die \u00f6ffentliche Ordnung versto\u00dfen.<br \/>\ndie Website oder einen Teil davon auf anderen privaten oder kommerziellen Websites zu verwenden oder die Website kommerziell zu nutzen.<br \/>\ndie Website oder ihren Inhalt zu ver\u00e4ndern, zu kopieren, zu modifizieren, zu dekompilieren, zur\u00fcckzuentwickeln usw.<br \/>\nProgramme, Viren, Codes oder andere Vorrichtungen einzuf\u00fchren, die die Website besch\u00e4digen.<br \/>\nDas Unternehmen beh\u00e4lt sich das Recht vor, Inhalte, die gegen diese Nutzungsbedingungen, die Rechte Dritter oder geltendes Recht versto\u00dfen, von der Website zu entfernen.<\/p>\n<p>5. Schutz der Daten<br \/>\nDas Unternehmen sch\u00fctzt die personenbezogenen Daten der Nutzer und verwendet sie nur, soweit dies gesetzlich zul\u00e4ssig ist oder die Nutzer ihre Zustimmung gegeben haben. Weitere Informationen finden die Nutzer in der Datenschutzrichtlinie.<\/p>\n<p>6. Links zu anderen Websites und sozialen Netzwerken<br \/>\nDiese Nutzungsbedingungen beziehen sich nur auf die Website und den Inhalt des Unternehmens. Sie gelten nicht f\u00fcr Links, Webseiten und soziale Netzwerke von Dritten, die \u00fcber die Website zug\u00e4nglich sind.<\/p>\n<p>7. \u00c4nderungen der Nutzungsbedingungen<br \/>\nDas Unternehmen beh\u00e4lt sich das Recht vor, Dienstleistungen, Inhalte oder die Bedingungen f\u00fcr den Zugang und\/oder die Nutzung der Website jederzeit und ohne vorherige Ank\u00fcndigung zu \u00e4ndern oder zu streichen. Der Nutzer sollte diese Nutzungsbedingungen regelm\u00e4\u00dfig lesen.<\/p>\n<p>8. Benachrichtigung \u00fcber Vorf\u00e4lle und m\u00f6gliche Verst\u00f6\u00dfe<br \/>\nDer Nutzer kann sich per E-Mail info@coinwindows.com an das Unternehmen wenden, wenn technische St\u00f6rungen beim Betrieb der Website auftreten oder wenn er Fehler, Ungenauigkeiten oder gesetzeswidrige Inhalte feststellt.<\/p>\n<p>9. Unabh\u00e4ngigkeit und Integration von Klauseln<br \/>\nDie Rechtswidrigkeit, Nichtigkeit oder Unwirksamkeit einer der Klauseln dieser Nutzungsbedingungen ber\u00fchrt nicht die Wirksamkeit der \u00fcbrigen. Die Klauseln sind durch andere zu ersetzen oder zu erg\u00e4nzen, die dem Zweck der ersetzten Klauseln entsprechen, da sie mit dem Gesetz in Einklang stehen.<\/p>\n<p>10. Schlussbestimmungen, anwendbares Recht, zust\u00e4ndige Gerichte<br \/>\nDie vorliegenden Nutzungsbedingungen unterliegen dem spanischen Recht. Alle Streitigkeiten, die sich aus der Nutzung der Website ergeben k\u00f6nnen, werden den zust\u00e4ndigen Gerichten am Sitz des Unternehmens vorgelegt.<\/p>","protected":false},"excerpt":{"rendered":"<p>Rechtlicher Hinweis 1. Einleitung Coin Windows 2017 S.L CIF B-93543635 (\"das Unternehmen\"), mit der Steueridentifikationsnummer B-93543635 Adresse: [...]<\/p>","protected":false},"author":1,"featured_media":0,"parent":0,"menu_order":0,"comment_status":"closed","ping_status":"closed","template":"","meta":{"site-sidebar-layout":"default","site-content-layout":"","ast-site-content-layout":"","site-content-style":"default","site-sidebar-style":"default","ast-global-header-display":"","ast-banner-title-visibility":"","ast-main-header-display":"","ast-hfb-above-header-display":"","ast-hfb-below-header-display":"","ast-hfb-mobile-header-display":"","site-post-title":"","ast-breadcrumbs-content":"","ast-featured-img":"","footer-sml-layout":"","theme-transparent-header-meta":"","adv-header-id-meta":"","stick-header-meta":"","header-above-stick-meta":"","header-main-stick-meta":"","header-below-stick-meta":"","astra-migrate-meta-layouts":"default","ast-page-background-enabled":"default","ast-page-background-meta":{"desktop":{"background-color":"var(--ast-global-color-5)","background-image":"","background-repeat":"repeat","background-position":"center center","background-size":"auto","background-attachment":"scroll","background-type":"","background-media":"","overlay-type":"","overlay-color":"","overlay-opacity":"","overlay-gradient":""},"tablet":{"background-color":"","background-image":"","background-repeat":"repeat","background-position":"center center","background-size":"auto","background-attachment":"scroll","background-type":"","background-media":"","overlay-type":"","overlay-color":"","overlay-opacity":"","overlay-gradient":""},"mobile":{"background-color":"","background-image":"","background-repeat":"repeat","background-position":"center center","background-size":"auto","background-attachment":"scroll","background-type":"","background-media":"","overlay-type":"","overlay-color":"","overlay-opacity":"","overlay-gradient":""}},"ast-content-background-meta":{"desktop":{"background-color":"var(--ast-global-color-4)","background-image":"","background-repeat":"repeat","background-position":"center center","background-size":"auto","background-attachment":"scroll","background-type":"","background-media":"","overlay-type":"","overlay-color":"","overlay-opacity":"","overlay-gradient":""},"tablet":{"background-color":"var(--ast-global-color-4)","background-image":"","background-repeat":"repeat","background-position":"center center","background-size":"auto","background-attachment":"scroll","background-type":"","background-media":"","overlay-type":"","overlay-color":"","overlay-opacity":"","overlay-gradient":""},"mobile":{"background-color":"var(--ast-global-color-4)","background-image":"","background-repeat":"repeat","background-position":"center center","background-size":"auto","background-attachment":"scroll","background-type":"","background-media":"","overlay-type":"","overlay-color":"","overlay-opacity":"","overlay-gradient":""}},"footnotes":""},"class_list":["post-308","page","type-page","status-publish","hentry"],"yoast_head":"<!-- This site is optimized with the Yoast SEO plugin v24.9 - https:\/\/yoast.com\/wordpress\/plugins\/seo\/ -->\n<title>Aviso Legal - coinwindows.com<\/title>\n<meta name=\"robots\" content=\"index, follow, max-snippet:-1, max-image-preview:large, max-video-preview:-1\" \/>\n<link rel=\"canonical\" href=\"https:\/\/www.coinwindows.com\/de\/aviso-legal\/\" \/>\n<meta property=\"og:locale\" content=\"de_DE\" \/>\n<meta property=\"og:type\" content=\"article\" \/>\n<meta property=\"og:title\" content=\"Aviso Legal - coinwindows.com\" \/>\n<meta property=\"og:description\" content=\"Aviso Legal 1. Introducci\u00f3n Coin Windows 2017 S.L CIF B-93543635 (\u201cla Empresa\u201d), con el n\u00famero de identificaci\u00f3n fiscal B-93543635 Domicilio: [&hellip;]\" \/>\n<meta property=\"og:url\" content=\"https:\/\/www.coinwindows.com\/de\/aviso-legal\/\" \/>\n<meta property=\"og:site_name\" content=\"coinwindows.com\" \/>\n<meta property=\"article:modified_time\" content=\"2025-04-21T07:59:48+00:00\" \/>\n<meta name=\"twitter:card\" content=\"summary_large_image\" \/>\n<meta name=\"twitter:label1\" content=\"Gesch\u00e4tzte Lesezeit\" \/>\n\t<meta name=\"twitter:data1\" content=\"4\u00a0Minuten\" \/>\n<script type=\"application\/ld+json\" class=\"yoast-schema-graph\">{\"@context\":\"https:\/\/schema.org\",\"@graph\":[{\"@type\":\"WebPage\",\"@id\":\"https:\/\/www.coinwindows.com\/de\/aviso-legal\/\",\"url\":\"https:\/\/www.coinwindows.com\/de\/aviso-legal\/\",\"name\":\"Aviso Legal - coinwindows.com\",\"isPartOf\":{\"@id\":\"https:\/\/coinwindows.com\/#website\"},\"datePublished\":\"2025-04-21T07:57:40+00:00\",\"dateModified\":\"2025-04-21T07:59:48+00:00\",\"breadcrumb\":{\"@id\":\"https:\/\/www.coinwindows.com\/de\/aviso-legal\/#breadcrumb\"},\"inLanguage\":\"de\",\"potentialAction\":[{\"@type\":\"ReadAction\",\"target\":[\"https:\/\/www.coinwindows.com\/de\/aviso-legal\/\"]}]},{\"@type\":\"BreadcrumbList\",\"@id\":\"https:\/\/www.coinwindows.com\/de\/aviso-legal\/#breadcrumb\",\"itemListElement\":[{\"@type\":\"ListItem\",\"position\":1,\"name\":\"Portada\",\"item\":\"https:\/\/coinwindows.com\/de\/\"},{\"@type\":\"ListItem\",\"position\":2,\"name\":\"Aviso Legal\"}]},{\"@type\":\"WebSite\",\"@id\":\"https:\/\/coinwindows.com\/#website\",\"url\":\"https:\/\/coinwindows.com\/\",\"name\":\"coinwindows.com\",\"description\":\"\",\"publisher\":{\"@id\":\"https:\/\/coinwindows.com\/#organization\"},\"potentialAction\":[{\"@type\":\"SearchAction\",\"target\":{\"@type\":\"EntryPoint\",\"urlTemplate\":\"https:\/\/coinwindows.com\/?s={search_term_string}\"},\"query-input\":{\"@type\":\"PropertyValueSpecification\",\"valueRequired\":true,\"valueName\":\"search_term_string\"}}],\"inLanguage\":\"de\"},{\"@type\":\"Organization\",\"@id\":\"https:\/\/coinwindows.com\/#organization\",\"name\":\"coinwindows.com\",\"url\":\"https:\/\/coinwindows.com\/\",\"logo\":{\"@type\":\"ImageObject\",\"inLanguage\":\"de\",\"@id\":\"https:\/\/coinwindows.com\/#\/schema\/logo\/image\/\",\"url\":\"https:\/\/coinwindows.com\/wp-content\/uploads\/2025\/04\/Diseno-sin-titulo-2.png\",\"contentUrl\":\"https:\/\/coinwindows.com\/wp-content\/uploads\/2025\/04\/Diseno-sin-titulo-2.png\",\"width\":500,\"height\":500,\"caption\":\"coinwindows.com\"},\"image\":{\"@id\":\"https:\/\/coinwindows.com\/#\/schema\/logo\/image\/\"}}]}<\/script>\n<!-- \/ Yoast SEO plugin. -->","yoast_head_json":{"title":"Aviso Legal - coinwindows.com","robots":{"index":"index","follow":"follow","max-snippet":"max-snippet:-1","max-image-preview":"max-image-preview:large","max-video-preview":"max-video-preview:-1"},"canonical":"https:\/\/www.coinwindows.com\/de\/aviso-legal\/","og_locale":"de_DE","og_type":"article","og_title":"Aviso Legal - coinwindows.com","og_description":"Aviso Legal 1. Introducci\u00f3n Coin Windows 2017 S.L CIF B-93543635 (\u201cla Empresa\u201d), con el n\u00famero de identificaci\u00f3n fiscal B-93543635 Domicilio: [&hellip;]","og_url":"https:\/\/www.coinwindows.com\/de\/aviso-legal\/","og_site_name":"coinwindows.com","article_modified_time":"2025-04-21T07:59:48+00:00","twitter_card":"summary_large_image","twitter_misc":{"Gesch\u00e4tzte Lesezeit":"4\u00a0Minuten"},"schema":{"@context":"https:\/\/schema.org","@graph":[{"@type":"WebPage","@id":"https:\/\/www.coinwindows.com\/de\/aviso-legal\/","url":"https:\/\/www.coinwindows.com\/de\/aviso-legal\/","name":"Aviso Legal - coinwindows.com","isPartOf":{"@id":"https:\/\/coinwindows.com\/#website"},"datePublished":"2025-04-21T07:57:40+00:00","dateModified":"2025-04-21T07:59:48+00:00","breadcrumb":{"@id":"https:\/\/www.coinwindows.com\/de\/aviso-legal\/#breadcrumb"},"inLanguage":"de","potentialAction":[{"@type":"ReadAction","target":["https:\/\/www.coinwindows.com\/de\/aviso-legal\/"]}]},{"@type":"BreadcrumbList","@id":"https:\/\/www.coinwindows.com\/de\/aviso-legal\/#breadcrumb","itemListElement":[{"@type":"ListItem","position":1,"name":"Portada","item":"https:\/\/coinwindows.com\/de\/"},{"@type":"ListItem","position":2,"name":"Aviso Legal"}]},{"@type":"WebSite","@id":"https:\/\/coinwindows.com\/#website","url":"https:\/\/coinwindows.com\/","name":"m\u00fcnzfenster.de","description":"","publisher":{"@id":"https:\/\/coinwindows.com\/#organization"},"potentialAction":[{"@type":"SearchAction","target":{"@type":"EntryPoint","urlTemplate":"https:\/\/coinwindows.com\/?s={search_term_string}"},"query-input":{"@type":"PropertyValueSpecification","valueRequired":true,"valueName":"search_term_string"}}],"inLanguage":"de"},{"@type":"Organization","@id":"https:\/\/coinwindows.com\/#organization","name":"m\u00fcnzfenster.de","url":"https:\/\/coinwindows.com\/","logo":{"@type":"ImageObject","inLanguage":"de","@id":"https:\/\/coinwindows.com\/#\/schema\/logo\/image\/","url":"https:\/\/coinwindows.com\/wp-content\/uploads\/2025\/04\/Diseno-sin-titulo-2.png","contentUrl":"https:\/\/coinwindows.com\/wp-content\/uploads\/2025\/04\/Diseno-sin-titulo-2.png","width":500,"height":500,"caption":"coinwindows.com"},"image":{"@id":"https:\/\/coinwindows.com\/#\/schema\/logo\/image\/"}}]}},"_links":{"self":[{"href":"https:\/\/coinwindows.com\/de\/wp-json\/wp\/v2\/pages\/308","targetHints":{"allow":["GET"]}}],"collection":[{"href":"https:\/\/coinwindows.com\/de\/wp-json\/wp\/v2\/pages"}],"about":[{"href":"https:\/\/coinwindows.com\/de\/wp-json\/wp\/v2\/types\/page"}],"author":[{"embeddable":true,"href":"https:\/\/coinwindows.com\/de\/wp-json\/wp\/v2\/users\/1"}],"replies":[{"embeddable":true,"href":"https:\/\/coinwindows.com\/de\/wp-json\/wp\/v2\/comments?post=308"}],"version-history":[{"count":1,"href":"https:\/\/coinwindows.com\/de\/wp-json\/wp\/v2\/pages\/308\/revisions"}],"predecessor-version":[{"id":310,"href":"https:\/\/coinwindows.com\/de\/wp-json\/wp\/v2\/pages\/308\/revisions\/310"}],"wp:attachment":[{"href":"https:\/\/coinwindows.com\/de\/wp-json\/wp\/v2\/media?parent=308"}],"curies":[{"name":"wp","href":"https:\/\/api.w.org\/{rel}","templated":true}]}}