{"id":33,"date":"2025-04-08T12:56:26","date_gmt":"2025-04-08T12:56:26","guid":{"rendered":"https:\/\/coinwindows.com\/services\/"},"modified":"2025-04-09T07:55:10","modified_gmt":"2025-04-09T07:55:10","slug":"fabricante-ventanas-aluminio-costa-del-sol","status":"publish","type":"page","link":"https:\/\/coinwindows.com\/de\/fabricante-ventanas-aluminio-costa-del-sol\/","title":{"rendered":"Aluminium-Fenster"},"content":{"rendered":"<div data-elementor-type=\"wp-page\" data-elementor-id=\"33\" class=\"elementor elementor-33\" data-elementor-post-type=\"page\">\n\t\t\t\t<div class=\"elementor-element elementor-element-79337ab3 e-flex e-con-boxed e-con e-parent\" data-id=\"79337ab3\" data-element_type=\"container\">\n\t\t\t\t\t<div class=\"e-con-inner\">\n\t\t\t\t<div class=\"elementor-element elementor-element-194f2976 elementor-widget elementor-widget-heading\" data-id=\"194f2976\" data-element_type=\"widget\" data-widget_type=\"heading.default\">\n\t\t\t\t<div class=\"elementor-widget-container\">\n\t\t\t\t\t<h1 class=\"elementor-heading-title elementor-size-default\">Individuelle Aluminium-Fenster<\/h1>\t\t\t\t<\/div>\n\t\t\t\t<\/div>\n\t\t\t\t<div class=\"elementor-element elementor-element-47d860d6 elementor-widget-divider--view-line elementor-widget elementor-widget-divider\" data-id=\"47d860d6\" data-element_type=\"widget\" data-widget_type=\"divider.default\">\n\t\t\t\t<div class=\"elementor-widget-container\">\n\t\t\t\t\t\t\t<div class=\"elementor-divider\">\n\t\t\t<span class=\"elementor-divider-separator\">\n\t\t\t\t\t\t<\/span>\n\t\t<\/div>\n\t\t\t\t\t\t<\/div>\n\t\t\t\t<\/div>\n\t\t\t\t<div class=\"elementor-element elementor-element-647280b7 elementor-widget__width-initial elementor-widget-tablet__width-initial elementor-widget elementor-widget-heading\" data-id=\"647280b7\" data-element_type=\"widget\" data-widget_type=\"heading.default\">\n\t\t\t\t<div class=\"elementor-widget-container\">\n\t\t\t\t\t<h5 class=\"elementor-heading-title elementor-size-default\">Bei Co\u00ednWindows stellen wir Hochleistungs-Aluminiumfenster her, die f\u00fcr W\u00e4rme- und Schalld\u00e4mmung, Langlebigkeit und Design in allen Arten von H\u00e4usern und R\u00e4umen konzipiert sind. <\/h5>\t\t\t\t<\/div>\n\t\t\t\t<\/div>\n\t\t\t\t\t<\/div>\n\t\t\t\t<\/div>\n\t\t<div class=\"elementor-element elementor-element-7e361ef8 e-flex e-con-boxed e-con e-parent\" data-id=\"7e361ef8\" data-element_type=\"container\" id=\"service1\">\n\t\t\t\t\t<div class=\"e-con-inner\">\n\t\t<div class=\"elementor-element elementor-element-132928fd e-con-full e-flex e-con e-child\" data-id=\"132928fd\" data-element_type=\"container\">\n\t\t\t\t<div class=\"elementor-element elementor-element-62b9e50a elementor-widget elementor-widget-heading\" data-id=\"62b9e50a\" data-element_type=\"widget\" data-widget_type=\"heading.default\">\n\t\t\t\t<div class=\"elementor-widget-container\">\n\t\t\t\t\t<h2 class=\"elementor-heading-title elementor-size-default\">Aluminium-Fenster<\/h2>\t\t\t\t<\/div>\n\t\t\t\t<\/div>\n\t\t\t\t<div class=\"elementor-element elementor-element-7f0d478e elementor-widget elementor-widget-text-editor\" data-id=\"7f0d478e\" data-element_type=\"widget\" data-widget_type=\"text-editor.default\">\n\t\t\t\t<div class=\"elementor-widget-container\">\n\t\t\t\t\t\t\t\t\t<p class=\"\" data-start=\"97\" data-end=\"528\">Dank ihrer robusten und vielseitigen Konstruktion garantieren Aluminiumfenster eine dichte Abdichtung und einen ausgezeichneten Schutz gegen Witterungseinfl\u00fcsse und sind somit eine sichere und langlebige Investition.<\/p><p class=\"\" data-start=\"530\" data-end=\"878\"><strong data-start=\"530\" data-end=\"558\">Design, Licht und Effizienz<\/strong><br data-start=\"558\" data-end=\"561\" \/>Unsere Fl\u00fcgelfenster erm\u00f6glichen mehrere \u00d6ffnungsvarianten und passen sich an die Bed\u00fcrfnisse jedes Projekts an. Sie bieten eine hohe Luftdichtheit und beg\u00fcnstigen den Einfall von nat\u00fcrlichem Licht, ohne den Innenraumkomfort zu beeintr\u00e4chtigen, was sie zu einer idealen L\u00f6sung f\u00fcr hei\u00dfe oder feuchte Klimazonen wie an der Costa del Sol macht.<\/p><p class=\"\" data-start=\"880\" data-end=\"1265\"><strong data-start=\"880\" data-end=\"922\">Sliding: Breite und visuelle Verbindung<\/strong><br data-start=\"922\" data-end=\"925\" \/>Die Schiebefenster von Co\u00ednWindows wurden entwickelt, um den Innenraum zu optimieren und bieten gro\u00dfe Glasfl\u00e4chen, die den Innenraum mit dem Au\u00dfenbereich verbinden. Sie lassen sich leichtg\u00e4ngig und einfach bedienen, so dass Sie Licht, Aussicht und Bel\u00fcftung genie\u00dfen k\u00f6nnen, ohne auf die Isolierung und Leistung eines Fl\u00fcgelfensters verzichten zu m\u00fcssen.<\/p><p class=\"\" data-start=\"1267\" data-end=\"1613\"><strong data-start=\"1267\" data-end=\"1311\">Verandas: Helle R\u00e4ume das ganze Jahr \u00fcber<\/strong><br data-start=\"1311\" data-end=\"1314\" \/>Mit unseren Winterg\u00e4rten k\u00f6nnen Sie den Wohnbereich Ihres Hauses um geschlossene, aber lichtdurchflutete R\u00e4ume erweitern. Sie sind ideal, um Entspannungsbereiche, Arbeitsr\u00e4ume, Pooldecks oder Winterg\u00e4rten zu schaffen, und das alles mit dem Schutz und der Effizienz unserer Verglasungssysteme.<\/p><p class=\"\" data-start=\"1615\" data-end=\"1858\">Wir von Co\u00ednWindows sind spezialisierte Hersteller von Aluminiumfenstern an der Costa del Sol, mit einer starken Pr\u00e4senz in Malaga, Marbella und Estepona. Wir entwerfen jedes Fenster nach Ma\u00df, um eine individuelle, \u00e4sthetische und effiziente L\u00f6sung zu bieten.<\/p>\t\t\t\t\t\t\t\t<\/div>\n\t\t\t\t<\/div>\n\t\t\t\t<\/div>\n\t\t<div class=\"elementor-element elementor-element-2f14ea25 e-con-full e-flex e-con e-child\" data-id=\"2f14ea25\" data-element_type=\"container\" data-settings=\"{&quot;background_background&quot;:&quot;classic&quot;}\">\n\t\t\t\t<\/div>\n\t\t\t\t\t<\/div>\n\t\t\t\t<\/div>\n\t\t<div class=\"elementor-element elementor-element-7868886 e-flex e-con-boxed e-con e-parent\" data-id=\"7868886\" data-element_type=\"container\">\n\t\t\t\t\t<div class=\"e-con-inner\">\n\t\t\t\t<div class=\"elementor-element elementor-element-40e9be10 elementor-widget elementor-widget-heading\" data-id=\"40e9be10\" data-element_type=\"widget\" data-widget_type=\"heading.default\">\n\t\t\t\t<div class=\"elementor-widget-container\">\n\t\t\t\t\t<h2 class=\"elementor-heading-title elementor-size-default\">Ma\u00dfgeschneiderte Fenster f\u00fcr sichereres, helleres und effizienteres Wohnen<\/h2>\t\t\t\t<\/div>\n\t\t\t\t<\/div>\n\t\t\t\t<div class=\"elementor-element elementor-element-9dc919a elementor-widget__width-initial elementor-widget elementor-widget-text-editor\" data-id=\"9dc919a\" data-element_type=\"widget\" data-widget_type=\"text-editor.default\">\n\t\t\t\t<div class=\"elementor-widget-container\">\n\t\t\t\t\t\t\t\t\t<p>Wir entwerfen und installieren qualitativ hochwertige Fenster, die die Sicherheit, Isolierung und \u00c4sthetik Ihres Hauses verbessern. Sprechen Sie mit unserem Team und entdecken Sie, wie Sie Ihre R\u00e4ume ver\u00e4ndern k\u00f6nnen.<\/p>\t\t\t\t\t\t\t\t<\/div>\n\t\t\t\t<\/div>\n\t\t\t\t<div class=\"elementor-element elementor-element-1d354ac1 elementor-align-center elementor-invisible elementor-widget elementor-widget-button\" data-id=\"1d354ac1\" data-element_type=\"widget\" data-settings=\"{&quot;_animation&quot;:&quot;fadeInDown&quot;}\" data-widget_type=\"button.default\">\n\t\t\t\t<div class=\"elementor-widget-container\">\n\t\t\t\t\t\t\t\t\t<div class=\"elementor-button-wrapper\">\n\t\t\t\t\t<a class=\"elementor-button elementor-button-link elementor-size-sm\" href=\"https:\/\/wa.me\/34621206049\">\n\t\t\t\t\t\t<span class=\"elementor-button-content-wrapper\">\n\t\t\t\t\t\t\t\t\t<span class=\"elementor-button-text\">Kontakt<\/span>\n\t\t\t\t\t<\/span>\n\t\t\t\t\t<\/a>\n\t\t\t\t<\/div>\n\t\t\t\t\t\t\t\t<\/div>\n\t\t\t\t<\/div>\n\t\t\t\t\t<\/div>\n\t\t\t\t<\/div>\n\t\t\t\t<\/div>","protected":false},"excerpt":{"rendered":"<p>Ventanas de Aluminio a Medida En Co\u00ednWindows fabricamos ventanas de aluminio de alto rendimiento, pensadas para ofrecer aislamiento t\u00e9rmico y [&hellip;]<\/p>","protected":false},"author":1,"featured_media":196,"parent":0,"menu_order":0,"comment_status":"closed","ping_status":"closed","template":"elementor_header_footer","meta":{"site-sidebar-layout":"default","site-content-layout":"","ast-site-content-layout":"","site-content-style":"default","site-sidebar-style":"default","ast-global-header-display":"","ast-banner-title-visibility":"","ast-main-header-display":"","ast-hfb-above-header-display":"","ast-hfb-below-header-display":"","ast-hfb-mobile-header-display":"","site-post-title":"","ast-breadcrumbs-content":"","ast-featured-img":"","footer-sml-layout":"","theme-transparent-header-meta":"","adv-header-id-meta":"","stick-header-meta":"","header-above-stick-meta":"","header-main-stick-meta":"","header-below-stick-meta":"","astra-migrate-meta-layouts":"default","ast-page-background-enabled":"default","ast-page-background-meta":{"desktop":{"background-color":"var(--ast-global-color-5)","background-image":"","background-repeat":"repeat","background-position":"center center","background-size":"auto","background-attachment":"scroll","background-type":"","background-media":"","overlay-type":"","overlay-color":"","overlay-opacity":"","overlay-gradient":""},"tablet":{"background-color":"","background-image":"","background-repeat":"repeat","background-position":"center center","background-size":"auto","background-attachment":"scroll","background-type":"","background-media":"","overlay-type":"","overlay-color":"","overlay-opacity":"","overlay-gradient":""},"mobile":{"background-color":"","background-image":"","background-repeat":"repeat","background-position":"center center","background-size":"auto","background-attachment":"scroll","background-type":"","background-media":"","overlay-type":"","overlay-color":"","overlay-opacity":"","overlay-gradient":""}},"ast-content-background-meta":{"desktop":{"background-color":"var(--ast-global-color-4)","background-image":"","background-repeat":"repeat","background-position":"center center","background-size":"auto","background-attachment":"scroll","background-type":"","background-media":"","overlay-type":"","overlay-color":"","overlay-opacity":"","overlay-gradient":""},"tablet":{"background-color":"var(--ast-global-color-4)","background-image":"","background-repeat":"repeat","background-position":"center center","background-size":"auto","background-attachment":"scroll","background-type":"","background-media":"","overlay-type":"","overlay-color":"","overlay-opacity":"","overlay-gradient":""},"mobile":{"background-color":"var(--ast-global-color-4)","background-image":"","background-repeat":"repeat","background-position":"center center","background-size":"auto","background-attachment":"scroll","background-type":"","background-media":"","overlay-type":"","overlay-color":"","overlay-opacity":"","overlay-gradient":""}},"footnotes":""},"class_list":["post-33","page","type-page","status-publish","has-post-thumbnail","hentry"],"yoast_head":"<!-- This site is optimized with the Yoast SEO plugin v24.9 - https:\/\/yoast.com\/wordpress\/plugins\/seo\/ -->\n<title>Ventanas de Aluminio - coinwindows.com<\/title>\n<meta name=\"description\" content=\"Ventanas de Aluminio Ventanas de aluminio con gran aislamiento, resistencia y m\u00faltiples aperturas. Dise\u00f1o y eficiencia en cada detalle.\" \/>\n<meta name=\"robots\" content=\"index, follow, max-snippet:-1, max-image-preview:large, max-video-preview:-1\" \/>\n<link rel=\"canonical\" href=\"https:\/\/www.coinwindows.com\/en\/fabricante-ventanas-aluminio-costa-del-sol\/\" \/>\n<meta property=\"og:locale\" content=\"de_DE\" \/>\n<meta property=\"og:type\" content=\"article\" \/>\n<meta property=\"og:title\" content=\"Ventanas de Aluminio - coinwindows.com\" \/>\n<meta property=\"og:description\" content=\"Ventanas de Aluminio Ventanas de aluminio con gran aislamiento, resistencia y m\u00faltiples aperturas. Dise\u00f1o y eficiencia en cada detalle.\" \/>\n<meta property=\"og:url\" content=\"https:\/\/www.coinwindows.com\/en\/fabricante-ventanas-aluminio-costa-del-sol\/\" \/>\n<meta property=\"og:site_name\" content=\"coinwindows.com\" \/>\n<meta property=\"article:modified_time\" content=\"2025-04-09T07:55:10+00:00\" \/>\n<meta property=\"og:image\" content=\"https:\/\/www.coinwindows.com\/wp-content\/uploads\/2025\/04\/coinwindows-interior_11.jpg\" \/>\n\t<meta property=\"og:image:width\" content=\"1500\" \/>\n\t<meta property=\"og:image:height\" content=\"1001\" \/>\n\t<meta property=\"og:image:type\" content=\"image\/jpeg\" \/>\n<meta name=\"twitter:card\" content=\"summary_large_image\" \/>\n<meta name=\"twitter:label1\" content=\"Gesch\u00e4tzte Lesezeit\" \/>\n\t<meta name=\"twitter:data1\" content=\"2\u00a0Minuten\" \/>\n<script type=\"application\/ld+json\" class=\"yoast-schema-graph\">{\"@context\":\"https:\/\/schema.org\",\"@graph\":[{\"@type\":\"WebPage\",\"@id\":\"https:\/\/www.coinwindows.com\/en\/fabricante-ventanas-aluminio-costa-del-sol\/\",\"url\":\"https:\/\/www.coinwindows.com\/en\/fabricante-ventanas-aluminio-costa-del-sol\/\",\"name\":\"Ventanas de Aluminio - coinwindows.com\",\"isPartOf\":{\"@id\":\"https:\/\/coinwindows.com\/#website\"},\"primaryImageOfPage\":{\"@id\":\"https:\/\/www.coinwindows.com\/en\/fabricante-ventanas-aluminio-costa-del-sol\/#primaryimage\"},\"image\":{\"@id\":\"https:\/\/www.coinwindows.com\/en\/fabricante-ventanas-aluminio-costa-del-sol\/#primaryimage\"},\"thumbnailUrl\":\"https:\/\/coinwindows.com\/wp-content\/uploads\/2025\/04\/coinwindows-interior_11.jpg\",\"datePublished\":\"2025-04-08T12:56:26+00:00\",\"dateModified\":\"2025-04-09T07:55:10+00:00\",\"description\":\"Ventanas de Aluminio Ventanas de aluminio con gran aislamiento, resistencia y m\u00faltiples aperturas. Dise\u00f1o y eficiencia en cada detalle.\",\"breadcrumb\":{\"@id\":\"https:\/\/www.coinwindows.com\/en\/fabricante-ventanas-aluminio-costa-del-sol\/#breadcrumb\"},\"inLanguage\":\"de\",\"potentialAction\":[{\"@type\":\"ReadAction\",\"target\":[\"https:\/\/www.coinwindows.com\/en\/fabricante-ventanas-aluminio-costa-del-sol\/\"]}]},{\"@type\":\"ImageObject\",\"inLanguage\":\"de\",\"@id\":\"https:\/\/www.coinwindows.com\/en\/fabricante-ventanas-aluminio-costa-del-sol\/#primaryimage\",\"url\":\"https:\/\/coinwindows.com\/wp-content\/uploads\/2025\/04\/coinwindows-interior_11.jpg\",\"contentUrl\":\"https:\/\/coinwindows.com\/wp-content\/uploads\/2025\/04\/coinwindows-interior_11.jpg\",\"width\":1500,\"height\":1001},{\"@type\":\"BreadcrumbList\",\"@id\":\"https:\/\/www.coinwindows.com\/en\/fabricante-ventanas-aluminio-costa-del-sol\/#breadcrumb\",\"itemListElement\":[{\"@type\":\"ListItem\",\"position\":1,\"name\":\"Portada\",\"item\":\"https:\/\/coinwindows.com\/de\/\"},{\"@type\":\"ListItem\",\"position\":2,\"name\":\"Ventanas de Aluminio\"}]},{\"@type\":\"WebSite\",\"@id\":\"https:\/\/coinwindows.com\/#website\",\"url\":\"https:\/\/coinwindows.com\/\",\"name\":\"coinwindows.com\",\"description\":\"\",\"publisher\":{\"@id\":\"https:\/\/coinwindows.com\/#organization\"},\"potentialAction\":[{\"@type\":\"SearchAction\",\"target\":{\"@type\":\"EntryPoint\",\"urlTemplate\":\"https:\/\/coinwindows.com\/?s={search_term_string}\"},\"query-input\":{\"@type\":\"PropertyValueSpecification\",\"valueRequired\":true,\"valueName\":\"search_term_string\"}}],\"inLanguage\":\"de\"},{\"@type\":\"Organization\",\"@id\":\"https:\/\/coinwindows.com\/#organization\",\"name\":\"coinwindows.com\",\"url\":\"https:\/\/coinwindows.com\/\",\"logo\":{\"@type\":\"ImageObject\",\"inLanguage\":\"de\",\"@id\":\"https:\/\/coinwindows.com\/#\/schema\/logo\/image\/\",\"url\":\"https:\/\/coinwindows.com\/wp-content\/uploads\/2025\/04\/Diseno-sin-titulo-2.png\",\"contentUrl\":\"https:\/\/coinwindows.com\/wp-content\/uploads\/2025\/04\/Diseno-sin-titulo-2.png\",\"width\":500,\"height\":500,\"caption\":\"coinwindows.com\"},\"image\":{\"@id\":\"https:\/\/coinwindows.com\/#\/schema\/logo\/image\/\"}}]}<\/script>\n<!-- \/ Yoast SEO plugin. -->","yoast_head_json":{"title":"Ventanas de Aluminio - coinwindows.com","description":"Ventanas de Aluminio Ventanas de aluminio con gran aislamiento, resistencia y m\u00faltiples aperturas. Dise\u00f1o y eficiencia en cada detalle.","robots":{"index":"index","follow":"follow","max-snippet":"max-snippet:-1","max-image-preview":"max-image-preview:large","max-video-preview":"max-video-preview:-1"},"canonical":"https:\/\/www.coinwindows.com\/en\/fabricante-ventanas-aluminio-costa-del-sol\/","og_locale":"de_DE","og_type":"article","og_title":"Ventanas de Aluminio - coinwindows.com","og_description":"Ventanas de Aluminio Ventanas de aluminio con gran aislamiento, resistencia y m\u00faltiples aperturas. Dise\u00f1o y eficiencia en cada detalle.","og_url":"https:\/\/www.coinwindows.com\/en\/fabricante-ventanas-aluminio-costa-del-sol\/","og_site_name":"coinwindows.com","article_modified_time":"2025-04-09T07:55:10+00:00","og_image":[{"width":1500,"height":1001,"url":"https:\/\/www.coinwindows.com\/wp-content\/uploads\/2025\/04\/coinwindows-interior_11.jpg","type":"image\/jpeg"}],"twitter_card":"summary_large_image","twitter_misc":{"Gesch\u00e4tzte Lesezeit":"2\u00a0Minuten"},"schema":{"@context":"https:\/\/schema.org","@graph":[{"@type":"WebPage","@id":"https:\/\/www.coinwindows.com\/en\/fabricante-ventanas-aluminio-costa-del-sol\/","url":"https:\/\/www.coinwindows.com\/en\/fabricante-ventanas-aluminio-costa-del-sol\/","name":"Ventanas de Aluminio - coinwindows.com","isPartOf":{"@id":"https:\/\/coinwindows.com\/#website"},"primaryImageOfPage":{"@id":"https:\/\/www.coinwindows.com\/en\/fabricante-ventanas-aluminio-costa-del-sol\/#primaryimage"},"image":{"@id":"https:\/\/www.coinwindows.com\/en\/fabricante-ventanas-aluminio-costa-del-sol\/#primaryimage"},"thumbnailUrl":"https:\/\/coinwindows.com\/wp-content\/uploads\/2025\/04\/coinwindows-interior_11.jpg","datePublished":"2025-04-08T12:56:26+00:00","dateModified":"2025-04-09T07:55:10+00:00","description":"Ventanas de Aluminio Ventanas de aluminio con gran aislamiento, resistencia y m\u00faltiples aperturas. Dise\u00f1o y eficiencia en cada detalle.","breadcrumb":{"@id":"https:\/\/www.coinwindows.com\/en\/fabricante-ventanas-aluminio-costa-del-sol\/#breadcrumb"},"inLanguage":"de","potentialAction":[{"@type":"ReadAction","target":["https:\/\/www.coinwindows.com\/en\/fabricante-ventanas-aluminio-costa-del-sol\/"]}]},{"@type":"ImageObject","inLanguage":"de","@id":"https:\/\/www.coinwindows.com\/en\/fabricante-ventanas-aluminio-costa-del-sol\/#primaryimage","url":"https:\/\/coinwindows.com\/wp-content\/uploads\/2025\/04\/coinwindows-interior_11.jpg","contentUrl":"https:\/\/coinwindows.com\/wp-content\/uploads\/2025\/04\/coinwindows-interior_11.jpg","width":1500,"height":1001},{"@type":"BreadcrumbList","@id":"https:\/\/www.coinwindows.com\/en\/fabricante-ventanas-aluminio-costa-del-sol\/#breadcrumb","itemListElement":[{"@type":"ListItem","position":1,"name":"Portada","item":"https:\/\/coinwindows.com\/de\/"},{"@type":"ListItem","position":2,"name":"Ventanas de Aluminio"}]},{"@type":"WebSite","@id":"https:\/\/coinwindows.com\/#website","url":"https:\/\/coinwindows.com\/","name":"m\u00fcnzfenster.de","description":"","publisher":{"@id":"https:\/\/coinwindows.com\/#organization"},"potentialAction":[{"@type":"SearchAction","target":{"@type":"EntryPoint","urlTemplate":"https:\/\/coinwindows.com\/?s={search_term_string}"},"query-input":{"@type":"PropertyValueSpecification","valueRequired":true,"valueName":"search_term_string"}}],"inLanguage":"de"},{"@type":"Organization","@id":"https:\/\/coinwindows.com\/#organization","name":"m\u00fcnzfenster.de","url":"https:\/\/coinwindows.com\/","logo":{"@type":"ImageObject","inLanguage":"de","@id":"https:\/\/coinwindows.com\/#\/schema\/logo\/image\/","url":"https:\/\/coinwindows.com\/wp-content\/uploads\/2025\/04\/Diseno-sin-titulo-2.png","contentUrl":"https:\/\/coinwindows.com\/wp-content\/uploads\/2025\/04\/Diseno-sin-titulo-2.png","width":500,"height":500,"caption":"coinwindows.com"},"image":{"@id":"https:\/\/coinwindows.com\/#\/schema\/logo\/image\/"}}]}},"_links":{"self":[{"href":"https:\/\/coinwindows.com\/de\/wp-json\/wp\/v2\/pages\/33","targetHints":{"allow":["GET"]}}],"collection":[{"href":"https:\/\/coinwindows.com\/de\/wp-json\/wp\/v2\/pages"}],"about":[{"href":"https:\/\/coinwindows.com\/de\/wp-json\/wp\/v2\/types\/page"}],"author":[{"embeddable":true,"href":"https:\/\/coinwindows.com\/de\/wp-json\/wp\/v2\/users\/1"}],"replies":[{"embeddable":true,"href":"https:\/\/coinwindows.com\/de\/wp-json\/wp\/v2\/comments?post=33"}],"version-history":[{"count":11,"href":"https:\/\/coinwindows.com\/de\/wp-json\/wp\/v2\/pages\/33\/revisions"}],"predecessor-version":[{"id":296,"href":"https:\/\/coinwindows.com\/de\/wp-json\/wp\/v2\/pages\/33\/revisions\/296"}],"wp:featuredmedia":[{"embeddable":true,"href":"https:\/\/coinwindows.com\/de\/wp-json\/wp\/v2\/media\/196"}],"wp:attachment":[{"href":"https:\/\/coinwindows.com\/de\/wp-json\/wp\/v2\/media?parent=33"}],"curies":[{"name":"wp","href":"https:\/\/api.w.org\/{rel}","templated":true}]}}