{"id":136,"date":"2025-04-08T13:37:16","date_gmt":"2025-04-08T13:37:16","guid":{"rendered":"https:\/\/coinwindows.com\/?page_id=136"},"modified":"2025-04-09T07:55:34","modified_gmt":"2025-04-09T07:55:34","slug":"fabricante-ventanas-pvc-costa-del-sol","status":"publish","type":"page","link":"https:\/\/coinwindows.com\/en\/fabricante-ventanas-pvc-costa-del-sol\/","title":{"rendered":"PVC windows"},"content":{"rendered":"<div data-elementor-type=\"wp-page\" data-elementor-id=\"136\" class=\"elementor elementor-136\" data-elementor-post-type=\"page\">\n\t\t\t\t<div class=\"elementor-element elementor-element-79337ab3 e-flex e-con-boxed e-con e-parent\" data-id=\"79337ab3\" data-element_type=\"container\">\n\t\t\t\t\t<div class=\"e-con-inner\">\n\t\t\t\t<div class=\"elementor-element elementor-element-194f2976 elementor-widget elementor-widget-heading\" data-id=\"194f2976\" data-element_type=\"widget\" data-widget_type=\"heading.default\">\n\t\t\t\t<div class=\"elementor-widget-container\">\n\t\t\t\t\t<h1 class=\"elementor-heading-title elementor-size-default\">Made to measure PVC windows<\/h1>\t\t\t\t<\/div>\n\t\t\t\t<\/div>\n\t\t\t\t<div class=\"elementor-element elementor-element-47d860d6 elementor-widget-divider--view-line elementor-widget elementor-widget-divider\" data-id=\"47d860d6\" data-element_type=\"widget\" data-widget_type=\"divider.default\">\n\t\t\t\t<div class=\"elementor-widget-container\">\n\t\t\t\t\t\t\t<div class=\"elementor-divider\">\n\t\t\t<span class=\"elementor-divider-separator\">\n\t\t\t\t\t\t<\/span>\n\t\t<\/div>\n\t\t\t\t\t\t<\/div>\n\t\t\t\t<\/div>\n\t\t\t\t<div class=\"elementor-element elementor-element-647280b7 elementor-widget__width-initial elementor-widget-tablet__width-initial elementor-widget elementor-widget-heading\" data-id=\"647280b7\" data-element_type=\"widget\" data-widget_type=\"heading.default\">\n\t\t\t\t<div class=\"elementor-widget-container\">\n\t\t\t\t\t<h5 class=\"elementor-heading-title elementor-size-default\">At Co\u00ednWindows we manufacture PVC windows designed to offer maximum thermal and acoustic insulation, ideal for both cold and warm climates.<\/h5>\t\t\t\t<\/div>\n\t\t\t\t<\/div>\n\t\t\t\t\t<\/div>\n\t\t\t\t<\/div>\n\t\t<div class=\"elementor-element elementor-element-7e361ef8 e-flex e-con-boxed e-con e-parent\" data-id=\"7e361ef8\" data-element_type=\"container\" id=\"service1\">\n\t\t\t\t\t<div class=\"e-con-inner\">\n\t\t<div class=\"elementor-element elementor-element-132928fd e-con-full e-flex e-con e-child\" data-id=\"132928fd\" data-element_type=\"container\">\n\t\t\t\t<div class=\"elementor-element elementor-element-62b9e50a elementor-widget elementor-widget-heading\" data-id=\"62b9e50a\" data-element_type=\"widget\" data-widget_type=\"heading.default\">\n\t\t\t\t<div class=\"elementor-widget-container\">\n\t\t\t\t\t<h2 class=\"elementor-heading-title elementor-size-default\">PVC windows<\/h2>\t\t\t\t<\/div>\n\t\t\t\t<\/div>\n\t\t\t\t<div class=\"elementor-element elementor-element-7f0d478e elementor-widget elementor-widget-text-editor\" data-id=\"7f0d478e\" data-element_type=\"widget\" data-widget_type=\"text-editor.default\">\n\t\t\t\t<div class=\"elementor-widget-container\">\n\t\t\t\t\t\t\t\t\t<p class=\"\" data-start=\"0\" data-end=\"382\">At Co\u00ednWindows we manufacture PVC windows designed to offer maximum thermal and acoustic insulation, ideal for both cold and warm climates. Thanks to their excellent sealing properties and weather resistance, our PVC windows represent an efficient, durable and aesthetic solution for homes and commercial premises.<\/p><p class=\"\" data-start=\"384\" data-end=\"798\">Energy Efficiency and Comfort<br data-start=\"415\" data-end=\"418\" \/>Multi-chamber profiles and the use of compression seals ensure an effective barrier to the outside temperature, helping to maintain indoor comfort all year round and reducing energy consumption. We incorporate thermal break systems using 28 mm polyamide bars, improving the efficiency of the enclosure even in large glazed surfaces.<\/p><p class=\"\" data-start=\"800\" data-end=\"1299\">Customised Design and High Durability<br data-start=\"839\" data-end=\"842\" \/>Each PVC window is made to measure, adapting to the specific needs of each project. The sashes can reach up to 3 metres in height or 1.2 metres in width, with the possibility of joining multiple modules together using special fittings, with no limit to the length of the enclosure. Its minimalist design, with straight-line handles and stainless steel and anodised aluminium components, guarantees functionality, resistance and a modern style.<\/p><p class=\"\" data-start=\"1301\" data-end=\"1549\">Versatile Applications<br data-start=\"1324\" data-end=\"1327\" \/>Ideal for winter gardens, large glazed enclosures, commercial premises or areas requiring a visual connection to the outside, our PVC windows provide insulation, security and aesthetic value.<\/p><p class=\"\" data-start=\"1551\" data-end=\"1789\">At Co\u00ednWindows we are your window manufacturer on the Costa del Sol and the Guadalhorce Valley, with a strong presence in Malaga, Marbella and Estepona. We help you transform your spaces with tailor-made, efficient and elegant solutions.<\/p>\t\t\t\t\t\t\t\t<\/div>\n\t\t\t\t<\/div>\n\t\t\t\t<\/div>\n\t\t<div class=\"elementor-element elementor-element-2f14ea25 e-con-full e-flex e-con e-child\" data-id=\"2f14ea25\" data-element_type=\"container\" data-settings=\"{&quot;background_background&quot;:&quot;classic&quot;}\">\n\t\t\t\t<\/div>\n\t\t\t\t\t<\/div>\n\t\t\t\t<\/div>\n\t\t<div class=\"elementor-element elementor-element-7868886 e-flex e-con-boxed e-con e-parent\" data-id=\"7868886\" data-element_type=\"container\">\n\t\t\t\t\t<div class=\"e-con-inner\">\n\t\t\t\t<div class=\"elementor-element elementor-element-40e9be10 elementor-widget elementor-widget-heading\" data-id=\"40e9be10\" data-element_type=\"widget\" data-widget_type=\"heading.default\">\n\t\t\t\t<div class=\"elementor-widget-container\">\n\t\t\t\t\t<h2 class=\"elementor-heading-title elementor-size-default\">Tailor-made windows for safer, brighter and more efficient living<\/h2>\t\t\t\t<\/div>\n\t\t\t\t<\/div>\n\t\t\t\t<div class=\"elementor-element elementor-element-9dc919a elementor-widget__width-initial elementor-widget elementor-widget-text-editor\" data-id=\"9dc919a\" data-element_type=\"widget\" data-widget_type=\"text-editor.default\">\n\t\t\t\t<div class=\"elementor-widget-container\">\n\t\t\t\t\t\t\t\t\t<p>We design and install high quality windows that improve the security, insulation and aesthetics of your home. Talk to our team and discover how to transform your spaces.<\/p>\t\t\t\t\t\t\t\t<\/div>\n\t\t\t\t<\/div>\n\t\t\t\t<div class=\"elementor-element elementor-element-1d354ac1 elementor-align-center elementor-invisible elementor-widget elementor-widget-button\" data-id=\"1d354ac1\" data-element_type=\"widget\" data-settings=\"{&quot;_animation&quot;:&quot;fadeInDown&quot;}\" data-widget_type=\"button.default\">\n\t\t\t\t<div class=\"elementor-widget-container\">\n\t\t\t\t\t\t\t\t\t<div class=\"elementor-button-wrapper\">\n\t\t\t\t\t<a class=\"elementor-button elementor-button-link elementor-size-sm\" href=\"https:\/\/wa.me\/34621206049\">\n\t\t\t\t\t\t<span class=\"elementor-button-content-wrapper\">\n\t\t\t\t\t\t\t\t\t<span class=\"elementor-button-text\">Contact<\/span>\n\t\t\t\t\t<\/span>\n\t\t\t\t\t<\/a>\n\t\t\t\t<\/div>\n\t\t\t\t\t\t\t\t<\/div>\n\t\t\t\t<\/div>\n\t\t\t\t\t<\/div>\n\t\t\t\t<\/div>\n\t\t\t\t<\/div>","protected":false},"excerpt":{"rendered":"<p>Ventanas de PVC a Medida En Co\u00ednWindows fabricamos ventanas de PVC dise\u00f1adas para ofrecer el m\u00e1ximo aislamiento t\u00e9rmico y ac\u00fastico, [&hellip;]<\/p>","protected":false},"author":1,"featured_media":194,"parent":0,"menu_order":0,"comment_status":"closed","ping_status":"closed","template":"elementor_header_footer","meta":{"site-sidebar-layout":"default","site-content-layout":"","ast-site-content-layout":"","site-content-style":"default","site-sidebar-style":"default","ast-global-header-display":"","ast-banner-title-visibility":"","ast-main-header-display":"","ast-hfb-above-header-display":"","ast-hfb-below-header-display":"","ast-hfb-mobile-header-display":"","site-post-title":"","ast-breadcrumbs-content":"","ast-featured-img":"","footer-sml-layout":"","theme-transparent-header-meta":"","adv-header-id-meta":"","stick-header-meta":"","header-above-stick-meta":"","header-main-stick-meta":"","header-below-stick-meta":"","astra-migrate-meta-layouts":"default","ast-page-background-enabled":"default","ast-page-background-meta":{"desktop":{"background-color":"var(--ast-global-color-5)","background-image":"","background-repeat":"repeat","background-position":"center center","background-size":"auto","background-attachment":"scroll","background-type":"","background-media":"","overlay-type":"","overlay-color":"","overlay-opacity":"","overlay-gradient":""},"tablet":{"background-color":"","background-image":"","background-repeat":"repeat","background-position":"center center","background-size":"auto","background-attachment":"scroll","background-type":"","background-media":"","overlay-type":"","overlay-color":"","overlay-opacity":"","overlay-gradient":""},"mobile":{"background-color":"","background-image":"","background-repeat":"repeat","background-position":"center center","background-size":"auto","background-attachment":"scroll","background-type":"","background-media":"","overlay-type":"","overlay-color":"","overlay-opacity":"","overlay-gradient":""}},"ast-content-background-meta":{"desktop":{"background-color":"var(--ast-global-color-4)","background-image":"","background-repeat":"repeat","background-position":"center center","background-size":"auto","background-attachment":"scroll","background-type":"","background-media":"","overlay-type":"","overlay-color":"","overlay-opacity":"","overlay-gradient":""},"tablet":{"background-color":"var(--ast-global-color-4)","background-image":"","background-repeat":"repeat","background-position":"center center","background-size":"auto","background-attachment":"scroll","background-type":"","background-media":"","overlay-type":"","overlay-color":"","overlay-opacity":"","overlay-gradient":""},"mobile":{"background-color":"var(--ast-global-color-4)","background-image":"","background-repeat":"repeat","background-position":"center center","background-size":"auto","background-attachment":"scroll","background-type":"","background-media":"","overlay-type":"","overlay-color":"","overlay-opacity":"","overlay-gradient":""}},"footnotes":""},"class_list":["post-136","page","type-page","status-publish","has-post-thumbnail","hentry"],"yoast_head":"<!-- This site is optimized with the Yoast SEO plugin v24.9 - https:\/\/yoast.com\/wordpress\/plugins\/seo\/ -->\n<title>Ventanas de PVC - coinwindows.com<\/title>\n<meta name=\"description\" content=\"Ventanas de PVC Ventanas de PVC ideales para climas extremos, con alto aislamiento, gran durabilidad y dise\u00f1o a medida.\" \/>\n<meta name=\"robots\" content=\"index, follow, max-snippet:-1, max-image-preview:large, max-video-preview:-1\" \/>\n<link rel=\"canonical\" href=\"https:\/\/coinwindows.com\/en\/fabricante-ventanas-pvc-costa-del-sol\/\" \/>\n<meta property=\"og:locale\" content=\"en_GB\" \/>\n<meta property=\"og:type\" content=\"article\" \/>\n<meta property=\"og:title\" content=\"Ventanas de PVC - coinwindows.com\" \/>\n<meta property=\"og:description\" content=\"Ventanas de PVC Ventanas de PVC ideales para climas extremos, con alto aislamiento, gran durabilidad y dise\u00f1o a medida.\" \/>\n<meta property=\"og:url\" content=\"https:\/\/coinwindows.com\/en\/fabricante-ventanas-pvc-costa-del-sol\/\" \/>\n<meta property=\"og:site_name\" content=\"coinwindows.com\" \/>\n<meta property=\"article:modified_time\" content=\"2025-04-09T07:55:34+00:00\" \/>\n<meta property=\"og:image\" content=\"https:\/\/coinwindows.com\/wp-content\/uploads\/2025\/04\/coinwindows-interior_9.jpg\" \/>\n\t<meta property=\"og:image:width\" content=\"1500\" \/>\n\t<meta property=\"og:image:height\" content=\"1001\" \/>\n\t<meta property=\"og:image:type\" content=\"image\/jpeg\" \/>\n<meta name=\"twitter:card\" content=\"summary_large_image\" \/>\n<meta name=\"twitter:label1\" content=\"Estimated reading time\" \/>\n\t<meta name=\"twitter:data1\" content=\"2 minutes\" \/>\n<script type=\"application\/ld+json\" class=\"yoast-schema-graph\">{\"@context\":\"https:\/\/schema.org\",\"@graph\":[{\"@type\":\"WebPage\",\"@id\":\"https:\/\/coinwindows.com\/de\/fabricante-ventanas-pvc-costa-del-sol\/\",\"url\":\"https:\/\/coinwindows.com\/de\/fabricante-ventanas-pvc-costa-del-sol\/\",\"name\":\"Ventanas de PVC - coinwindows.com\",\"isPartOf\":{\"@id\":\"https:\/\/coinwindows.com\/#website\"},\"primaryImageOfPage\":{\"@id\":\"https:\/\/coinwindows.com\/de\/fabricante-ventanas-pvc-costa-del-sol\/#primaryimage\"},\"image\":{\"@id\":\"https:\/\/coinwindows.com\/de\/fabricante-ventanas-pvc-costa-del-sol\/#primaryimage\"},\"thumbnailUrl\":\"https:\/\/coinwindows.com\/wp-content\/uploads\/2025\/04\/coinwindows-interior_9.jpg\",\"datePublished\":\"2025-04-08T13:37:16+00:00\",\"dateModified\":\"2025-04-09T07:55:34+00:00\",\"description\":\"Ventanas de PVC Ventanas de PVC ideales para climas extremos, con alto aislamiento, gran durabilidad y dise\u00f1o a medida.\",\"breadcrumb\":{\"@id\":\"https:\/\/coinwindows.com\/de\/fabricante-ventanas-pvc-costa-del-sol\/#breadcrumb\"},\"inLanguage\":\"en-GB\",\"potentialAction\":[{\"@type\":\"ReadAction\",\"target\":[\"https:\/\/coinwindows.com\/de\/fabricante-ventanas-pvc-costa-del-sol\/\"]}]},{\"@type\":\"ImageObject\",\"inLanguage\":\"en-GB\",\"@id\":\"https:\/\/coinwindows.com\/de\/fabricante-ventanas-pvc-costa-del-sol\/#primaryimage\",\"url\":\"https:\/\/coinwindows.com\/wp-content\/uploads\/2025\/04\/coinwindows-interior_9.jpg\",\"contentUrl\":\"https:\/\/coinwindows.com\/wp-content\/uploads\/2025\/04\/coinwindows-interior_9.jpg\",\"width\":1500,\"height\":1001,\"caption\":\"coinwindows-interior_9\"},{\"@type\":\"BreadcrumbList\",\"@id\":\"https:\/\/coinwindows.com\/de\/fabricante-ventanas-pvc-costa-del-sol\/#breadcrumb\",\"itemListElement\":[{\"@type\":\"ListItem\",\"position\":1,\"name\":\"Portada\",\"item\":\"https:\/\/coinwindows.com\/de\/\"},{\"@type\":\"ListItem\",\"position\":2,\"name\":\"Ventanas de PVC\"}]},{\"@type\":\"WebSite\",\"@id\":\"https:\/\/coinwindows.com\/#website\",\"url\":\"https:\/\/coinwindows.com\/\",\"name\":\"coinwindows.com\",\"description\":\"\",\"publisher\":{\"@id\":\"https:\/\/coinwindows.com\/#organization\"},\"potentialAction\":[{\"@type\":\"SearchAction\",\"target\":{\"@type\":\"EntryPoint\",\"urlTemplate\":\"https:\/\/coinwindows.com\/?s={search_term_string}\"},\"query-input\":{\"@type\":\"PropertyValueSpecification\",\"valueRequired\":true,\"valueName\":\"search_term_string\"}}],\"inLanguage\":\"en-GB\"},{\"@type\":\"Organization\",\"@id\":\"https:\/\/coinwindows.com\/#organization\",\"name\":\"coinwindows.com\",\"url\":\"https:\/\/coinwindows.com\/\",\"logo\":{\"@type\":\"ImageObject\",\"inLanguage\":\"en-GB\",\"@id\":\"https:\/\/coinwindows.com\/#\/schema\/logo\/image\/\",\"url\":\"https:\/\/coinwindows.com\/wp-content\/uploads\/2025\/04\/Diseno-sin-titulo-2.png\",\"contentUrl\":\"https:\/\/coinwindows.com\/wp-content\/uploads\/2025\/04\/Diseno-sin-titulo-2.png\",\"width\":500,\"height\":500,\"caption\":\"coinwindows.com\"},\"image\":{\"@id\":\"https:\/\/coinwindows.com\/#\/schema\/logo\/image\/\"}}]}<\/script>\n<!-- \/ Yoast SEO plugin. -->","yoast_head_json":{"title":"Ventanas de PVC - coinwindows.com","description":"Ventanas de PVC Ventanas de PVC ideales para climas extremos, con alto aislamiento, gran durabilidad y dise\u00f1o a medida.","robots":{"index":"index","follow":"follow","max-snippet":"max-snippet:-1","max-image-preview":"max-image-preview:large","max-video-preview":"max-video-preview:-1"},"canonical":"https:\/\/coinwindows.com\/en\/fabricante-ventanas-pvc-costa-del-sol\/","og_locale":"en_GB","og_type":"article","og_title":"Ventanas de PVC - coinwindows.com","og_description":"Ventanas de PVC Ventanas de PVC ideales para climas extremos, con alto aislamiento, gran durabilidad y dise\u00f1o a medida.","og_url":"https:\/\/coinwindows.com\/en\/fabricante-ventanas-pvc-costa-del-sol\/","og_site_name":"coinwindows.com","article_modified_time":"2025-04-09T07:55:34+00:00","og_image":[{"width":1500,"height":1001,"url":"https:\/\/coinwindows.com\/wp-content\/uploads\/2025\/04\/coinwindows-interior_9.jpg","type":"image\/jpeg"}],"twitter_card":"summary_large_image","twitter_misc":{"Estimated reading time":"2 minutes"},"schema":{"@context":"https:\/\/schema.org","@graph":[{"@type":"WebPage","@id":"https:\/\/coinwindows.com\/de\/fabricante-ventanas-pvc-costa-del-sol\/","url":"https:\/\/coinwindows.com\/de\/fabricante-ventanas-pvc-costa-del-sol\/","name":"Ventanas de PVC - coinwindows.com","isPartOf":{"@id":"https:\/\/coinwindows.com\/#website"},"primaryImageOfPage":{"@id":"https:\/\/coinwindows.com\/de\/fabricante-ventanas-pvc-costa-del-sol\/#primaryimage"},"image":{"@id":"https:\/\/coinwindows.com\/de\/fabricante-ventanas-pvc-costa-del-sol\/#primaryimage"},"thumbnailUrl":"https:\/\/coinwindows.com\/wp-content\/uploads\/2025\/04\/coinwindows-interior_9.jpg","datePublished":"2025-04-08T13:37:16+00:00","dateModified":"2025-04-09T07:55:34+00:00","description":"Ventanas de PVC Ventanas de PVC ideales para climas extremos, con alto aislamiento, gran durabilidad y dise\u00f1o a medida.","breadcrumb":{"@id":"https:\/\/coinwindows.com\/de\/fabricante-ventanas-pvc-costa-del-sol\/#breadcrumb"},"inLanguage":"en-GB","potentialAction":[{"@type":"ReadAction","target":["https:\/\/coinwindows.com\/de\/fabricante-ventanas-pvc-costa-del-sol\/"]}]},{"@type":"ImageObject","inLanguage":"en-GB","@id":"https:\/\/coinwindows.com\/de\/fabricante-ventanas-pvc-costa-del-sol\/#primaryimage","url":"https:\/\/coinwindows.com\/wp-content\/uploads\/2025\/04\/coinwindows-interior_9.jpg","contentUrl":"https:\/\/coinwindows.com\/wp-content\/uploads\/2025\/04\/coinwindows-interior_9.jpg","width":1500,"height":1001,"caption":"coinwindows-interior_9"},{"@type":"BreadcrumbList","@id":"https:\/\/coinwindows.com\/de\/fabricante-ventanas-pvc-costa-del-sol\/#breadcrumb","itemListElement":[{"@type":"ListItem","position":1,"name":"Portada","item":"https:\/\/coinwindows.com\/de\/"},{"@type":"ListItem","position":2,"name":"Ventanas de PVC"}]},{"@type":"WebSite","@id":"https:\/\/coinwindows.com\/#website","url":"https:\/\/coinwindows.com\/","name":"coinwindows.com","description":"","publisher":{"@id":"https:\/\/coinwindows.com\/#organization"},"potentialAction":[{"@type":"SearchAction","target":{"@type":"EntryPoint","urlTemplate":"https:\/\/coinwindows.com\/?s={search_term_string}"},"query-input":{"@type":"PropertyValueSpecification","valueRequired":true,"valueName":"search_term_string"}}],"inLanguage":"en-GB"},{"@type":"Organization","@id":"https:\/\/coinwindows.com\/#organization","name":"coinwindows.com","url":"https:\/\/coinwindows.com\/","logo":{"@type":"ImageObject","inLanguage":"en-GB","@id":"https:\/\/coinwindows.com\/#\/schema\/logo\/image\/","url":"https:\/\/coinwindows.com\/wp-content\/uploads\/2025\/04\/Diseno-sin-titulo-2.png","contentUrl":"https:\/\/coinwindows.com\/wp-content\/uploads\/2025\/04\/Diseno-sin-titulo-2.png","width":500,"height":500,"caption":"coinwindows.com"},"image":{"@id":"https:\/\/coinwindows.com\/#\/schema\/logo\/image\/"}}]}},"_links":{"self":[{"href":"https:\/\/coinwindows.com\/en\/wp-json\/wp\/v2\/pages\/136","targetHints":{"allow":["GET"]}}],"collection":[{"href":"https:\/\/coinwindows.com\/en\/wp-json\/wp\/v2\/pages"}],"about":[{"href":"https:\/\/coinwindows.com\/en\/wp-json\/wp\/v2\/types\/page"}],"author":[{"embeddable":true,"href":"https:\/\/coinwindows.com\/en\/wp-json\/wp\/v2\/users\/1"}],"replies":[{"embeddable":true,"href":"https:\/\/coinwindows.com\/en\/wp-json\/wp\/v2\/comments?post=136"}],"version-history":[{"count":7,"href":"https:\/\/coinwindows.com\/en\/wp-json\/wp\/v2\/pages\/136\/revisions"}],"predecessor-version":[{"id":299,"href":"https:\/\/coinwindows.com\/en\/wp-json\/wp\/v2\/pages\/136\/revisions\/299"}],"wp:featuredmedia":[{"embeddable":true,"href":"https:\/\/coinwindows.com\/en\/wp-json\/wp\/v2\/media\/194"}],"wp:attachment":[{"href":"https:\/\/coinwindows.com\/en\/wp-json\/wp\/v2\/media?parent=136"}],"curies":[{"name":"wp","href":"https:\/\/api.w.org\/{rel}","templated":true}]}}