{"id":304,"date":"2025-04-21T07:57:39","date_gmt":"2025-04-21T07:57:39","guid":{"rendered":"https:\/\/coinwindows.com\/politica-de-privacidad\/"},"modified":"2025-04-21T08:00:59","modified_gmt":"2025-04-21T08:00:59","slug":"politica-de-privacidad","status":"publish","type":"page","link":"https:\/\/coinwindows.com\/en\/politica-de-privacidad\/","title":{"rendered":"Privacy Policy"},"content":{"rendered":"<p>Coin Windows Privacy and Data Protection Policy<\/p>\n<p>1. Data controller<br \/>\nYour data will be processed by Coin Windows 2017 S.L. CIF B-93543635, with tax identification number<br \/>\nB-93543635 and address at C\/ Arqu\u00edmedes, Local 1, Coin, 29100. You can contact us via email at info@coinwindows.com<\/p>\n<p>2. Purpose of processing and legitimacy<br \/>\nCoin Windows 2017 S.L CIF B-93543635 will use your data for legitimate purposes, such as:<\/p>\n<p>Communications with partners and customers.<br \/>\n3. To whom will we provide your data?<br \/>\nYour data may be transferred or communicated to entities or administrations to which we are legally obliged to do so, as well as to those to which you have expressly authorised us to do so.<\/p>\n<p>4. Period of conservation of your data<br \/>\nWe will keep your data for the duration of our contractual and\/or commercial relationship. In any case, we will proceed to delete them when you request their deletion, under the terms provided by law.<\/p>\n<p>5. Your rights<br \/>\nYou can exercise any of the following rights by sending a written request together with a photocopy of your ID card\/passport to the following email address [email protected].<\/p>\n<p>Information: You can ask us to inform you if we process your personal data.<br \/>\nAccess: You can request information about the personal data included in our files and the purposes for which they were collected.<br \/>\nRectification: You can ask us to amend your personal data where it is inaccurate or to complete incomplete data.<br \/>\nDeletion: You may request deletion of your personal data when, among other reasons, you withdraw your consent and the data are no longer necessary for the purposes for which they were collected.<br \/>\nOpposition: You can request that your personal data not be processed.<br \/>\nRight of Limitation: You may request the limitation of the processing of your data if any of the following conditions are met:<br \/>\nThe data subject contests the accuracy of the personal data while the accuracy of the data is being checked.<br \/>\nThe processing is unlawful and the data subject objects to the erasure of the personal data and requests instead the restriction of their use.<br \/>\nThe controller no longer needs the personal data for the purposes of processing, but the data subject needs them for the purpose of making, exercising or defending claims.<br \/>\nThe data subject has objected to the processing while it is being verified whether the legitimate grounds of the controller outweigh those of the data subject.<br \/>\nRight of portability: You can receive the data you have provided to us in a structured, commonly used and machine-readable format. You may also request that we transfer it to another data controller.<br \/>\n6. Minors and incapacitated persons<br \/>\nIn the case of persons under 14 years of age or incapacitated persons, consent to the processing of personal data must be given by the parent or guardian of the minor or incapacitated person.<\/p>\n<p>7. Security measures<br \/>\n[name] undertakes to implement the necessary technical and organisational measures to guarantee the security of your data and prevent its alteration, loss or unauthorised processing.<\/p>\n<p>8. Cookie policy<br \/>\n[name] uses cookies that are stored on your device. Cookies do not provide any personal information about you. When you browse our website, our server automatically recognises the IP address of your device and the duration of your visit.<\/p>\n<p>You can set your browser to notify you when you receive a cookie or to prevent cookies from being set. However, some features of our website may not be available if you disable cookies.<\/p>","protected":false},"excerpt":{"rendered":"<p>Pol\u00edtica de Privacidad y Protecci\u00f3n de Datos deCoin Windows 1. Responsable del tratamiento Tus datos ser\u00e1n tratados por Coin Windows [&hellip;]<\/p>","protected":false},"author":1,"featured_media":0,"parent":0,"menu_order":0,"comment_status":"closed","ping_status":"closed","template":"","meta":{"site-sidebar-layout":"default","site-content-layout":"","ast-site-content-layout":"","site-content-style":"default","site-sidebar-style":"default","ast-global-header-display":"","ast-banner-title-visibility":"","ast-main-header-display":"","ast-hfb-above-header-display":"","ast-hfb-below-header-display":"","ast-hfb-mobile-header-display":"","site-post-title":"","ast-breadcrumbs-content":"","ast-featured-img":"","footer-sml-layout":"","theme-transparent-header-meta":"","adv-header-id-meta":"","stick-header-meta":"","header-above-stick-meta":"","header-main-stick-meta":"","header-below-stick-meta":"","astra-migrate-meta-layouts":"default","ast-page-background-enabled":"default","ast-page-background-meta":{"desktop":{"background-color":"var(--ast-global-color-5)","background-image":"","background-repeat":"repeat","background-position":"center center","background-size":"auto","background-attachment":"scroll","background-type":"","background-media":"","overlay-type":"","overlay-color":"","overlay-opacity":"","overlay-gradient":""},"tablet":{"background-color":"","background-image":"","background-repeat":"repeat","background-position":"center center","background-size":"auto","background-attachment":"scroll","background-type":"","background-media":"","overlay-type":"","overlay-color":"","overlay-opacity":"","overlay-gradient":""},"mobile":{"background-color":"","background-image":"","background-repeat":"repeat","background-position":"center center","background-size":"auto","background-attachment":"scroll","background-type":"","background-media":"","overlay-type":"","overlay-color":"","overlay-opacity":"","overlay-gradient":""}},"ast-content-background-meta":{"desktop":{"background-color":"var(--ast-global-color-4)","background-image":"","background-repeat":"repeat","background-position":"center center","background-size":"auto","background-attachment":"scroll","background-type":"","background-media":"","overlay-type":"","overlay-color":"","overlay-opacity":"","overlay-gradient":""},"tablet":{"background-color":"var(--ast-global-color-4)","background-image":"","background-repeat":"repeat","background-position":"center center","background-size":"auto","background-attachment":"scroll","background-type":"","background-media":"","overlay-type":"","overlay-color":"","overlay-opacity":"","overlay-gradient":""},"mobile":{"background-color":"var(--ast-global-color-4)","background-image":"","background-repeat":"repeat","background-position":"center center","background-size":"auto","background-attachment":"scroll","background-type":"","background-media":"","overlay-type":"","overlay-color":"","overlay-opacity":"","overlay-gradient":""}},"footnotes":""},"class_list":["post-304","page","type-page","status-publish","hentry"],"yoast_head":"<!-- This site is optimized with the Yoast SEO plugin v24.9 - https:\/\/yoast.com\/wordpress\/plugins\/seo\/ -->\n<title>Pol\u00edtica de Privacidad - coinwindows.com<\/title>\n<meta name=\"robots\" content=\"index, follow, max-snippet:-1, max-image-preview:large, max-video-preview:-1\" \/>\n<link rel=\"canonical\" href=\"https:\/\/www.coinwindows.com\/politica-de-privacidad\/\" \/>\n<meta property=\"og:locale\" content=\"en_GB\" \/>\n<meta property=\"og:type\" content=\"article\" \/>\n<meta property=\"og:title\" content=\"Pol\u00edtica de Privacidad - coinwindows.com\" \/>\n<meta property=\"og:description\" content=\"Pol\u00edtica de Privacidad y Protecci\u00f3n de Datos deCoin Windows 1. Responsable del tratamiento Tus datos ser\u00e1n tratados por Coin Windows [&hellip;]\" \/>\n<meta property=\"og:url\" content=\"https:\/\/www.coinwindows.com\/politica-de-privacidad\/\" \/>\n<meta property=\"og:site_name\" content=\"coinwindows.com\" \/>\n<meta property=\"article:modified_time\" content=\"2025-04-21T08:00:59+00:00\" \/>\n<meta name=\"twitter:card\" content=\"summary_large_image\" \/>\n<meta name=\"twitter:label1\" content=\"Estimated reading time\" \/>\n\t<meta name=\"twitter:data1\" content=\"3 minutes\" \/>\n<script type=\"application\/ld+json\" class=\"yoast-schema-graph\">{\"@context\":\"https:\/\/schema.org\",\"@graph\":[{\"@type\":\"WebPage\",\"@id\":\"https:\/\/www.coinwindows.com\/politica-de-privacidad\/\",\"url\":\"https:\/\/www.coinwindows.com\/politica-de-privacidad\/\",\"name\":\"Pol\u00edtica de Privacidad - coinwindows.com\",\"isPartOf\":{\"@id\":\"https:\/\/coinwindows.com\/#website\"},\"datePublished\":\"2025-04-21T07:57:39+00:00\",\"dateModified\":\"2025-04-21T08:00:59+00:00\",\"breadcrumb\":{\"@id\":\"https:\/\/www.coinwindows.com\/politica-de-privacidad\/#breadcrumb\"},\"inLanguage\":\"en-GB\",\"potentialAction\":[{\"@type\":\"ReadAction\",\"target\":[\"https:\/\/www.coinwindows.com\/politica-de-privacidad\/\"]}]},{\"@type\":\"BreadcrumbList\",\"@id\":\"https:\/\/www.coinwindows.com\/politica-de-privacidad\/#breadcrumb\",\"itemListElement\":[{\"@type\":\"ListItem\",\"position\":1,\"name\":\"Portada\",\"item\":\"https:\/\/coinwindows.com\/de\/\"},{\"@type\":\"ListItem\",\"position\":2,\"name\":\"Pol\u00edtica de Privacidad\"}]},{\"@type\":\"WebSite\",\"@id\":\"https:\/\/coinwindows.com\/#website\",\"url\":\"https:\/\/coinwindows.com\/\",\"name\":\"coinwindows.com\",\"description\":\"\",\"publisher\":{\"@id\":\"https:\/\/coinwindows.com\/#organization\"},\"potentialAction\":[{\"@type\":\"SearchAction\",\"target\":{\"@type\":\"EntryPoint\",\"urlTemplate\":\"https:\/\/coinwindows.com\/?s={search_term_string}\"},\"query-input\":{\"@type\":\"PropertyValueSpecification\",\"valueRequired\":true,\"valueName\":\"search_term_string\"}}],\"inLanguage\":\"en-GB\"},{\"@type\":\"Organization\",\"@id\":\"https:\/\/coinwindows.com\/#organization\",\"name\":\"coinwindows.com\",\"url\":\"https:\/\/coinwindows.com\/\",\"logo\":{\"@type\":\"ImageObject\",\"inLanguage\":\"en-GB\",\"@id\":\"https:\/\/coinwindows.com\/#\/schema\/logo\/image\/\",\"url\":\"https:\/\/coinwindows.com\/wp-content\/uploads\/2025\/04\/Diseno-sin-titulo-2.png\",\"contentUrl\":\"https:\/\/coinwindows.com\/wp-content\/uploads\/2025\/04\/Diseno-sin-titulo-2.png\",\"width\":500,\"height\":500,\"caption\":\"coinwindows.com\"},\"image\":{\"@id\":\"https:\/\/coinwindows.com\/#\/schema\/logo\/image\/\"}}]}<\/script>\n<!-- \/ Yoast SEO plugin. -->","yoast_head_json":{"title":"Pol\u00edtica de Privacidad - coinwindows.com","robots":{"index":"index","follow":"follow","max-snippet":"max-snippet:-1","max-image-preview":"max-image-preview:large","max-video-preview":"max-video-preview:-1"},"canonical":"https:\/\/www.coinwindows.com\/politica-de-privacidad\/","og_locale":"en_GB","og_type":"article","og_title":"Pol\u00edtica de Privacidad - coinwindows.com","og_description":"Pol\u00edtica de Privacidad y Protecci\u00f3n de Datos deCoin Windows 1. Responsable del tratamiento Tus datos ser\u00e1n tratados por Coin Windows [&hellip;]","og_url":"https:\/\/www.coinwindows.com\/politica-de-privacidad\/","og_site_name":"coinwindows.com","article_modified_time":"2025-04-21T08:00:59+00:00","twitter_card":"summary_large_image","twitter_misc":{"Estimated reading time":"3 minutes"},"schema":{"@context":"https:\/\/schema.org","@graph":[{"@type":"WebPage","@id":"https:\/\/www.coinwindows.com\/politica-de-privacidad\/","url":"https:\/\/www.coinwindows.com\/politica-de-privacidad\/","name":"Pol\u00edtica de Privacidad - coinwindows.com","isPartOf":{"@id":"https:\/\/coinwindows.com\/#website"},"datePublished":"2025-04-21T07:57:39+00:00","dateModified":"2025-04-21T08:00:59+00:00","breadcrumb":{"@id":"https:\/\/www.coinwindows.com\/politica-de-privacidad\/#breadcrumb"},"inLanguage":"en-GB","potentialAction":[{"@type":"ReadAction","target":["https:\/\/www.coinwindows.com\/politica-de-privacidad\/"]}]},{"@type":"BreadcrumbList","@id":"https:\/\/www.coinwindows.com\/politica-de-privacidad\/#breadcrumb","itemListElement":[{"@type":"ListItem","position":1,"name":"Portada","item":"https:\/\/coinwindows.com\/de\/"},{"@type":"ListItem","position":2,"name":"Pol\u00edtica de Privacidad"}]},{"@type":"WebSite","@id":"https:\/\/coinwindows.com\/#website","url":"https:\/\/coinwindows.com\/","name":"coinwindows.com","description":"","publisher":{"@id":"https:\/\/coinwindows.com\/#organization"},"potentialAction":[{"@type":"SearchAction","target":{"@type":"EntryPoint","urlTemplate":"https:\/\/coinwindows.com\/?s={search_term_string}"},"query-input":{"@type":"PropertyValueSpecification","valueRequired":true,"valueName":"search_term_string"}}],"inLanguage":"en-GB"},{"@type":"Organization","@id":"https:\/\/coinwindows.com\/#organization","name":"coinwindows.com","url":"https:\/\/coinwindows.com\/","logo":{"@type":"ImageObject","inLanguage":"en-GB","@id":"https:\/\/coinwindows.com\/#\/schema\/logo\/image\/","url":"https:\/\/coinwindows.com\/wp-content\/uploads\/2025\/04\/Diseno-sin-titulo-2.png","contentUrl":"https:\/\/coinwindows.com\/wp-content\/uploads\/2025\/04\/Diseno-sin-titulo-2.png","width":500,"height":500,"caption":"coinwindows.com"},"image":{"@id":"https:\/\/coinwindows.com\/#\/schema\/logo\/image\/"}}]}},"_links":{"self":[{"href":"https:\/\/coinwindows.com\/en\/wp-json\/wp\/v2\/pages\/304","targetHints":{"allow":["GET"]}}],"collection":[{"href":"https:\/\/coinwindows.com\/en\/wp-json\/wp\/v2\/pages"}],"about":[{"href":"https:\/\/coinwindows.com\/en\/wp-json\/wp\/v2\/types\/page"}],"author":[{"embeddable":true,"href":"https:\/\/coinwindows.com\/en\/wp-json\/wp\/v2\/users\/1"}],"replies":[{"embeddable":true,"href":"https:\/\/coinwindows.com\/en\/wp-json\/wp\/v2\/comments?post=304"}],"version-history":[{"count":1,"href":"https:\/\/coinwindows.com\/en\/wp-json\/wp\/v2\/pages\/304\/revisions"}],"predecessor-version":[{"id":314,"href":"https:\/\/coinwindows.com\/en\/wp-json\/wp\/v2\/pages\/304\/revisions\/314"}],"wp:attachment":[{"href":"https:\/\/coinwindows.com\/en\/wp-json\/wp\/v2\/media?parent=304"}],"curies":[{"name":"wp","href":"https:\/\/api.w.org\/{rel}","templated":true}]}}